{"id":6278,"date":"2025-06-28T17:46:36","date_gmt":"2025-06-28T15:46:36","guid":{"rendered":"https:\/\/uj.adatbank.ro\/lexikon\/termek\/csipkes-arpad-aranyosrakosi\/"},"modified":"2025-06-28T17:46:36","modified_gmt":"2025-06-28T15:46:36","slug":"csipkes-arpad-aranyosrakosi","status":"publish","type":"product","link":"https:\/\/uj.adatbank.ro\/lexikon\/termek\/csipkes-arpad-aranyosrakosi\/","title":{"rendered":"CSIPK\u00c9S \u00c1rp\u00e1d, aranyosr\u00e1kosi"},"content":{"rendered":"<p>Verespatak, 1859. szept. 6., \u2020 Mv., 1927. aug. 6. Kisadorj\u00e1n, csal\u00e1di s\u00edrkert: jog\u00e1sz, \u00fcgyv\u00e9d, sakkoz\u00f3. \u2013 Feles\u00e9ge: Bakai Ilona. Fia: Zolt\u00e1n, nevelt fia: Ga\u00e1l Istv\u00e1n. \u2013 A jogot Kv.-on a FJTE-en v\u00e9gezte, \u00e1llamtud. (1885), jogtud. doktori okl-t szerzett (1887). Mv.-en joggyakornok (1887), a ny\u00e1r\u00e1dszeredai j\u00e1r\u00e1sb\u00edr\u00f3s\u00e1g aljejgyz\u0151je (1887\u201390), a mv.-i j\u00e1r\u00e1sb\u00edr\u00f3s\u00e1g alb\u00edr\u00f3ja (1891\u201393), az \u00edt\u00e9l\u0151t\u00e1bla tan\u00e1csjegyz\u0151je (1894), a cs\u00edkszeredai t\u00f6rv\u00e9nysz\u00e9k b\u00edr\u00f3ja (1895\u20131907). A mv.-i t\u00f6rv\u00e9nysz\u00e9k (1908\u201310), a mv.-i \u00edt\u00e9l\u0151t\u00e1bla b\u00edr\u00f3ja (1911\u201319), Mv.-en \u00e9s Ny\u00e1r\u00e1dszered\u00e1n \u00fcgyv\u00e9d (1919\u201327). Unit. egyh\u00e1z tan\u00e1csosa. Sakkfeladv\u00e1nyszerz\u0151 (1877\u2013). A Mv.-i Sakk\u00f6r els\u0151 eln\u00f6ke (1911\u201322), tb. eln\u00f6ke (1922\u201327); a M. Sakksz\u00f6vets\u00e9g igazgat\u00f3i tan\u00e1csosa (1911). A Bp.-i Sakk Szemle nagy levelez\u00e9si verseny\u00e9n 5. helyet nyert (1893\u201397), a klubbversenyeken I. d\u00edjat nyert. A Mv.-i Kaszin\u00f3 tagja. Jogi cikkei a Jog., M. Jog\u00e1sz \u00dajs\u00e1g-ban, sakkfeladv\u00e1ny b\u00edr\u00e1latai bel- \u00e9s k\u00fclf\u00f6ldi sakklapokban jelentek meg. <br \/><strong>Irod.:<\/strong> Almanah Tg. M.; Bi\u00e1s Istv\u00e1n; Guly\u00e1s; Gy\u00e1szjelent.; R\u00daL<\/br><\/p>\n","protected":false},"excerpt":{"rendered":"<p>Verespatak, 1859. szept. 6., \u2020 Mv., 1927. aug. 6. Kisadorj\u00e1n, csal\u00e1di s\u00edrkert: jog\u00e1sz, \u00fcgyv\u00e9d, sakkoz\u00f3. \u2013 Feles\u00e9ge: Bakai Ilona. Fia: Zolt\u00e1n, nevelt fia: Ga\u00e1l Istv\u00e1n. \u2013 A jogot Kv.-on a FJTE-en v\u00e9gezte, \u00e1llamtud. (1885), jogtud. doktori okl-t szerzett (1887). Mv.-en joggyakornok (1887), a ny\u00e1r\u00e1dszeredai j\u00e1r\u00e1sb\u00edr\u00f3s\u00e1g aljejgyz\u0151je (1887\u201390), a mv.-i j\u00e1r\u00e1sb\u00edr\u00f3s\u00e1g alb\u00edr\u00f3ja (1891\u201393), az \u00edt\u00e9l\u0151t\u00e1bla tan\u00e1csjegyz\u0151je [&hellip;]<\/p>\n","protected":false},"featured_media":0,"comment_status":"open","ping_status":"closed","template":"","meta":[],"product_brand":[],"product_cat":[137],"product_tag":[],"class_list":{"0":"post-6278","1":"product","2":"type-product","3":"status-publish","5":"product_cat-maros-megyei-eletrajzi-lexikon","7":"first","8":"instock","9":"shipping-taxable","10":"product-type-simple"},"_links":{"self":[{"href":"https:\/\/uj.adatbank.ro\/lexikon\/wp-json\/wp\/v2\/product\/6278","targetHints":{"allow":["GET"]}}],"collection":[{"href":"https:\/\/uj.adatbank.ro\/lexikon\/wp-json\/wp\/v2\/product"}],"about":[{"href":"https:\/\/uj.adatbank.ro\/lexikon\/wp-json\/wp\/v2\/types\/product"}],"replies":[{"embeddable":true,"href":"https:\/\/uj.adatbank.ro\/lexikon\/wp-json\/wp\/v2\/comments?post=6278"}],"wp:attachment":[{"href":"https:\/\/uj.adatbank.ro\/lexikon\/wp-json\/wp\/v2\/media?parent=6278"}],"wp:term":[{"taxonomy":"product_brand","embeddable":true,"href":"https:\/\/uj.adatbank.ro\/lexikon\/wp-json\/wp\/v2\/product_brand?post=6278"},{"taxonomy":"product_cat","embeddable":true,"href":"https:\/\/uj.adatbank.ro\/lexikon\/wp-json\/wp\/v2\/product_cat?post=6278"},{"taxonomy":"product_tag","embeddable":true,"href":"https:\/\/uj.adatbank.ro\/lexikon\/wp-json\/wp\/v2\/product_tag?post=6278"}],"curies":[{"name":"wp","href":"https:\/\/api.w.org\/{rel}","templated":true}]}}