{"id":6279,"date":"2025-06-28T17:46:37","date_gmt":"2025-06-28T15:46:37","guid":{"rendered":"https:\/\/uj.adatbank.ro\/lexikon\/termek\/csipkes-boldizsar-aranyosrakosi\/"},"modified":"2025-06-28T17:46:37","modified_gmt":"2025-06-28T15:46:37","slug":"csipkes-boldizsar-aranyosrakosi","status":"publish","type":"product","link":"https:\/\/uj.adatbank.ro\/lexikon\/termek\/csipkes-boldizsar-aranyosrakosi\/","title":{"rendered":"CSIPK\u00c9S Boldizs\u00e1r, aranyosr\u00e1kosi"},"content":{"rendered":"<p>1778., \u2020 Mv., 1830. okt. 27.: \u00fcgyv\u00e9d. \u2013 Feles\u00e9ge: Filep Julianna (1787\u20131850). Fi\u00fak: S\u00e1ndor. \u2013 K\u00f6z\u00fcgyi aligazgat\u00f3. Emeletes h\u00e1zuk volt Tord\u00e1n. Nagy L\u00e1szl\u00f3 nev\u0171 polg\u00e1r f\u00e9lt\u00e9kenys\u00e9gb\u0151l lel\u0151tte. A mv.- i lev\u00e9lt\u00e1rban, a ferencrendiek h\u00e1zkr\u00f3nik\u00e1j\u00e1ban a Historia Domus Patrum Franciscanorum-ban is be van jegyezve a tragikus eset. <br \/><strong>Irod.:<\/strong> Benk\u0151 K.: Mv.; Csekme; Filep; Filep 2.; Id\u0151t\u00e1r 1; Kr\u00f3n. F\u00fcz. (1939. 4\/5); P\u00e1lmay J\u00f3zsef<\/br><\/p>\n","protected":false},"excerpt":{"rendered":"<p>1778., \u2020 Mv., 1830. okt. 27.: \u00fcgyv\u00e9d. \u2013 Feles\u00e9ge: Filep Julianna (1787\u20131850). Fi\u00fak: S\u00e1ndor. \u2013 K\u00f6z\u00fcgyi aligazgat\u00f3. Emeletes h\u00e1zuk volt Tord\u00e1n. Nagy L\u00e1szl\u00f3 nev\u0171 polg\u00e1r f\u00e9lt\u00e9kenys\u00e9gb\u0151l lel\u0151tte. A mv.- i lev\u00e9lt\u00e1rban, a ferencrendiek h\u00e1zkr\u00f3nik\u00e1j\u00e1ban a Historia Domus Patrum Franciscanorum-ban is be van jegyezve a tragikus eset. Irod.: Benk\u0151 K.: Mv.; Csekme; Filep; Filep 2.; Id\u0151t\u00e1r [&hellip;]<\/p>\n","protected":false},"featured_media":0,"comment_status":"open","ping_status":"closed","template":"","meta":[],"product_brand":[],"product_cat":[137],"product_tag":[],"class_list":{"0":"post-6279","1":"product","2":"type-product","3":"status-publish","5":"product_cat-maros-megyei-eletrajzi-lexikon","7":"first","8":"instock","9":"shipping-taxable","10":"product-type-simple"},"_links":{"self":[{"href":"https:\/\/uj.adatbank.ro\/lexikon\/wp-json\/wp\/v2\/product\/6279","targetHints":{"allow":["GET"]}}],"collection":[{"href":"https:\/\/uj.adatbank.ro\/lexikon\/wp-json\/wp\/v2\/product"}],"about":[{"href":"https:\/\/uj.adatbank.ro\/lexikon\/wp-json\/wp\/v2\/types\/product"}],"replies":[{"embeddable":true,"href":"https:\/\/uj.adatbank.ro\/lexikon\/wp-json\/wp\/v2\/comments?post=6279"}],"wp:attachment":[{"href":"https:\/\/uj.adatbank.ro\/lexikon\/wp-json\/wp\/v2\/media?parent=6279"}],"wp:term":[{"taxonomy":"product_brand","embeddable":true,"href":"https:\/\/uj.adatbank.ro\/lexikon\/wp-json\/wp\/v2\/product_brand?post=6279"},{"taxonomy":"product_cat","embeddable":true,"href":"https:\/\/uj.adatbank.ro\/lexikon\/wp-json\/wp\/v2\/product_cat?post=6279"},{"taxonomy":"product_tag","embeddable":true,"href":"https:\/\/uj.adatbank.ro\/lexikon\/wp-json\/wp\/v2\/product_tag?post=6279"}],"curies":[{"name":"wp","href":"https:\/\/api.w.org\/{rel}","templated":true}]}}