{"id":6280,"date":"2025-06-28T17:46:38","date_gmt":"2025-06-28T15:46:38","guid":{"rendered":"https:\/\/uj.adatbank.ro\/lexikon\/termek\/csipkes-karoly-aranyosrakosi\/"},"modified":"2025-06-28T17:46:38","modified_gmt":"2025-06-28T15:46:38","slug":"csipkes-karoly-aranyosrakosi","status":"publish","type":"product","link":"https:\/\/uj.adatbank.ro\/lexikon\/termek\/csipkes-karoly-aranyosrakosi\/","title":{"rendered":"CSIPK\u00c9S K\u00e1roly, aranyosr\u00e1kosi"},"content":{"rendered":"<p>1815.?, \u2020 Mv., 1884. jan. 9.: p\u00e9nzt\u00e1rnok. \u2013 Feles\u00e9ge: Csiki Anna. Gyermekeik: M\u00e1ria \u00e9s K\u00e1roly. \u2013 M. Kir. P\u00e9nz\u00fcgyi titk\u00e1r. <br \/><strong>Irod.:<\/strong> Gy\u00e1szjelent\u0151<\/br><\/p>\n","protected":false},"excerpt":{"rendered":"<p>1815.?, \u2020 Mv., 1884. jan. 9.: p\u00e9nzt\u00e1rnok. \u2013 Feles\u00e9ge: Csiki Anna. Gyermekeik: M\u00e1ria \u00e9s K\u00e1roly. \u2013 M. Kir. P\u00e9nz\u00fcgyi titk\u00e1r. Irod.: Gy\u00e1szjelent\u0151<\/p>\n","protected":false},"featured_media":0,"comment_status":"open","ping_status":"closed","template":"","meta":[],"product_brand":[],"product_cat":[137],"product_tag":[],"class_list":{"0":"post-6280","1":"product","2":"type-product","3":"status-publish","5":"product_cat-maros-megyei-eletrajzi-lexikon","7":"first","8":"instock","9":"shipping-taxable","10":"product-type-simple"},"_links":{"self":[{"href":"https:\/\/uj.adatbank.ro\/lexikon\/wp-json\/wp\/v2\/product\/6280","targetHints":{"allow":["GET"]}}],"collection":[{"href":"https:\/\/uj.adatbank.ro\/lexikon\/wp-json\/wp\/v2\/product"}],"about":[{"href":"https:\/\/uj.adatbank.ro\/lexikon\/wp-json\/wp\/v2\/types\/product"}],"replies":[{"embeddable":true,"href":"https:\/\/uj.adatbank.ro\/lexikon\/wp-json\/wp\/v2\/comments?post=6280"}],"wp:attachment":[{"href":"https:\/\/uj.adatbank.ro\/lexikon\/wp-json\/wp\/v2\/media?parent=6280"}],"wp:term":[{"taxonomy":"product_brand","embeddable":true,"href":"https:\/\/uj.adatbank.ro\/lexikon\/wp-json\/wp\/v2\/product_brand?post=6280"},{"taxonomy":"product_cat","embeddable":true,"href":"https:\/\/uj.adatbank.ro\/lexikon\/wp-json\/wp\/v2\/product_cat?post=6280"},{"taxonomy":"product_tag","embeddable":true,"href":"https:\/\/uj.adatbank.ro\/lexikon\/wp-json\/wp\/v2\/product_tag?post=6280"}],"curies":[{"name":"wp","href":"https:\/\/api.w.org\/{rel}","templated":true}]}}