{"id":6282,"date":"2025-06-28T17:46:41","date_gmt":"2025-06-28T15:46:41","guid":{"rendered":"https:\/\/uj.adatbank.ro\/lexikon\/termek\/csipkes-sandor\/"},"modified":"2025-06-28T17:46:41","modified_gmt":"2025-06-28T15:46:41","slug":"csipkes-sandor","status":"publish","type":"product","link":"https:\/\/uj.adatbank.ro\/lexikon\/termek\/csipkes-sandor\/","title":{"rendered":"CSIPK\u00c9S S\u00e1ndor"},"content":{"rendered":"<p>? \u2020\u00a01852.: orvos-fizikus; marossz\u00e9ki k\u00e9pvisel\u0151. \u2013 Cs. Boldizs\u00e1r \u00e9s Filep Julianna fia. Tordai sz\u00e1rmaz\u00e1s\u00fa, a kv.-i Orvos-seb\u00e9szeti Int\u00e9zetbe Piuariu Molnar tan\u00edtv\u00e1nya volt (1788\u201399). B\u00e9csben k\u00e9pezte tov\u00e1bb mag\u00e1t (1806). Doboka vm. fizikusa (1832). Kinevezt\u00e9k Mv.-re Erd\u00e9ly Orsz\u00e1gos Szem\u00e9sz\u00e9v\u00e9 (1833\u201337.), akt\u00edvit\u00e1s\u00e1t megkezdte (1833. m\u00e1rc. 21. \u201337) \u00e9s 4 \u00e9vig tart\u00f3zkodott \u00e1lland\u00f3 jelleggel a v\u00e1rosban. Szebenben folytatta tev\u00e9kenys\u00e9g\u00e9t. M\u00e9g visszat\u00e9rt t\u00f6bb alkalommal Mv.-re (1839, 1847). <br \/><strong>Irod.:<\/strong> Erd\u00e9lyi Nagyfejedelems\u00e9g sz. k. Kv. v\u00e1ros\u00e1ba 1848. m\u00e1j. 29. k\u00f6z\u00f6ns\u00e9ges gy\u0171l\u00e9sre \u00f6sszeh\u00edvott tek. nemesi rendek n\u00e9vsora (Kv., 1848); Filep 2.; Fodor Ferenc 2000; L\u00e1z\u00e1r Sz\u00edni Karolina: Adal\u00e9k az \u201eorsz\u00e1gos szemorvosok\u201d m\u0171k\u00f6d\u00e9s\u00e9hez Erd\u00e9lyben (1821\u20131854) = Spielmann J\u00f3zsef orvost\u00f6rt\u00e9n\u00e9sz eml\u00e9kk\u00f6nyve<\/br><\/p>\n","protected":false},"excerpt":{"rendered":"<p>? \u2020\u00a01852.: orvos-fizikus; marossz\u00e9ki k\u00e9pvisel\u0151. \u2013 Cs. Boldizs\u00e1r \u00e9s Filep Julianna fia. Tordai sz\u00e1rmaz\u00e1s\u00fa, a kv.-i Orvos-seb\u00e9szeti Int\u00e9zetbe Piuariu Molnar tan\u00edtv\u00e1nya volt (1788\u201399). B\u00e9csben k\u00e9pezte tov\u00e1bb mag\u00e1t (1806). Doboka vm. fizikusa (1832). Kinevezt\u00e9k Mv.-re Erd\u00e9ly Orsz\u00e1gos Szem\u00e9sz\u00e9v\u00e9 (1833\u201337.), akt\u00edvit\u00e1s\u00e1t megkezdte (1833. m\u00e1rc. 21. \u201337) \u00e9s 4 \u00e9vig tart\u00f3zkodott \u00e1lland\u00f3 jelleggel a v\u00e1rosban. Szebenben folytatta tev\u00e9kenys\u00e9g\u00e9t. [&hellip;]<\/p>\n","protected":false},"featured_media":0,"comment_status":"open","ping_status":"closed","template":"","meta":[],"product_brand":[],"product_cat":[137],"product_tag":[],"class_list":{"0":"post-6282","1":"product","2":"type-product","3":"status-publish","5":"product_cat-maros-megyei-eletrajzi-lexikon","7":"first","8":"instock","9":"shipping-taxable","10":"product-type-simple"},"_links":{"self":[{"href":"https:\/\/uj.adatbank.ro\/lexikon\/wp-json\/wp\/v2\/product\/6282","targetHints":{"allow":["GET"]}}],"collection":[{"href":"https:\/\/uj.adatbank.ro\/lexikon\/wp-json\/wp\/v2\/product"}],"about":[{"href":"https:\/\/uj.adatbank.ro\/lexikon\/wp-json\/wp\/v2\/types\/product"}],"replies":[{"embeddable":true,"href":"https:\/\/uj.adatbank.ro\/lexikon\/wp-json\/wp\/v2\/comments?post=6282"}],"wp:attachment":[{"href":"https:\/\/uj.adatbank.ro\/lexikon\/wp-json\/wp\/v2\/media?parent=6282"}],"wp:term":[{"taxonomy":"product_brand","embeddable":true,"href":"https:\/\/uj.adatbank.ro\/lexikon\/wp-json\/wp\/v2\/product_brand?post=6282"},{"taxonomy":"product_cat","embeddable":true,"href":"https:\/\/uj.adatbank.ro\/lexikon\/wp-json\/wp\/v2\/product_cat?post=6282"},{"taxonomy":"product_tag","embeddable":true,"href":"https:\/\/uj.adatbank.ro\/lexikon\/wp-json\/wp\/v2\/product_tag?post=6282"}],"curies":[{"name":"wp","href":"https:\/\/api.w.org\/{rel}","templated":true}]}}