{"id":6284,"date":"2025-06-28T17:46:46","date_gmt":"2025-06-28T15:46:46","guid":{"rendered":"https:\/\/uj.adatbank.ro\/lexikon\/termek\/csipkes-zoltan\/"},"modified":"2025-06-28T17:46:46","modified_gmt":"2025-06-28T15:46:46","slug":"csipkes-zoltan","status":"publish","type":"product","link":"https:\/\/uj.adatbank.ro\/lexikon\/termek\/csipkes-zoltan\/","title":{"rendered":"CSIPK\u00c9S Zolt\u00e1n"},"content":{"rendered":"<p>1913., \u2020 Mv., 1989. febr. 7.: \u00fcgyv\u00e9d. \u2013 Mv.-i \u00fcgy\u00e9sz. A Mv.-i Kaszin\u00f3 titk\u00e1ra (1947). <br \/><strong>Irod.:<\/strong> De\u00e9 Nagy Anik\u00f3 2007; [Nekrol\u00f3g] (V. Z., 1989. febr. 9.)<\/br><\/p>\n","protected":false},"excerpt":{"rendered":"<p>1913., \u2020 Mv., 1989. febr. 7.: \u00fcgyv\u00e9d. \u2013 Mv.-i \u00fcgy\u00e9sz. A Mv.-i Kaszin\u00f3 titk\u00e1ra (1947). Irod.: De\u00e9 Nagy Anik\u00f3 2007; [Nekrol\u00f3g] (V. Z., 1989. febr. 9.)<\/p>\n","protected":false},"featured_media":0,"comment_status":"open","ping_status":"closed","template":"","meta":[],"product_brand":[],"product_cat":[137],"product_tag":[],"class_list":{"0":"post-6284","1":"product","2":"type-product","3":"status-publish","5":"product_cat-maros-megyei-eletrajzi-lexikon","7":"first","8":"instock","9":"shipping-taxable","10":"product-type-simple"},"_links":{"self":[{"href":"https:\/\/uj.adatbank.ro\/lexikon\/wp-json\/wp\/v2\/product\/6284","targetHints":{"allow":["GET"]}}],"collection":[{"href":"https:\/\/uj.adatbank.ro\/lexikon\/wp-json\/wp\/v2\/product"}],"about":[{"href":"https:\/\/uj.adatbank.ro\/lexikon\/wp-json\/wp\/v2\/types\/product"}],"replies":[{"embeddable":true,"href":"https:\/\/uj.adatbank.ro\/lexikon\/wp-json\/wp\/v2\/comments?post=6284"}],"wp:attachment":[{"href":"https:\/\/uj.adatbank.ro\/lexikon\/wp-json\/wp\/v2\/media?parent=6284"}],"wp:term":[{"taxonomy":"product_brand","embeddable":true,"href":"https:\/\/uj.adatbank.ro\/lexikon\/wp-json\/wp\/v2\/product_brand?post=6284"},{"taxonomy":"product_cat","embeddable":true,"href":"https:\/\/uj.adatbank.ro\/lexikon\/wp-json\/wp\/v2\/product_cat?post=6284"},{"taxonomy":"product_tag","embeddable":true,"href":"https:\/\/uj.adatbank.ro\/lexikon\/wp-json\/wp\/v2\/product_tag?post=6284"}],"curies":[{"name":"wp","href":"https:\/\/api.w.org\/{rel}","templated":true}]}}