{"id":6286,"date":"2025-06-28T17:46:51","date_gmt":"2025-06-28T15:46:51","guid":{"rendered":"https:\/\/uj.adatbank.ro\/lexikon\/termek\/csipor-antal\/"},"modified":"2025-06-28T17:46:51","modified_gmt":"2025-06-28T15:46:51","slug":"csipor-antal","status":"publish","type":"product","link":"https:\/\/uj.adatbank.ro\/lexikon\/termek\/csipor-antal\/","title":{"rendered":"CSIPOR Antal"},"content":{"rendered":"<p>? \u2020 Mv., 1990. m\u00e1rc. 20.: \u00e1ldozat. \u2013 Az 1990-es m\u00e1rc.-i esem\u00e9nyek \u00e1ldozata. Hal\u00e1lra g\u00e1zolta Covaci Ioan. A tettest, marosszentkir\u00e1lyi sof\u0151rt, nem helyezt\u00e9k v\u00e1d al\u00e1. <br \/><strong>Irod.:<\/strong> Kincses; N\u00fa (2000. m\u00e1rc. 18)<\/br><\/p>\n","protected":false},"excerpt":{"rendered":"<p>? \u2020 Mv., 1990. m\u00e1rc. 20.: \u00e1ldozat. \u2013 Az 1990-es m\u00e1rc.-i esem\u00e9nyek \u00e1ldozata. Hal\u00e1lra g\u00e1zolta Covaci Ioan. A tettest, marosszentkir\u00e1lyi sof\u0151rt, nem helyezt\u00e9k v\u00e1d al\u00e1. Irod.: Kincses; N\u00fa (2000. m\u00e1rc. 18)<\/p>\n","protected":false},"featured_media":0,"comment_status":"open","ping_status":"closed","template":"","meta":[],"product_brand":[],"product_cat":[137],"product_tag":[],"class_list":{"0":"post-6286","1":"product","2":"type-product","3":"status-publish","5":"product_cat-maros-megyei-eletrajzi-lexikon","7":"first","8":"instock","9":"shipping-taxable","10":"product-type-simple"},"_links":{"self":[{"href":"https:\/\/uj.adatbank.ro\/lexikon\/wp-json\/wp\/v2\/product\/6286","targetHints":{"allow":["GET"]}}],"collection":[{"href":"https:\/\/uj.adatbank.ro\/lexikon\/wp-json\/wp\/v2\/product"}],"about":[{"href":"https:\/\/uj.adatbank.ro\/lexikon\/wp-json\/wp\/v2\/types\/product"}],"replies":[{"embeddable":true,"href":"https:\/\/uj.adatbank.ro\/lexikon\/wp-json\/wp\/v2\/comments?post=6286"}],"wp:attachment":[{"href":"https:\/\/uj.adatbank.ro\/lexikon\/wp-json\/wp\/v2\/media?parent=6286"}],"wp:term":[{"taxonomy":"product_brand","embeddable":true,"href":"https:\/\/uj.adatbank.ro\/lexikon\/wp-json\/wp\/v2\/product_brand?post=6286"},{"taxonomy":"product_cat","embeddable":true,"href":"https:\/\/uj.adatbank.ro\/lexikon\/wp-json\/wp\/v2\/product_cat?post=6286"},{"taxonomy":"product_tag","embeddable":true,"href":"https:\/\/uj.adatbank.ro\/lexikon\/wp-json\/wp\/v2\/product_tag?post=6286"}],"curies":[{"name":"wp","href":"https:\/\/api.w.org\/{rel}","templated":true}]}}