{"id":6288,"date":"2025-06-28T17:46:53","date_gmt":"2025-06-28T15:46:53","guid":{"rendered":"https:\/\/uj.adatbank.ro\/lexikon\/termek\/csiszar-adam\/"},"modified":"2025-06-28T17:46:53","modified_gmt":"2025-06-28T15:46:53","slug":"csiszar-adam","status":"publish","type":"product","link":"https:\/\/uj.adatbank.ro\/lexikon\/termek\/csiszar-adam\/","title":{"rendered":"CSISZ\u00c1R \u00c1d\u00e1m"},"content":{"rendered":"<p>Mv., 1872, \u2020\u00a0Mv., 1960.: sz\u0171csmester. \u2013 Mv.-en volt sz\u0171csmester, sz\u0171cs dinasztia tagja, a sz\u0171cs c\u00e9h utols\u00f3 szeniorja volt. \u2013 Feles\u00e9ge: Krizbai Anna (Mv., 1873. -Mv., 1918). Gyermekei: Anna (Mv., 1903-Mv., 1985); \u00c1d\u00e1m (Mv., 1904-Mv., 1928); Zolt\u00e1n (Mv., 1906-Mv., 1934); \u00c1rp\u00e1d (Mv., 1908-Mv., 1974); Lujza (Mv., 1913-Mv., 1990). \u2013 Az els\u0151 m\u0171hely alap\u00edt\u00e1si \u00e9ve 1626, de m\u0171k\u00f6d\u00e9s\u00fckre szabadalmi levelet kaptak (1520), amelyet Bethlen G\u00e1bor meger\u0151s\u00edtett (1608). R\u00e9szt vett az I. vh.-ban. Szakaszvezet\u0151. H\u00e1za, a mv.-i Csisz\u00e1r-f\u00e9le barokk \u00e9p\u00fclet utols\u00f3 tulajdonosa, a 19. sz. elej\u00e9n \u00e9p\u00fclt, \u201eB\u201d kateg\u00f3ri\u00e1s m\u0171eml\u00e9k (C\u0103l\u0103ra\u015filor \/ Kossuth L. u., 52. sz.). <br \/><strong>Irod.:<\/strong> Erd\u00e9lyi ezredek; Keresztes Gyula: K\u00e9t barokk h\u00e1z (V. Z., 1983. \u00e1pr. 3.); Valori mure\u015fene de patrimoniu; Szentgy\u00f6rgyi<\/br><\/p>\n","protected":false},"excerpt":{"rendered":"<p>Mv., 1872, \u2020\u00a0Mv., 1960.: sz\u0171csmester. \u2013 Mv.-en volt sz\u0171csmester, sz\u0171cs dinasztia tagja, a sz\u0171cs c\u00e9h utols\u00f3 szeniorja volt. \u2013 Feles\u00e9ge: Krizbai Anna (Mv., 1873. -Mv., 1918). Gyermekei: Anna (Mv., 1903-Mv., 1985); \u00c1d\u00e1m (Mv., 1904-Mv., 1928); Zolt\u00e1n (Mv., 1906-Mv., 1934); \u00c1rp\u00e1d (Mv., 1908-Mv., 1974); Lujza (Mv., 1913-Mv., 1990). \u2013 Az els\u0151 m\u0171hely alap\u00edt\u00e1si \u00e9ve 1626, de [&hellip;]<\/p>\n","protected":false},"featured_media":0,"comment_status":"open","ping_status":"closed","template":"","meta":[],"product_brand":[],"product_cat":[137],"product_tag":[],"class_list":{"0":"post-6288","1":"product","2":"type-product","3":"status-publish","5":"product_cat-maros-megyei-eletrajzi-lexikon","7":"first","8":"instock","9":"shipping-taxable","10":"product-type-simple"},"_links":{"self":[{"href":"https:\/\/uj.adatbank.ro\/lexikon\/wp-json\/wp\/v2\/product\/6288","targetHints":{"allow":["GET"]}}],"collection":[{"href":"https:\/\/uj.adatbank.ro\/lexikon\/wp-json\/wp\/v2\/product"}],"about":[{"href":"https:\/\/uj.adatbank.ro\/lexikon\/wp-json\/wp\/v2\/types\/product"}],"replies":[{"embeddable":true,"href":"https:\/\/uj.adatbank.ro\/lexikon\/wp-json\/wp\/v2\/comments?post=6288"}],"wp:attachment":[{"href":"https:\/\/uj.adatbank.ro\/lexikon\/wp-json\/wp\/v2\/media?parent=6288"}],"wp:term":[{"taxonomy":"product_brand","embeddable":true,"href":"https:\/\/uj.adatbank.ro\/lexikon\/wp-json\/wp\/v2\/product_brand?post=6288"},{"taxonomy":"product_cat","embeddable":true,"href":"https:\/\/uj.adatbank.ro\/lexikon\/wp-json\/wp\/v2\/product_cat?post=6288"},{"taxonomy":"product_tag","embeddable":true,"href":"https:\/\/uj.adatbank.ro\/lexikon\/wp-json\/wp\/v2\/product_tag?post=6288"}],"curies":[{"name":"wp","href":"https:\/\/api.w.org\/{rel}","templated":true}]}}