{"id":6289,"date":"2025-06-28T17:46:56","date_gmt":"2025-06-28T15:46:56","guid":{"rendered":"https:\/\/uj.adatbank.ro\/lexikon\/termek\/csiszar-albert\/"},"modified":"2025-06-28T17:46:56","modified_gmt":"2025-06-28T15:46:56","slug":"csiszar-albert","status":"publish","type":"product","link":"https:\/\/uj.adatbank.ro\/lexikon\/termek\/csiszar-albert\/","title":{"rendered":"CSISZ\u00c1R Albert"},"content":{"rendered":"<p>? \u2020\u00a0? : jegyz\u0151, dr. \u2013 A mv.-i v\u00e1rosi tiszt\u00faj\u00edt\u00e1son (1908. febr. 10.), az \u00fajrav\u00e1lasztott tisztikar tagja, mint els\u0151 aljegyz\u0151 (megb\u00edzat\u00e1sa: 1908. \u00e1pr. 1. \u2013 1914. m\u00e1rc. 31). <br \/><strong>Irod.:<\/strong> Bern\u00e1dy<\/br><\/p>\n","protected":false},"excerpt":{"rendered":"<p>? \u2020\u00a0? : jegyz\u0151, dr. \u2013 A mv.-i v\u00e1rosi tiszt\u00faj\u00edt\u00e1son (1908. febr. 10.), az \u00fajrav\u00e1lasztott tisztikar tagja, mint els\u0151 aljegyz\u0151 (megb\u00edzat\u00e1sa: 1908. \u00e1pr. 1. \u2013 1914. m\u00e1rc. 31). Irod.: Bern\u00e1dy<\/p>\n","protected":false},"featured_media":0,"comment_status":"open","ping_status":"closed","template":"","meta":[],"product_brand":[],"product_cat":[137],"product_tag":[],"class_list":{"0":"post-6289","1":"product","2":"type-product","3":"status-publish","5":"product_cat-maros-megyei-eletrajzi-lexikon","7":"first","8":"instock","9":"shipping-taxable","10":"product-type-simple"},"_links":{"self":[{"href":"https:\/\/uj.adatbank.ro\/lexikon\/wp-json\/wp\/v2\/product\/6289","targetHints":{"allow":["GET"]}}],"collection":[{"href":"https:\/\/uj.adatbank.ro\/lexikon\/wp-json\/wp\/v2\/product"}],"about":[{"href":"https:\/\/uj.adatbank.ro\/lexikon\/wp-json\/wp\/v2\/types\/product"}],"replies":[{"embeddable":true,"href":"https:\/\/uj.adatbank.ro\/lexikon\/wp-json\/wp\/v2\/comments?post=6289"}],"wp:attachment":[{"href":"https:\/\/uj.adatbank.ro\/lexikon\/wp-json\/wp\/v2\/media?parent=6289"}],"wp:term":[{"taxonomy":"product_brand","embeddable":true,"href":"https:\/\/uj.adatbank.ro\/lexikon\/wp-json\/wp\/v2\/product_brand?post=6289"},{"taxonomy":"product_cat","embeddable":true,"href":"https:\/\/uj.adatbank.ro\/lexikon\/wp-json\/wp\/v2\/product_cat?post=6289"},{"taxonomy":"product_tag","embeddable":true,"href":"https:\/\/uj.adatbank.ro\/lexikon\/wp-json\/wp\/v2\/product_tag?post=6289"}],"curies":[{"name":"wp","href":"https:\/\/api.w.org\/{rel}","templated":true}]}}