{"id":6291,"date":"2025-06-28T17:47:00","date_gmt":"2025-06-28T15:47:00","guid":{"rendered":"https:\/\/uj.adatbank.ro\/lexikon\/termek\/csiszar-arpad\/"},"modified":"2025-06-28T17:47:00","modified_gmt":"2025-06-28T15:47:00","slug":"csiszar-arpad","status":"publish","type":"product","link":"https:\/\/uj.adatbank.ro\/lexikon\/termek\/csiszar-arpad\/","title":{"rendered":"CSISZ\u00c1R \u00c1rp\u00e1d"},"content":{"rendered":"<p>Mv., 1908., \u2020\u00a0Mv., 1974. febr.: sz\u0171csmester. \u2013 Cs. \u00c1d\u00e1m \u00e9s Krizbai Anna fia. Le\u00e1nya: Ildik\u00f3-Zsuzs\u00e1nna (Mv., 1936. m\u00e1j. \u2013) k\u00e9mikus; Anna Adrienn, (Mv., 1941. nov. 22. \u2013), szemorvos. \u2013 Mv.-en volt a csal\u00e1di sz\u0171cs \u00fczlet\u00fck (alap\u00edtva 1625.). <br \/><strong>Irod.:<\/strong> Sz\u00e9kely Napt\u00e1r (hirdet\u00e9sei; 1945); \u00d6kr\u00f6s<\/br><\/p>\n","protected":false},"excerpt":{"rendered":"<p>Mv., 1908., \u2020\u00a0Mv., 1974. febr.: sz\u0171csmester. \u2013 Cs. \u00c1d\u00e1m \u00e9s Krizbai Anna fia. Le\u00e1nya: Ildik\u00f3-Zsuzs\u00e1nna (Mv., 1936. m\u00e1j. \u2013) k\u00e9mikus; Anna Adrienn, (Mv., 1941. nov. 22. \u2013), szemorvos. \u2013 Mv.-en volt a csal\u00e1di sz\u0171cs \u00fczlet\u00fck (alap\u00edtva 1625.). Irod.: Sz\u00e9kely Napt\u00e1r (hirdet\u00e9sei; 1945); \u00d6kr\u00f6s<\/p>\n","protected":false},"featured_media":0,"comment_status":"open","ping_status":"closed","template":"","meta":[],"product_brand":[],"product_cat":[137],"product_tag":[],"class_list":{"0":"post-6291","1":"product","2":"type-product","3":"status-publish","5":"product_cat-maros-megyei-eletrajzi-lexikon","7":"first","8":"instock","9":"shipping-taxable","10":"product-type-simple"},"_links":{"self":[{"href":"https:\/\/uj.adatbank.ro\/lexikon\/wp-json\/wp\/v2\/product\/6291","targetHints":{"allow":["GET"]}}],"collection":[{"href":"https:\/\/uj.adatbank.ro\/lexikon\/wp-json\/wp\/v2\/product"}],"about":[{"href":"https:\/\/uj.adatbank.ro\/lexikon\/wp-json\/wp\/v2\/types\/product"}],"replies":[{"embeddable":true,"href":"https:\/\/uj.adatbank.ro\/lexikon\/wp-json\/wp\/v2\/comments?post=6291"}],"wp:attachment":[{"href":"https:\/\/uj.adatbank.ro\/lexikon\/wp-json\/wp\/v2\/media?parent=6291"}],"wp:term":[{"taxonomy":"product_brand","embeddable":true,"href":"https:\/\/uj.adatbank.ro\/lexikon\/wp-json\/wp\/v2\/product_brand?post=6291"},{"taxonomy":"product_cat","embeddable":true,"href":"https:\/\/uj.adatbank.ro\/lexikon\/wp-json\/wp\/v2\/product_cat?post=6291"},{"taxonomy":"product_tag","embeddable":true,"href":"https:\/\/uj.adatbank.ro\/lexikon\/wp-json\/wp\/v2\/product_tag?post=6291"}],"curies":[{"name":"wp","href":"https:\/\/api.w.org\/{rel}","templated":true}]}}