{"id":6302,"date":"2025-06-28T17:47:22","date_gmt":"2025-06-28T15:47:22","guid":{"rendered":"https:\/\/uj.adatbank.ro\/lexikon\/termek\/csiszar-sandor\/"},"modified":"2025-06-28T17:47:22","modified_gmt":"2025-06-28T15:47:22","slug":"csiszar-sandor","status":"publish","type":"product","link":"https:\/\/uj.adatbank.ro\/lexikon\/termek\/csiszar-sandor\/","title":{"rendered":"CSISZ\u00c1R S\u00e1ndor"},"content":{"rendered":"<p>Mv., 1920. j\u00fal. 12., \u2020 Mv., 2001. m\u00e1rc. 5.: f\u0151orvos. \u2013 Feles\u00e9ge T\u00e9csy Zsuzsa sz\u00ednm\u0171v\u00e9sz. (1917\u20131989) \u2013 A mv.-i Ref. Koll.-ban (1930\u201333), az Al. Papiu Ilarian L\u00edc.-ban (1933\u201339) tanult. A kv.-i egyetem term\u00e9szetrajz szak\u00e1n v\u00e9gzett egy \u00e9vet (1939\u201340), majd a FJTE Orvosi Kar\u00e1n tanult (1940\u201344), besorozt\u00e1k katon\u00e1nak, majd a bp.-i P\u00e1zm\u00e1ny P\u00e9ter TE-re iratkozva lez\u00e1rt\u00e1k az els\u0151 f\u00e9l\u00e9vet (1944. dec. 8.) \u00e9s katonak\u00e9nt Hall\u00e9ba (N\u00e9meto.) kapta meg az orvosdoktori oklevel\u00e9t (1945 \u00e1pr.). Neuburgban dolgozott a seb\u00e9szeti oszt\u00e1lyon (1945. \u00e1pr. -j\u00fal.), az amerikai ulmi fogolyt\u00e1borba, majd a windischbergendorfi l\u00e1gerbe ker\u00fclt, haza\u00e9rkezett Mv.-re (1945. okt. 31.). Eg\u00e9szs\u00e9gtani tan\u00e1r a mv.-i inasiskol\u00e1ban (1945. dec. 1. &#8211; 46. aug.). A sztomatol\u00f3giai Klinik\u00e1n gyakornok (1946\u2013). Sikeres fogorvosi szakk\u00e9pes\u00edt\u0151 vizsg\u00e1t tett a kv.-i BTE, mv.-i Orvostudom\u00e1nyi Kar\u00e1n (1948), tov\u00e1bbk\u00e9pz\u0151 tanfolyamot v\u00e9gzett Buk.-ben (1949), tan\u00e1rsed\u00e9d (1949. nov. 1. \u2013), adjunktus (1950. j\u00fan. 1. \u2013), f\u0151orvosi vizsg\u00e1t tett (1959), a Fog\u00e1szati Klinik\u00e1n f\u0151orvosk\u00e9nt dolgozott nyugd\u00edjaz\u00e1s\u00e1ig (1952\u201382). A securitate megfigyeltette (1964 k. \u2013). <br \/><strong>Irod.:<\/strong> Bartos 2012; Kiss\u2013P\u00e9terffy\u2013P\u00e9terffy; Kiss Cs. M 4.; MMK; P\u00e9ter Mih\u00e1ly 2006<\/br><\/p>\n","protected":false},"excerpt":{"rendered":"<p>Mv., 1920. j\u00fal. 12., \u2020 Mv., 2001. m\u00e1rc. 5.: f\u0151orvos. \u2013 Feles\u00e9ge T\u00e9csy Zsuzsa sz\u00ednm\u0171v\u00e9sz. (1917\u20131989) \u2013 A mv.-i Ref. Koll.-ban (1930\u201333), az Al. Papiu Ilarian L\u00edc.-ban (1933\u201339) tanult. A kv.-i egyetem term\u00e9szetrajz szak\u00e1n v\u00e9gzett egy \u00e9vet (1939\u201340), majd a FJTE Orvosi Kar\u00e1n tanult (1940\u201344), besorozt\u00e1k katon\u00e1nak, majd a bp.-i P\u00e1zm\u00e1ny P\u00e9ter TE-re iratkozva lez\u00e1rt\u00e1k [&hellip;]<\/p>\n","protected":false},"featured_media":0,"comment_status":"open","ping_status":"closed","template":"","meta":[],"product_brand":[],"product_cat":[137],"product_tag":[],"class_list":{"0":"post-6302","1":"product","2":"type-product","3":"status-publish","5":"product_cat-maros-megyei-eletrajzi-lexikon","7":"first","8":"instock","9":"shipping-taxable","10":"product-type-simple"},"_links":{"self":[{"href":"https:\/\/uj.adatbank.ro\/lexikon\/wp-json\/wp\/v2\/product\/6302","targetHints":{"allow":["GET"]}}],"collection":[{"href":"https:\/\/uj.adatbank.ro\/lexikon\/wp-json\/wp\/v2\/product"}],"about":[{"href":"https:\/\/uj.adatbank.ro\/lexikon\/wp-json\/wp\/v2\/types\/product"}],"replies":[{"embeddable":true,"href":"https:\/\/uj.adatbank.ro\/lexikon\/wp-json\/wp\/v2\/comments?post=6302"}],"wp:attachment":[{"href":"https:\/\/uj.adatbank.ro\/lexikon\/wp-json\/wp\/v2\/media?parent=6302"}],"wp:term":[{"taxonomy":"product_brand","embeddable":true,"href":"https:\/\/uj.adatbank.ro\/lexikon\/wp-json\/wp\/v2\/product_brand?post=6302"},{"taxonomy":"product_cat","embeddable":true,"href":"https:\/\/uj.adatbank.ro\/lexikon\/wp-json\/wp\/v2\/product_cat?post=6302"},{"taxonomy":"product_tag","embeddable":true,"href":"https:\/\/uj.adatbank.ro\/lexikon\/wp-json\/wp\/v2\/product_tag?post=6302"}],"curies":[{"name":"wp","href":"https:\/\/api.w.org\/{rel}","templated":true}]}}