{"id":6304,"date":"2025-06-28T17:47:25","date_gmt":"2025-06-28T15:47:25","guid":{"rendered":"https:\/\/uj.adatbank.ro\/lexikon\/termek\/csiszer-albert\/"},"modified":"2025-06-28T17:47:25","modified_gmt":"2025-06-28T15:47:25","slug":"csiszer-albert","status":"publish","type":"product","link":"https:\/\/uj.adatbank.ro\/lexikon\/termek\/csiszer-albert\/","title":{"rendered":"CSISZ\u00c9R Albert"},"content":{"rendered":"<p>1843.? \u2020 Mv., 1928. okt. 28.: szab\u00f3. \u2013 Mv.-i polg\u00e1r, dr. \u2013 Cs. D\u00e1niel (1816 \u2013 Mv., 1890. j\u00fan. 7.) \u00e9s Czirj\u00e1k R\u00e1chel fia. Testv\u00e9rei: Karolina Munty\u00e1n Mih\u00e1lyn\u00e9; R\u00e1chel Papp Gergelyn\u00e9; Eszter Kroll Ed\u00e9n\u00e9 (az pj\u00e1val egynapon halt meg (1848 \u2013 Mv., 1890. j\u00fan. 7.). Feles\u00e9ge: Ugrai Anna (1842 -Mv., 1921. \u00e1pr. 4.). \u2013 Mv.-i szab\u00f3k\u00e9nt a Bp.-i Orsz\u00e1gos \u00c1ltal\u00e1nos Ki\u00e1ll.-on munka- \u00e9s versenyk\u00e9pess\u00e9g\u00e9rt kit\u00fcntetett\u00e9k a ki\u00e1ll.-i nagy \u00e9remmel (1885). <br \/><strong>Irod.:<\/strong> 1885. \u00e9vi ki\u00e1ll.; Gy\u00e1szjelent\u0151; [Nekrol\u00f3g] (Maros, 1928. okt. 30.) Egy m\u00e1sik Cs. Albertn\u00e9\u00a0: \u00f6zv. bikfalvi M\u00e1th\u00e9 Katalin (\u2020 Kismarton, 1927. j\u00fan. 7.). <br \/><strong>Irod.:<\/strong> Gy\u00e1szjelent.<\/br><\/p>\n","protected":false},"excerpt":{"rendered":"<p>1843.? \u2020 Mv., 1928. okt. 28.: szab\u00f3. \u2013 Mv.-i polg\u00e1r, dr. \u2013 Cs. D\u00e1niel (1816 \u2013 Mv., 1890. j\u00fan. 7.) \u00e9s Czirj\u00e1k R\u00e1chel fia. Testv\u00e9rei: Karolina Munty\u00e1n Mih\u00e1lyn\u00e9; R\u00e1chel Papp Gergelyn\u00e9; Eszter Kroll Ed\u00e9n\u00e9 (az pj\u00e1val egynapon halt meg (1848 \u2013 Mv., 1890. j\u00fan. 7.). Feles\u00e9ge: Ugrai Anna (1842 -Mv., 1921. \u00e1pr. 4.). \u2013 Mv.-i [&hellip;]<\/p>\n","protected":false},"featured_media":0,"comment_status":"open","ping_status":"closed","template":"","meta":[],"product_brand":[],"product_cat":[137],"product_tag":[],"class_list":{"0":"post-6304","1":"product","2":"type-product","3":"status-publish","5":"product_cat-maros-megyei-eletrajzi-lexikon","7":"first","8":"instock","9":"shipping-taxable","10":"product-type-simple"},"_links":{"self":[{"href":"https:\/\/uj.adatbank.ro\/lexikon\/wp-json\/wp\/v2\/product\/6304","targetHints":{"allow":["GET"]}}],"collection":[{"href":"https:\/\/uj.adatbank.ro\/lexikon\/wp-json\/wp\/v2\/product"}],"about":[{"href":"https:\/\/uj.adatbank.ro\/lexikon\/wp-json\/wp\/v2\/types\/product"}],"replies":[{"embeddable":true,"href":"https:\/\/uj.adatbank.ro\/lexikon\/wp-json\/wp\/v2\/comments?post=6304"}],"wp:attachment":[{"href":"https:\/\/uj.adatbank.ro\/lexikon\/wp-json\/wp\/v2\/media?parent=6304"}],"wp:term":[{"taxonomy":"product_brand","embeddable":true,"href":"https:\/\/uj.adatbank.ro\/lexikon\/wp-json\/wp\/v2\/product_brand?post=6304"},{"taxonomy":"product_cat","embeddable":true,"href":"https:\/\/uj.adatbank.ro\/lexikon\/wp-json\/wp\/v2\/product_cat?post=6304"},{"taxonomy":"product_tag","embeddable":true,"href":"https:\/\/uj.adatbank.ro\/lexikon\/wp-json\/wp\/v2\/product_tag?post=6304"}],"curies":[{"name":"wp","href":"https:\/\/api.w.org\/{rel}","templated":true}]}}