{"id":6305,"date":"2025-06-28T17:47:28","date_gmt":"2025-06-28T15:47:28","guid":{"rendered":"https:\/\/uj.adatbank.ro\/lexikon\/termek\/csiszer-albert-dr\/"},"modified":"2025-06-28T17:47:28","modified_gmt":"2025-06-28T15:47:28","slug":"csiszer-albert-dr","status":"publish","type":"product","link":"https:\/\/uj.adatbank.ro\/lexikon\/termek\/csiszer-albert-dr\/","title":{"rendered":"CSISZ\u00c9R Albert, dr."},"content":{"rendered":"<p>1880 \u2020\u00a01951: aljegyz\u0151. \u2013 Feles\u00e9ge: bikfalvi M\u00e1th\u00e9 Katalin (1843 \u2013 Eisenstadt \/Kismarton, 1927. j\u00fan. 16.). Gyermekeik: Irma, als\u00f3csern\u00e1toni dr. Moln\u00e1r G\u00e1born\u00e9; Anna, nemes dr. Brada S\u00e1ndorn\u00e9; p\u00e1losi \u00e9s gid\u00f3falvi dr. Cs. Albert; Kat\u00f3 Winternicz Vilmosn\u00e9. \u2013 Mv.-en v\u00e1rosi tan\u00e1csos Bern\u00e1dy Gy\u00f6rgy polg\u00e1rmesters\u00e9ges idej\u00e9n. V\u00e1rosi aljegyz\u0151, dr. A M. T\u00e1rstud. Egyes\u00fclet alap\u00edt\u00f3 tagja (1907). \u2013 <strong>F. m.:<\/strong> <strong>t\u00e1rssz.:<\/strong> Szab\u00e1lyrendelet a Mv. sz. K. v\u00e1rosn\u00e1l alkalmazottak, valamint azok \u00f6zvegyeinek\u00a0\u00e9s \u00e1rv\u00e1inak ell\u00e1t\u00e1s\u00e1r\u00f3l (Mv., 1913). <br \/><strong>Irod.:<\/strong> Enged\u00e9lyokirat a v\u00e1mokr\u00f3l Mv. v\u00e1ros r\u00e9sz\u00e9re (Bp., 1915); Gy\u00e1szjelent\u0151; MT\u00e1rstud. Egyes\u00fclet<\/br><\/p>\n","protected":false},"excerpt":{"rendered":"<p>1880 \u2020\u00a01951: aljegyz\u0151. \u2013 Feles\u00e9ge: bikfalvi M\u00e1th\u00e9 Katalin (1843 \u2013 Eisenstadt \/Kismarton, 1927. j\u00fan. 16.). Gyermekeik: Irma, als\u00f3csern\u00e1toni dr. Moln\u00e1r G\u00e1born\u00e9; Anna, nemes dr. Brada S\u00e1ndorn\u00e9; p\u00e1losi \u00e9s gid\u00f3falvi dr. Cs. Albert; Kat\u00f3 Winternicz Vilmosn\u00e9. \u2013 Mv.-en v\u00e1rosi tan\u00e1csos Bern\u00e1dy Gy\u00f6rgy polg\u00e1rmesters\u00e9ges idej\u00e9n. V\u00e1rosi aljegyz\u0151, dr. A M. T\u00e1rstud. Egyes\u00fclet alap\u00edt\u00f3 tagja (1907). \u2013 F. [&hellip;]<\/p>\n","protected":false},"featured_media":0,"comment_status":"open","ping_status":"closed","template":"","meta":[],"product_brand":[],"product_cat":[137],"product_tag":[],"class_list":{"0":"post-6305","1":"product","2":"type-product","3":"status-publish","5":"product_cat-maros-megyei-eletrajzi-lexikon","7":"first","8":"instock","9":"shipping-taxable","10":"product-type-simple"},"_links":{"self":[{"href":"https:\/\/uj.adatbank.ro\/lexikon\/wp-json\/wp\/v2\/product\/6305","targetHints":{"allow":["GET"]}}],"collection":[{"href":"https:\/\/uj.adatbank.ro\/lexikon\/wp-json\/wp\/v2\/product"}],"about":[{"href":"https:\/\/uj.adatbank.ro\/lexikon\/wp-json\/wp\/v2\/types\/product"}],"replies":[{"embeddable":true,"href":"https:\/\/uj.adatbank.ro\/lexikon\/wp-json\/wp\/v2\/comments?post=6305"}],"wp:attachment":[{"href":"https:\/\/uj.adatbank.ro\/lexikon\/wp-json\/wp\/v2\/media?parent=6305"}],"wp:term":[{"taxonomy":"product_brand","embeddable":true,"href":"https:\/\/uj.adatbank.ro\/lexikon\/wp-json\/wp\/v2\/product_brand?post=6305"},{"taxonomy":"product_cat","embeddable":true,"href":"https:\/\/uj.adatbank.ro\/lexikon\/wp-json\/wp\/v2\/product_cat?post=6305"},{"taxonomy":"product_tag","embeddable":true,"href":"https:\/\/uj.adatbank.ro\/lexikon\/wp-json\/wp\/v2\/product_tag?post=6305"}],"curies":[{"name":"wp","href":"https:\/\/api.w.org\/{rel}","templated":true}]}}