{"id":6306,"date":"2025-06-28T17:47:32","date_gmt":"2025-06-28T15:47:32","guid":{"rendered":"https:\/\/uj.adatbank.ro\/lexikon\/termek\/csiszer-andras\/"},"modified":"2025-06-28T17:47:32","modified_gmt":"2025-06-28T15:47:32","slug":"csiszer-andras","status":"publish","type":"product","link":"https:\/\/uj.adatbank.ro\/lexikon\/termek\/csiszer-andras\/","title":{"rendered":"CSISZ\u00c9R Andr\u00e1s"},"content":{"rendered":"<p>1901, \u2020\u00a0Mv., 1981. szept. 3.: munk\u00e1smozgalmi harcos. \u2013 A RKP tagja (1929). Az illeg\u00e1l\u00edt\u00e1s \u00e9veiben a V\u00f6r\u00f6s seg\u00e9ly aktivist\u00e1ja, a Munk\u00e1s Paraszt Blokk propagandist\u00e1ja \u00e9s a M. Dolgoz\u00f3k Sz\u00f6vets\u00e9g\u00e9nek egyik vezet\u0151s\u00e9gi tagja. A felszabadul\u00e1s ut\u00e1n p\u00e1rtmegb\u00edz\u00e1soknak tett eleget. <br \/><strong>Irod.:<\/strong> Cs. A. [Nekrol\u00f3g] (V. Z., 1981. szept. 5.)<\/br><\/p>\n","protected":false},"excerpt":{"rendered":"<p>1901, \u2020\u00a0Mv., 1981. szept. 3.: munk\u00e1smozgalmi harcos. \u2013 A RKP tagja (1929). Az illeg\u00e1l\u00edt\u00e1s \u00e9veiben a V\u00f6r\u00f6s seg\u00e9ly aktivist\u00e1ja, a Munk\u00e1s Paraszt Blokk propagandist\u00e1ja \u00e9s a M. Dolgoz\u00f3k Sz\u00f6vets\u00e9g\u00e9nek egyik vezet\u0151s\u00e9gi tagja. A felszabadul\u00e1s ut\u00e1n p\u00e1rtmegb\u00edz\u00e1soknak tett eleget. Irod.: Cs. A. [Nekrol\u00f3g] (V. Z., 1981. szept. 5.)<\/p>\n","protected":false},"featured_media":0,"comment_status":"open","ping_status":"closed","template":"","meta":[],"product_brand":[],"product_cat":[137],"product_tag":[],"class_list":{"0":"post-6306","1":"product","2":"type-product","3":"status-publish","5":"product_cat-maros-megyei-eletrajzi-lexikon","7":"first","8":"instock","9":"shipping-taxable","10":"product-type-simple"},"_links":{"self":[{"href":"https:\/\/uj.adatbank.ro\/lexikon\/wp-json\/wp\/v2\/product\/6306","targetHints":{"allow":["GET"]}}],"collection":[{"href":"https:\/\/uj.adatbank.ro\/lexikon\/wp-json\/wp\/v2\/product"}],"about":[{"href":"https:\/\/uj.adatbank.ro\/lexikon\/wp-json\/wp\/v2\/types\/product"}],"replies":[{"embeddable":true,"href":"https:\/\/uj.adatbank.ro\/lexikon\/wp-json\/wp\/v2\/comments?post=6306"}],"wp:attachment":[{"href":"https:\/\/uj.adatbank.ro\/lexikon\/wp-json\/wp\/v2\/media?parent=6306"}],"wp:term":[{"taxonomy":"product_brand","embeddable":true,"href":"https:\/\/uj.adatbank.ro\/lexikon\/wp-json\/wp\/v2\/product_brand?post=6306"},{"taxonomy":"product_cat","embeddable":true,"href":"https:\/\/uj.adatbank.ro\/lexikon\/wp-json\/wp\/v2\/product_cat?post=6306"},{"taxonomy":"product_tag","embeddable":true,"href":"https:\/\/uj.adatbank.ro\/lexikon\/wp-json\/wp\/v2\/product_tag?post=6306"}],"curies":[{"name":"wp","href":"https:\/\/api.w.org\/{rel}","templated":true}]}}