{"id":6308,"date":"2025-06-28T17:47:38","date_gmt":"2025-06-28T15:47:38","guid":{"rendered":"https:\/\/uj.adatbank.ro\/lexikon\/termek\/csiszer-imre\/"},"modified":"2025-06-28T17:47:38","modified_gmt":"2025-06-28T15:47:38","slug":"csiszer-imre","status":"publish","type":"product","link":"https:\/\/uj.adatbank.ro\/lexikon\/termek\/csiszer-imre\/","title":{"rendered":"CS\u00cdSZ\u00c9R Imre"},"content":{"rendered":"<p>1857. \u2020\u00a01943.: csend\u0151r. \u2013 Feles\u00e9ge: Balogh Julianna (1868\u20131949). \/ gyermek\u00fck sz\u00fcletett. \u2013 Katonai szolg\u00e1lata let\u00f6lt\u00e9se ut\u00e1n (1877\u20131881), a csend\u0151rs\u00e9g k\u00f6tel\u00e9k\u00e9be l\u00e9pett. A n\u00e1daslad\u00e1nyi \u0151rs parancsnoka (1883. dec. 15. \u2013 1891. m\u00e1rc. 31.). <br \/><strong>Irod.:<\/strong> Maros megyei t\u00f6rt. 5.; Nemes \u2013 Csend\u0151rs\u00e9g<\/br><\/p>\n","protected":false},"excerpt":{"rendered":"<p>1857. \u2020\u00a01943.: csend\u0151r. \u2013 Feles\u00e9ge: Balogh Julianna (1868\u20131949). \/ gyermek\u00fck sz\u00fcletett. \u2013 Katonai szolg\u00e1lata let\u00f6lt\u00e9se ut\u00e1n (1877\u20131881), a csend\u0151rs\u00e9g k\u00f6tel\u00e9k\u00e9be l\u00e9pett. A n\u00e1daslad\u00e1nyi \u0151rs parancsnoka (1883. dec. 15. \u2013 1891. m\u00e1rc. 31.). Irod.: Maros megyei t\u00f6rt. 5.; Nemes \u2013 Csend\u0151rs\u00e9g<\/p>\n","protected":false},"featured_media":0,"comment_status":"open","ping_status":"closed","template":"","meta":[],"product_brand":[],"product_cat":[137],"product_tag":[],"class_list":{"0":"post-6308","1":"product","2":"type-product","3":"status-publish","5":"product_cat-maros-megyei-eletrajzi-lexikon","7":"first","8":"instock","9":"shipping-taxable","10":"product-type-simple"},"_links":{"self":[{"href":"https:\/\/uj.adatbank.ro\/lexikon\/wp-json\/wp\/v2\/product\/6308","targetHints":{"allow":["GET"]}}],"collection":[{"href":"https:\/\/uj.adatbank.ro\/lexikon\/wp-json\/wp\/v2\/product"}],"about":[{"href":"https:\/\/uj.adatbank.ro\/lexikon\/wp-json\/wp\/v2\/types\/product"}],"replies":[{"embeddable":true,"href":"https:\/\/uj.adatbank.ro\/lexikon\/wp-json\/wp\/v2\/comments?post=6308"}],"wp:attachment":[{"href":"https:\/\/uj.adatbank.ro\/lexikon\/wp-json\/wp\/v2\/media?parent=6308"}],"wp:term":[{"taxonomy":"product_brand","embeddable":true,"href":"https:\/\/uj.adatbank.ro\/lexikon\/wp-json\/wp\/v2\/product_brand?post=6308"},{"taxonomy":"product_cat","embeddable":true,"href":"https:\/\/uj.adatbank.ro\/lexikon\/wp-json\/wp\/v2\/product_cat?post=6308"},{"taxonomy":"product_tag","embeddable":true,"href":"https:\/\/uj.adatbank.ro\/lexikon\/wp-json\/wp\/v2\/product_tag?post=6308"}],"curies":[{"name":"wp","href":"https:\/\/api.w.org\/{rel}","templated":true}]}}