{"id":6309,"date":"2025-06-28T17:47:39","date_gmt":"2025-06-28T15:47:39","guid":{"rendered":"https:\/\/uj.adatbank.ro\/lexikon\/termek\/csiszer-janos\/"},"modified":"2025-06-28T17:47:39","modified_gmt":"2025-06-28T15:47:39","slug":"csiszer-janos","status":"publish","type":"product","link":"https:\/\/uj.adatbank.ro\/lexikon\/termek\/csiszer-janos\/","title":{"rendered":"CSISZ\u00c9R J\u00e1nos"},"content":{"rendered":"<p>Sz\u00e9kelyv\u00e9cke, 1841. j\u00fan. 24., \u2020 Sz\u00e9kelyv\u00e9cke, 1905. jan. 29. v. j\u00fan. 26.: r. k. pap. \u2013 K\u00f6z\u00e9piskol\u00e1it Mv.-en, Sz\u00e9kelyudvarhelyen, a teol\u00f3go\u00e1t Gyulafeh\u00e9rv\u00e1ron v\u00e9gezte. Papp\u00e1 szentelt\u00e9k (1864. j\u00fal. 31.). Gimn.-i tan\u00e1r \u00e9s konviktus \u2013 igazgat\u00f3 Gyulafeh\u00e9rv\u00e1ron; helyettes lelk\u00e9sz Sz\u00e9kelyudvarhelyen (1867), Cs\u00edksomly\u00f3n (1877) \u00e9s Sz\u00e9kelyv\u00e9ck\u00e9n (1868\u201373), majd pl\u00e9b\u00e1nos Cs\u00edkszentimr\u00e9n; szemin\u00e1rium igazgat\u00f3 Gyulafeh\u00e9rv\u00e1ron (1879\u201381). Pl\u00e9b\u00e1nos V\u00e9ck\u00e9n \u00e9s fili\u00e1in Zs\u00e1kodon \u00e9s Sz\u00e9kelysz\u00e1ll\u00e1son hal\u00e1l\u00e1ig (1881\u20131905). Renov\u00e1lt\u00e1k a v\u00e9ckei templomot (1903). S Munkat\u00e1rsa volt a gyulafeh\u00e9rv\u00e1ri K\u00f6zm\u0171vel\u0151d\u00e9snek, ahol cikkei \u00e9s versei jelentek meg. \u2013 <strong>F. m.:<\/strong> Sz\u00e9kely czimbalom hangok. (K\u00e1rolyfeh\u00e9rv\u00e1r, 1881); Eszmevir\u00e1gok az \u00e9let kertj\u00e9b\u0151l. (ford. k\u00f6ltem\u00e9nyek, Gyulafeh\u00e9rv\u00e1r, \u00e9. n.). <br \/><strong>Irod.:<\/strong> Ferenczi S\u00e1ndor 2009; Guly\u00e1s, Maros-k\u00fck\u00fcll\u0151i f\u0151esp.; MKL<\/br><\/p>\n","protected":false},"excerpt":{"rendered":"<p>Sz\u00e9kelyv\u00e9cke, 1841. j\u00fan. 24., \u2020 Sz\u00e9kelyv\u00e9cke, 1905. jan. 29. v. j\u00fan. 26.: r. k. pap. \u2013 K\u00f6z\u00e9piskol\u00e1it Mv.-en, Sz\u00e9kelyudvarhelyen, a teol\u00f3go\u00e1t Gyulafeh\u00e9rv\u00e1ron v\u00e9gezte. Papp\u00e1 szentelt\u00e9k (1864. j\u00fal. 31.). Gimn.-i tan\u00e1r \u00e9s konviktus \u2013 igazgat\u00f3 Gyulafeh\u00e9rv\u00e1ron; helyettes lelk\u00e9sz Sz\u00e9kelyudvarhelyen (1867), Cs\u00edksomly\u00f3n (1877) \u00e9s Sz\u00e9kelyv\u00e9ck\u00e9n (1868\u201373), majd pl\u00e9b\u00e1nos Cs\u00edkszentimr\u00e9n; szemin\u00e1rium igazgat\u00f3 Gyulafeh\u00e9rv\u00e1ron (1879\u201381). Pl\u00e9b\u00e1nos V\u00e9ck\u00e9n \u00e9s fili\u00e1in [&hellip;]<\/p>\n","protected":false},"featured_media":0,"comment_status":"open","ping_status":"closed","template":"","meta":[],"product_brand":[],"product_cat":[137],"product_tag":[],"class_list":{"0":"post-6309","1":"product","2":"type-product","3":"status-publish","5":"product_cat-maros-megyei-eletrajzi-lexikon","7":"first","8":"instock","9":"shipping-taxable","10":"product-type-simple"},"_links":{"self":[{"href":"https:\/\/uj.adatbank.ro\/lexikon\/wp-json\/wp\/v2\/product\/6309","targetHints":{"allow":["GET"]}}],"collection":[{"href":"https:\/\/uj.adatbank.ro\/lexikon\/wp-json\/wp\/v2\/product"}],"about":[{"href":"https:\/\/uj.adatbank.ro\/lexikon\/wp-json\/wp\/v2\/types\/product"}],"replies":[{"embeddable":true,"href":"https:\/\/uj.adatbank.ro\/lexikon\/wp-json\/wp\/v2\/comments?post=6309"}],"wp:attachment":[{"href":"https:\/\/uj.adatbank.ro\/lexikon\/wp-json\/wp\/v2\/media?parent=6309"}],"wp:term":[{"taxonomy":"product_brand","embeddable":true,"href":"https:\/\/uj.adatbank.ro\/lexikon\/wp-json\/wp\/v2\/product_brand?post=6309"},{"taxonomy":"product_cat","embeddable":true,"href":"https:\/\/uj.adatbank.ro\/lexikon\/wp-json\/wp\/v2\/product_cat?post=6309"},{"taxonomy":"product_tag","embeddable":true,"href":"https:\/\/uj.adatbank.ro\/lexikon\/wp-json\/wp\/v2\/product_tag?post=6309"}],"curies":[{"name":"wp","href":"https:\/\/api.w.org\/{rel}","templated":true}]}}