{"id":6310,"date":"2025-06-28T17:47:41","date_gmt":"2025-06-28T15:47:41","guid":{"rendered":"https:\/\/uj.adatbank.ro\/lexikon\/termek\/csiszer-janos-zsakodi\/"},"modified":"2025-06-28T17:47:41","modified_gmt":"2025-06-28T15:47:41","slug":"csiszer-janos-zsakodi","status":"publish","type":"product","link":"https:\/\/uj.adatbank.ro\/lexikon\/termek\/csiszer-janos-zsakodi\/","title":{"rendered":"CSISZ\u00c9R J\u00e1nos, zs\u00e1kodi"},"content":{"rendered":"<p>H\u00e9jjasfalva, 1883. \u00e1pr. 28., \u2020 Bp., 1953. \u00e1pr. 30.: szobr\u00e1sz, \u00e9remm\u0171v\u00e9sz. \u2013 Tanulm\u00e1nyait a sz\u00e9kely\u00adudvarhelyi k\u0151- \u00e9s agyagipari szakisk.-ban, a bp.-i iparm\u0171v. isk.-ban, majd a p\u00e1rizsi Grand Chaumiere akad. n\u00f6vend\u00e9kek\u00e9nt, Rodinn\u00e9l v\u00e9gezte. K\u00e9pm\u00e1sokat, eml\u00e9k\u00e9rmeket mint\u00e1zott. Plakett- \u00e9s \u00e9remm\u0171v\u00e9szettel foglalkozott (1897\u2013). Hazat\u00e9r\u00e9se ut\u00e1n Zala Gy\u00f6rgyn\u00e9l m\u0171k\u00f6d\u00f6tt, majd \u00f6n\u00e1ll\u00f3 megb\u00edza\u00adt\u00e1sokat teljes\u00edtett. Sz\u00e1mos eml\u00e9k\u00e9rmet (Gobbi Mih\u00e1ly, Lippich Elek, Zichy Mih\u00e1ly stb.) k\u00e9sz\u00edtett. N\u00e9h\u00e1ny m\u00fcv\u00e9t az MNG \u0151rzi. \u2013 <strong>F. m.:<\/strong> szobrok: G\u00f6rgey Artur (bronz, 1922); Szieszta (M\u00e1rv\u00e1ny, 1920); Zala Gy\u00f6rgy (bronz, 1922); \u00dcl\u0151 n\u0151i akt (m\u00e1rv\u00e1ny, 1926); \u00e9rmek: Gobbi Henrik (bronz, \u00f6nt\u00f6tt, 1909); vert \u00e9rmek: G\u00f6rgey Artur (1911); Wlassics Gyula (1912); Kiss J\u00f3zsef (1913); H\u00f3man B\u00e1lint (1935); k\u00f6zt\u00e9ri munk\u00e1i: B\u00e1nyai Elem\u00e9r (domborm\u0171, bronz, Bp., 1910); Nagy Emiln\u00e9 s\u00edreml\u00e9ke (m\u00e1rv\u00e1ny, Bp., 1912); h\u0151si eml\u00e9km\u0171vei: K\u00e1ld, J\u00e1noshida, J\u00e1szszentl\u00e1szl\u00f3, Tiszakor\u00f3d, Kom\u00e1rom, Fels\u0151galla, Dorog, R\u00e1kospalota, 1920\u20131930-as \u00e9vek); Orsz. T\u00e1rsadalombizt\u00f3s\u00edt\u00e1si Int. Sz\u00e9kh\u00e1z h\u00e1rom domborm\u0171ve (Bp., 1930); M\u00c1V h\u0151si eml\u00e9k (bronz, domborm\u0171, Vp., 1932); Csengery Antal-szobor (bronz, Bp., 1938); Patrona Hungariae-szobor (k\u0151, Szent Gell\u00e9rt-sziklatemplom, Bp., 1939); Irinyi D\u00e1niel (m\u00e9szk\u0151 domborm\u0171, Bp., 1943) T\u00f3th Imre mellszobra (1927); a vil\u00e1gh\u00e1bor\u00fa vasutas h\u0151seinek eml\u00e9km\u0171ve (domborm\u0171 a M\u00c1V igazgat\u00f3s\u00e1gi sz\u00e9kh\u00e1z\u00e1n, Bp., 1932); G\u00f6rgey-eml\u00e9k (dom\u00adborm\u0171; Visegr\u00e1d, 1933); Jedlik \u00c1nyos szobra (M\u0171v\u00e9szs\u00e9t\u00e1ny, Bp., 1951\u201352). <br \/><strong>Irod.:<\/strong> D\u00e9ry B\u00e9la: Almanach (Bp., 1912); M\u00c9L; A modern szoborgy\u0171jtem\u00e9ny (Bp., 1932); R\u00daL; \u00daIL; \u00daM\u00c9L<\/br><\/p>\n","protected":false},"excerpt":{"rendered":"<p>H\u00e9jjasfalva, 1883. \u00e1pr. 28., \u2020 Bp., 1953. \u00e1pr. 30.: szobr\u00e1sz, \u00e9remm\u0171v\u00e9sz. \u2013 Tanulm\u00e1nyait a sz\u00e9kely\u00adudvarhelyi k\u0151- \u00e9s agyagipari szakisk.-ban, a bp.-i iparm\u0171v. isk.-ban, majd a p\u00e1rizsi Grand Chaumiere akad. n\u00f6vend\u00e9kek\u00e9nt, Rodinn\u00e9l v\u00e9gezte. K\u00e9pm\u00e1sokat, eml\u00e9k\u00e9rmeket mint\u00e1zott. Plakett- \u00e9s \u00e9remm\u0171v\u00e9szettel foglalkozott (1897\u2013). Hazat\u00e9r\u00e9se ut\u00e1n Zala Gy\u00f6rgyn\u00e9l m\u0171k\u00f6d\u00f6tt, majd \u00f6n\u00e1ll\u00f3 megb\u00edza\u00adt\u00e1sokat teljes\u00edtett. Sz\u00e1mos eml\u00e9k\u00e9rmet (Gobbi Mih\u00e1ly, Lippich Elek, [&hellip;]<\/p>\n","protected":false},"featured_media":0,"comment_status":"open","ping_status":"closed","template":"","meta":[],"product_brand":[],"product_cat":[137],"product_tag":[],"class_list":{"0":"post-6310","1":"product","2":"type-product","3":"status-publish","5":"product_cat-maros-megyei-eletrajzi-lexikon","7":"first","8":"instock","9":"shipping-taxable","10":"product-type-simple"},"_links":{"self":[{"href":"https:\/\/uj.adatbank.ro\/lexikon\/wp-json\/wp\/v2\/product\/6310","targetHints":{"allow":["GET"]}}],"collection":[{"href":"https:\/\/uj.adatbank.ro\/lexikon\/wp-json\/wp\/v2\/product"}],"about":[{"href":"https:\/\/uj.adatbank.ro\/lexikon\/wp-json\/wp\/v2\/types\/product"}],"replies":[{"embeddable":true,"href":"https:\/\/uj.adatbank.ro\/lexikon\/wp-json\/wp\/v2\/comments?post=6310"}],"wp:attachment":[{"href":"https:\/\/uj.adatbank.ro\/lexikon\/wp-json\/wp\/v2\/media?parent=6310"}],"wp:term":[{"taxonomy":"product_brand","embeddable":true,"href":"https:\/\/uj.adatbank.ro\/lexikon\/wp-json\/wp\/v2\/product_brand?post=6310"},{"taxonomy":"product_cat","embeddable":true,"href":"https:\/\/uj.adatbank.ro\/lexikon\/wp-json\/wp\/v2\/product_cat?post=6310"},{"taxonomy":"product_tag","embeddable":true,"href":"https:\/\/uj.adatbank.ro\/lexikon\/wp-json\/wp\/v2\/product_tag?post=6310"}],"curies":[{"name":"wp","href":"https:\/\/api.w.org\/{rel}","templated":true}]}}