{"id":6311,"date":"2025-06-28T17:47:43","date_gmt":"2025-06-28T15:47:43","guid":{"rendered":"https:\/\/uj.adatbank.ro\/lexikon\/termek\/csiszer-jozsef\/"},"modified":"2025-06-28T17:47:43","modified_gmt":"2025-06-28T15:47:43","slug":"csiszer-jozsef","status":"publish","type":"product","link":"https:\/\/uj.adatbank.ro\/lexikon\/termek\/csiszer-jozsef\/","title":{"rendered":"CSISZ\u00c9R J\u00f3zsef"},"content":{"rendered":"<p>Mv., ? \u2020\u00a0Bp., 1992.: hivatalnok. \u2013 Megn\u0151s\u00fclt (1956). \u2013 A F\u0151polg\u00e1rmesteri Hivatalban dolgozott Mv.-en. Bp.-en telepedett le (1944 ut\u00e1n). A M. Nemzeti Bank k\u00f6nyvel\u0151je. Politikai fogoly (1953\u201355). Hamvai mv.-i nyugalomra helyezt\u00e9k. <br \/><strong>Irod.:<\/strong> Kelemen<\/br><\/p>\n","protected":false},"excerpt":{"rendered":"<p>Mv., ? \u2020\u00a0Bp., 1992.: hivatalnok. \u2013 Megn\u0151s\u00fclt (1956). \u2013 A F\u0151polg\u00e1rmesteri Hivatalban dolgozott Mv.-en. Bp.-en telepedett le (1944 ut\u00e1n). A M. Nemzeti Bank k\u00f6nyvel\u0151je. Politikai fogoly (1953\u201355). Hamvai mv.-i nyugalomra helyezt\u00e9k. Irod.: Kelemen<\/p>\n","protected":false},"featured_media":0,"comment_status":"open","ping_status":"closed","template":"","meta":[],"product_brand":[],"product_cat":[137],"product_tag":[],"class_list":{"0":"post-6311","1":"product","2":"type-product","3":"status-publish","5":"product_cat-maros-megyei-eletrajzi-lexikon","7":"first","8":"instock","9":"shipping-taxable","10":"product-type-simple"},"_links":{"self":[{"href":"https:\/\/uj.adatbank.ro\/lexikon\/wp-json\/wp\/v2\/product\/6311","targetHints":{"allow":["GET"]}}],"collection":[{"href":"https:\/\/uj.adatbank.ro\/lexikon\/wp-json\/wp\/v2\/product"}],"about":[{"href":"https:\/\/uj.adatbank.ro\/lexikon\/wp-json\/wp\/v2\/types\/product"}],"replies":[{"embeddable":true,"href":"https:\/\/uj.adatbank.ro\/lexikon\/wp-json\/wp\/v2\/comments?post=6311"}],"wp:attachment":[{"href":"https:\/\/uj.adatbank.ro\/lexikon\/wp-json\/wp\/v2\/media?parent=6311"}],"wp:term":[{"taxonomy":"product_brand","embeddable":true,"href":"https:\/\/uj.adatbank.ro\/lexikon\/wp-json\/wp\/v2\/product_brand?post=6311"},{"taxonomy":"product_cat","embeddable":true,"href":"https:\/\/uj.adatbank.ro\/lexikon\/wp-json\/wp\/v2\/product_cat?post=6311"},{"taxonomy":"product_tag","embeddable":true,"href":"https:\/\/uj.adatbank.ro\/lexikon\/wp-json\/wp\/v2\/product_tag?post=6311"}],"curies":[{"name":"wp","href":"https:\/\/api.w.org\/{rel}","templated":true}]}}