{"id":6312,"date":"2025-06-28T17:47:45","date_gmt":"2025-06-28T15:47:45","guid":{"rendered":"https:\/\/uj.adatbank.ro\/lexikon\/termek\/csiszer-l-andras\/"},"modified":"2025-06-28T17:47:45","modified_gmt":"2025-06-28T15:47:45","slug":"csiszer-l-andras","status":"publish","type":"product","link":"https:\/\/uj.adatbank.ro\/lexikon\/termek\/csiszer-l-andras\/","title":{"rendered":"CSISZ\u00c9R L. Andr\u00e1s"},"content":{"rendered":"<p>Sz\u00e9kelyv\u00e9cke, 1922. \u00e1pr. 27. \u2020\u00a0Kos\u00f3w, 1944. m\u00e1j. 4. : honv\u00e9d. \u2013 Anyja Csisz\u00e9r R\u00f3za. \u2013 A 27\/III. sz\u00e9kely hadoszt\u00e1ly honv\u00e9dje. <br \/><strong>Irod.:<\/strong> Berekm\u00e9ri 2015<\/br><\/p>\n","protected":false},"excerpt":{"rendered":"<p>Sz\u00e9kelyv\u00e9cke, 1922. \u00e1pr. 27. \u2020\u00a0Kos\u00f3w, 1944. m\u00e1j. 4. : honv\u00e9d. \u2013 Anyja Csisz\u00e9r R\u00f3za. \u2013 A 27\/III. sz\u00e9kely hadoszt\u00e1ly honv\u00e9dje. Irod.: Berekm\u00e9ri 2015<\/p>\n","protected":false},"featured_media":0,"comment_status":"open","ping_status":"closed","template":"","meta":[],"product_brand":[],"product_cat":[137],"product_tag":[],"class_list":{"0":"post-6312","1":"product","2":"type-product","3":"status-publish","5":"product_cat-maros-megyei-eletrajzi-lexikon","7":"first","8":"instock","9":"shipping-taxable","10":"product-type-simple"},"_links":{"self":[{"href":"https:\/\/uj.adatbank.ro\/lexikon\/wp-json\/wp\/v2\/product\/6312","targetHints":{"allow":["GET"]}}],"collection":[{"href":"https:\/\/uj.adatbank.ro\/lexikon\/wp-json\/wp\/v2\/product"}],"about":[{"href":"https:\/\/uj.adatbank.ro\/lexikon\/wp-json\/wp\/v2\/types\/product"}],"replies":[{"embeddable":true,"href":"https:\/\/uj.adatbank.ro\/lexikon\/wp-json\/wp\/v2\/comments?post=6312"}],"wp:attachment":[{"href":"https:\/\/uj.adatbank.ro\/lexikon\/wp-json\/wp\/v2\/media?parent=6312"}],"wp:term":[{"taxonomy":"product_brand","embeddable":true,"href":"https:\/\/uj.adatbank.ro\/lexikon\/wp-json\/wp\/v2\/product_brand?post=6312"},{"taxonomy":"product_cat","embeddable":true,"href":"https:\/\/uj.adatbank.ro\/lexikon\/wp-json\/wp\/v2\/product_cat?post=6312"},{"taxonomy":"product_tag","embeddable":true,"href":"https:\/\/uj.adatbank.ro\/lexikon\/wp-json\/wp\/v2\/product_tag?post=6312"}],"curies":[{"name":"wp","href":"https:\/\/api.w.org\/{rel}","templated":true}]}}