{"id":6318,"date":"2025-06-28T17:47:55","date_gmt":"2025-06-28T15:47:55","guid":{"rendered":"https:\/\/uj.adatbank.ro\/lexikon\/termek\/csiszer-paizs-hajnal\/"},"modified":"2025-06-28T17:47:55","modified_gmt":"2025-06-28T15:47:55","slug":"csiszer-paizs-hajnal","status":"publish","type":"product","link":"https:\/\/uj.adatbank.ro\/lexikon\/termek\/csiszer-paizs-hajnal\/","title":{"rendered":"CSISZ\u00c9R PAIZS Hajnal"},"content":{"rendered":"<p>Mv., 1934. j\u00fal. 3. \u2020\u00a0? : orvos. \u2013 Mv.-en a Magyar le\u00e1nyl\u00edc.-ban \u00e9retts\u00e9gizett, a MOGYE orvosi kar\u00e1n v\u00e9gzett. Orvos Cs\u00edksz\u00e9pv\u00edzen, k\u00f6vetkezik Tusn\u00e1d, Mv.-i poliklinika, munkak\u00e9pess\u00e9g meg\u00e1llap\u00edt\u00f3 szakorvos. <br \/><strong>Irod.:<\/strong> MOGYE<\/br><\/p>\n","protected":false},"excerpt":{"rendered":"<p>Mv., 1934. j\u00fal. 3. \u2020\u00a0? : orvos. \u2013 Mv.-en a Magyar le\u00e1nyl\u00edc.-ban \u00e9retts\u00e9gizett, a MOGYE orvosi kar\u00e1n v\u00e9gzett. Orvos Cs\u00edksz\u00e9pv\u00edzen, k\u00f6vetkezik Tusn\u00e1d, Mv.-i poliklinika, munkak\u00e9pess\u00e9g meg\u00e1llap\u00edt\u00f3 szakorvos. Irod.: MOGYE<\/p>\n","protected":false},"featured_media":0,"comment_status":"open","ping_status":"closed","template":"","meta":[],"product_brand":[],"product_cat":[137],"product_tag":[],"class_list":{"0":"post-6318","1":"product","2":"type-product","3":"status-publish","5":"product_cat-maros-megyei-eletrajzi-lexikon","7":"first","8":"instock","9":"shipping-taxable","10":"product-type-simple"},"_links":{"self":[{"href":"https:\/\/uj.adatbank.ro\/lexikon\/wp-json\/wp\/v2\/product\/6318","targetHints":{"allow":["GET"]}}],"collection":[{"href":"https:\/\/uj.adatbank.ro\/lexikon\/wp-json\/wp\/v2\/product"}],"about":[{"href":"https:\/\/uj.adatbank.ro\/lexikon\/wp-json\/wp\/v2\/types\/product"}],"replies":[{"embeddable":true,"href":"https:\/\/uj.adatbank.ro\/lexikon\/wp-json\/wp\/v2\/comments?post=6318"}],"wp:attachment":[{"href":"https:\/\/uj.adatbank.ro\/lexikon\/wp-json\/wp\/v2\/media?parent=6318"}],"wp:term":[{"taxonomy":"product_brand","embeddable":true,"href":"https:\/\/uj.adatbank.ro\/lexikon\/wp-json\/wp\/v2\/product_brand?post=6318"},{"taxonomy":"product_cat","embeddable":true,"href":"https:\/\/uj.adatbank.ro\/lexikon\/wp-json\/wp\/v2\/product_cat?post=6318"},{"taxonomy":"product_tag","embeddable":true,"href":"https:\/\/uj.adatbank.ro\/lexikon\/wp-json\/wp\/v2\/product_tag?post=6318"}],"curies":[{"name":"wp","href":"https:\/\/api.w.org\/{rel}","templated":true}]}}