{"id":6320,"date":"2025-06-28T17:48:06","date_gmt":"2025-06-28T15:48:06","guid":{"rendered":"https:\/\/uj.adatbank.ro\/lexikon\/termek\/csizek-kornelia\/"},"modified":"2025-06-28T17:48:06","modified_gmt":"2025-06-28T15:48:06","slug":"csizek-kornelia","status":"publish","type":"product","link":"https:\/\/uj.adatbank.ro\/lexikon\/termek\/csizek-kornelia\/","title":{"rendered":"CSIZEK Korn\u00e9lia"},"content":{"rendered":"<p>Nasz\u00f3d, 1924. febr. 15., \u2020\u00a0Mv., 1994. szept. 12.: gy\u00f3gyszer\u00e9sz. \u2013 A MOGYI-n kapott gy\u00f3gyszer\u00e9sz oklevelet (1950). Mv.-en az 1. sz. gy\u00f3gyszert\u00e1rban dolgozott (1953\u20131979. okt. 1.). F\u0151gy\u00f3gyszer\u00e9szi vizsg\u00e1t tett (1972). <br \/><strong>Irod.:<\/strong> P\u00e9ter H. M.<\/br><\/p>\n","protected":false},"excerpt":{"rendered":"<p>Nasz\u00f3d, 1924. febr. 15., \u2020\u00a0Mv., 1994. szept. 12.: gy\u00f3gyszer\u00e9sz. \u2013 A MOGYI-n kapott gy\u00f3gyszer\u00e9sz oklevelet (1950). Mv.-en az 1. sz. gy\u00f3gyszert\u00e1rban dolgozott (1953\u20131979. okt. 1.). F\u0151gy\u00f3gyszer\u00e9szi vizsg\u00e1t tett (1972). Irod.: P\u00e9ter H. M.<\/p>\n","protected":false},"featured_media":0,"comment_status":"open","ping_status":"closed","template":"","meta":[],"product_brand":[],"product_cat":[137],"product_tag":[],"class_list":{"0":"post-6320","1":"product","2":"type-product","3":"status-publish","5":"product_cat-maros-megyei-eletrajzi-lexikon","7":"first","8":"instock","9":"shipping-taxable","10":"product-type-simple"},"_links":{"self":[{"href":"https:\/\/uj.adatbank.ro\/lexikon\/wp-json\/wp\/v2\/product\/6320","targetHints":{"allow":["GET"]}}],"collection":[{"href":"https:\/\/uj.adatbank.ro\/lexikon\/wp-json\/wp\/v2\/product"}],"about":[{"href":"https:\/\/uj.adatbank.ro\/lexikon\/wp-json\/wp\/v2\/types\/product"}],"replies":[{"embeddable":true,"href":"https:\/\/uj.adatbank.ro\/lexikon\/wp-json\/wp\/v2\/comments?post=6320"}],"wp:attachment":[{"href":"https:\/\/uj.adatbank.ro\/lexikon\/wp-json\/wp\/v2\/media?parent=6320"}],"wp:term":[{"taxonomy":"product_brand","embeddable":true,"href":"https:\/\/uj.adatbank.ro\/lexikon\/wp-json\/wp\/v2\/product_brand?post=6320"},{"taxonomy":"product_cat","embeddable":true,"href":"https:\/\/uj.adatbank.ro\/lexikon\/wp-json\/wp\/v2\/product_cat?post=6320"},{"taxonomy":"product_tag","embeddable":true,"href":"https:\/\/uj.adatbank.ro\/lexikon\/wp-json\/wp\/v2\/product_tag?post=6320"}],"curies":[{"name":"wp","href":"https:\/\/api.w.org\/{rel}","templated":true}]}}