{"id":6321,"date":"2025-06-28T17:48:08","date_gmt":"2025-06-28T15:48:08","guid":{"rendered":"https:\/\/uj.adatbank.ro\/lexikon\/termek\/csizer-zoltan-dr-%c2%a7\/"},"modified":"2025-06-28T17:48:08","modified_gmt":"2025-06-28T15:48:08","slug":"csizer-zoltan-dr-%c2%a7","status":"publish","type":"product","link":"https:\/\/uj.adatbank.ro\/lexikon\/termek\/csizer-zoltan-dr-%c2%a7\/","title":{"rendered":"CSIZ\u00c9R Zolt\u00e1n, dr., \u00a7"},"content":{"rendered":"<p>Magyarl\u00e1pos, 1917. febr. 9., \u2020 Mv., 1996. okt. 23.: seb\u00e9szorvos, egyetemi tan\u00e1r. \u2013 Feles\u00e9ge: P\u00e9terffy Anna-M\u00e1ria (Nyik\u00f3malomfalva, (1918. szept. 15., &#8211;\u00a0Mv., 1997. szept. 4.) k\u00f6nyvt\u00e1ros, a MMK munkat\u00e1rsa (1961. dec. 12. \u201366. dec. 1.). &#8211; \u00c9retts\u00e9gizett Nagyb\u00e1ny\u00e1n (1934); az orvosi egyetemet Kv.-on v\u00e9gezte (1940); az orvostudom\u00e1nyok doktora (1970). Kv.-on a Seb\u00e9szeti Klinik\u00e1n egyetemi tan\u00e1rseg\u00e9d (1939\u201345); a sz\u00e9kelyudvarhelyi k\u00f3rh\u00e1z seb\u00e9szeti oszt\u00e1ly\u00e1nak vezet\u0151je (1945\u201350); a mv.-i Sebszeti Klinik\u00e1n seb\u00e9szszakorvos, f\u0151orvos (1950\u201351, 1957\u201380); a MOGYI \u00e1ltal\u00e1nos orvoskar\u00e1n d\u00e9k\u00e1n (1951. jan. 1. \u2013 1953. \u00e1pr. 30.), el\u0151ad\u00f3tan\u00e1r; \u00c9szak-Kore\u00e1ban \u00f6nk\u00e9ntes f\u0151orvos, a rom\u00e1n V\u00f6r\u00f6skereszt orvoscsoportj\u00e1nak vezet\u0151je (1951\u201353); Buk.-ben a Rom\u00e1n V\u00f6r\u00f6skereszt aleln\u00f6ke (1953\u201355); a mv.-i T\u00fcd\u0151seb\u00e9szeti Klinik\u00e1n f\u0151kutat\u00f3 (1953\u201357); K\u00e9pz\u0151m\u0171v\u00e9szettel is foglalkozott (1938\u2013): szobrokat, grafik\u00e1kat, karikat\u00far\u00e1kat k\u00e9sz\u00edtett, amelyeketkel ki\u00e1ll\u00edt\u00e1sokon is szerepelt (pl. 1971). A Nemzetk\u00f6zi Seb\u00e9szeti T\u00e1rsas\u00e1g (1966\u2013) \u00e9s az OTT tagja (1961\u2013). Az eg\u00e9szs\u00e9g\u00fcgyi munk\u00e1ban \u00e9lenj\u00e1r\u00f3 (1950), \u00faj\u00edt\u00f3 kit\u00fcntet\u00e9s (1977) birtokosa. Kutat\u00e1si ter\u00fclete: \u00e1ltal\u00e1nos seb\u00e9szet, t\u00fcd\u0151seb\u00e9szet, szerv\u00e1t\u00fcltet\u00e9s. 90 hazai \u00e9s k\u00fclf\u00f6ld\u00f6n megjelent tudom\u00e1nyos dolgozat szerz\u0151je. Tanulm\u00e1nyai, <strong>Cikkei:<\/strong> Orvosi Szemle, Chirurgia, Rrevista Medical\u0103 foly\u00f3iratokban jelentek meg. \u2013 <strong>F. m.:<\/strong> Transplantarea organelor \u015fi \u0163esuturilor (Tg. M., 1967); Propedeutica chirurgical\u0103. Curs. (Tg. M., 1973) Seb\u00e9szeti propedeutika \u00e9s t\u00fcnettan (Mv., 1978); <strong>t\u00e1rssz.:<\/strong> Curs de semiologie chirurgical\u0103 (1972); Patologia sistemului cav inferior (1973); Seb\u00e9szeti t\u00fcnettan (Mv., 1974); Patologie chirurgical\u0103 (Bancu Emilian, Georgescu T-vel, Buc., 1979, 1983). <br \/><strong>Irod.:<\/strong> Aranykorszak; Genersich; Id\u0151t\u00e1r 4.; IMF; Kiss Cs. M 4.; KKACs; [Nekrol\u00f3g] (N\u00fa., 1996. okt. 24.); Barab\u00e1s-P\u00e9ter M.\u2013P\u00e9ter H. M.; RMIL; RMKK; Todea\u2013F\u00fcl\u00f6p\u2013Avram<\/br><\/p>\n","protected":false},"excerpt":{"rendered":"<p>Magyarl\u00e1pos, 1917. febr. 9., \u2020 Mv., 1996. okt. 23.: seb\u00e9szorvos, egyetemi tan\u00e1r. \u2013 Feles\u00e9ge: P\u00e9terffy Anna-M\u00e1ria (Nyik\u00f3malomfalva, (1918. szept. 15., &#8211;\u00a0Mv., 1997. szept. 4.) k\u00f6nyvt\u00e1ros, a MMK munkat\u00e1rsa (1961. dec. 12. \u201366. dec. 1.). &#8211; \u00c9retts\u00e9gizett Nagyb\u00e1ny\u00e1n (1934); az orvosi egyetemet Kv.-on v\u00e9gezte (1940); az orvostudom\u00e1nyok doktora (1970). Kv.-on a Seb\u00e9szeti Klinik\u00e1n egyetemi tan\u00e1rseg\u00e9d (1939\u201345); [&hellip;]<\/p>\n","protected":false},"featured_media":0,"comment_status":"open","ping_status":"closed","template":"","meta":[],"product_brand":[],"product_cat":[137],"product_tag":[],"class_list":{"0":"post-6321","1":"product","2":"type-product","3":"status-publish","5":"product_cat-maros-megyei-eletrajzi-lexikon","7":"first","8":"instock","9":"shipping-taxable","10":"product-type-simple"},"_links":{"self":[{"href":"https:\/\/uj.adatbank.ro\/lexikon\/wp-json\/wp\/v2\/product\/6321","targetHints":{"allow":["GET"]}}],"collection":[{"href":"https:\/\/uj.adatbank.ro\/lexikon\/wp-json\/wp\/v2\/product"}],"about":[{"href":"https:\/\/uj.adatbank.ro\/lexikon\/wp-json\/wp\/v2\/types\/product"}],"replies":[{"embeddable":true,"href":"https:\/\/uj.adatbank.ro\/lexikon\/wp-json\/wp\/v2\/comments?post=6321"}],"wp:attachment":[{"href":"https:\/\/uj.adatbank.ro\/lexikon\/wp-json\/wp\/v2\/media?parent=6321"}],"wp:term":[{"taxonomy":"product_brand","embeddable":true,"href":"https:\/\/uj.adatbank.ro\/lexikon\/wp-json\/wp\/v2\/product_brand?post=6321"},{"taxonomy":"product_cat","embeddable":true,"href":"https:\/\/uj.adatbank.ro\/lexikon\/wp-json\/wp\/v2\/product_cat?post=6321"},{"taxonomy":"product_tag","embeddable":true,"href":"https:\/\/uj.adatbank.ro\/lexikon\/wp-json\/wp\/v2\/product_tag?post=6321"}],"curies":[{"name":"wp","href":"https:\/\/api.w.org\/{rel}","templated":true}]}}