{"id":6322,"date":"2025-06-28T17:48:10","date_gmt":"2025-06-28T15:48:10","guid":{"rendered":"https:\/\/uj.adatbank.ro\/lexikon\/termek\/csizmadia-humilis-lazar\/"},"modified":"2025-06-28T17:48:10","modified_gmt":"2025-06-28T15:48:10","slug":"csizmadia-humilis-lazar","status":"publish","type":"product","link":"https:\/\/uj.adatbank.ro\/lexikon\/termek\/csizmadia-humilis-lazar\/","title":{"rendered":"CSIZMADIA Humilis L\u00e1z\u00e1r"},"content":{"rendered":"<p>Jobb\u00e1gyfalva, 1904. aug. 3., \u2020\u00a0?\u00a0: r. k. ferences szerzetes. \u2013 Be\u00f6lt\u00f6z\u00f6tt (1929. febr. 2.). <br \/><strong>Irod.:<\/strong> Gy\u00f6rgy: A ferencrendiek<\/br><\/p>\n","protected":false},"excerpt":{"rendered":"<p>Jobb\u00e1gyfalva, 1904. aug. 3., \u2020\u00a0?\u00a0: r. k. ferences szerzetes. \u2013 Be\u00f6lt\u00f6z\u00f6tt (1929. febr. 2.). Irod.: Gy\u00f6rgy: A ferencrendiek<\/p>\n","protected":false},"featured_media":0,"comment_status":"open","ping_status":"closed","template":"","meta":[],"product_brand":[],"product_cat":[137],"product_tag":[],"class_list":{"0":"post-6322","1":"product","2":"type-product","3":"status-publish","5":"product_cat-maros-megyei-eletrajzi-lexikon","7":"first","8":"instock","9":"shipping-taxable","10":"product-type-simple"},"_links":{"self":[{"href":"https:\/\/uj.adatbank.ro\/lexikon\/wp-json\/wp\/v2\/product\/6322","targetHints":{"allow":["GET"]}}],"collection":[{"href":"https:\/\/uj.adatbank.ro\/lexikon\/wp-json\/wp\/v2\/product"}],"about":[{"href":"https:\/\/uj.adatbank.ro\/lexikon\/wp-json\/wp\/v2\/types\/product"}],"replies":[{"embeddable":true,"href":"https:\/\/uj.adatbank.ro\/lexikon\/wp-json\/wp\/v2\/comments?post=6322"}],"wp:attachment":[{"href":"https:\/\/uj.adatbank.ro\/lexikon\/wp-json\/wp\/v2\/media?parent=6322"}],"wp:term":[{"taxonomy":"product_brand","embeddable":true,"href":"https:\/\/uj.adatbank.ro\/lexikon\/wp-json\/wp\/v2\/product_brand?post=6322"},{"taxonomy":"product_cat","embeddable":true,"href":"https:\/\/uj.adatbank.ro\/lexikon\/wp-json\/wp\/v2\/product_cat?post=6322"},{"taxonomy":"product_tag","embeddable":true,"href":"https:\/\/uj.adatbank.ro\/lexikon\/wp-json\/wp\/v2\/product_tag?post=6322"}],"curies":[{"name":"wp","href":"https:\/\/api.w.org\/{rel}","templated":true}]}}