{"id":6326,"date":"2025-06-28T17:48:17","date_gmt":"2025-06-28T15:48:17","guid":{"rendered":"https:\/\/uj.adatbank.ro\/lexikon\/termek\/csizmadia-szabo-peter-csizmadia-peter-id\/"},"modified":"2025-06-28T17:48:17","modified_gmt":"2025-06-28T15:48:17","slug":"csizmadia-szabo-peter-csizmadia-peter-id","status":"publish","type":"product","link":"https:\/\/uj.adatbank.ro\/lexikon\/termek\/csizmadia-szabo-peter-csizmadia-peter-id\/","title":{"rendered":"CSIZMADIA SZAB\u00d3 P\u00e9ter, Csizmadia P\u00e9ter; id."},"content":{"rendered":"<p>? \u2020\u00a0? : b\u00edr\u00f3. \u2013 Mv.-i v\u00e1rosb\u00edr\u00f3 (1633, 1634), c\u00edmere van. <br \/><strong>Irod.:<\/strong> Fodor\u2013Bal\u00e1s; Id\u0151t\u00e1r 1; Marossz\u00e9ki kr\u00f3nik\u00e1k 1; Szentgy\u00f6rgyi<\/br><\/p>\n","protected":false},"excerpt":{"rendered":"<p>? \u2020\u00a0? : b\u00edr\u00f3. \u2013 Mv.-i v\u00e1rosb\u00edr\u00f3 (1633, 1634), c\u00edmere van. Irod.: Fodor\u2013Bal\u00e1s; Id\u0151t\u00e1r 1; Marossz\u00e9ki kr\u00f3nik\u00e1k 1; Szentgy\u00f6rgyi<\/p>\n","protected":false},"featured_media":0,"comment_status":"open","ping_status":"closed","template":"","meta":[],"product_brand":[],"product_cat":[137],"product_tag":[],"class_list":{"0":"post-6326","1":"product","2":"type-product","3":"status-publish","5":"product_cat-maros-megyei-eletrajzi-lexikon","7":"first","8":"instock","9":"shipping-taxable","10":"product-type-simple"},"_links":{"self":[{"href":"https:\/\/uj.adatbank.ro\/lexikon\/wp-json\/wp\/v2\/product\/6326","targetHints":{"allow":["GET"]}}],"collection":[{"href":"https:\/\/uj.adatbank.ro\/lexikon\/wp-json\/wp\/v2\/product"}],"about":[{"href":"https:\/\/uj.adatbank.ro\/lexikon\/wp-json\/wp\/v2\/types\/product"}],"replies":[{"embeddable":true,"href":"https:\/\/uj.adatbank.ro\/lexikon\/wp-json\/wp\/v2\/comments?post=6326"}],"wp:attachment":[{"href":"https:\/\/uj.adatbank.ro\/lexikon\/wp-json\/wp\/v2\/media?parent=6326"}],"wp:term":[{"taxonomy":"product_brand","embeddable":true,"href":"https:\/\/uj.adatbank.ro\/lexikon\/wp-json\/wp\/v2\/product_brand?post=6326"},{"taxonomy":"product_cat","embeddable":true,"href":"https:\/\/uj.adatbank.ro\/lexikon\/wp-json\/wp\/v2\/product_cat?post=6326"},{"taxonomy":"product_tag","embeddable":true,"href":"https:\/\/uj.adatbank.ro\/lexikon\/wp-json\/wp\/v2\/product_tag?post=6326"}],"curies":[{"name":"wp","href":"https:\/\/api.w.org\/{rel}","templated":true}]}}