{"id":6328,"date":"2025-06-28T17:48:21","date_gmt":"2025-06-28T15:48:21","guid":{"rendered":"https:\/\/uj.adatbank.ro\/lexikon\/termek\/csobot-marton\/"},"modified":"2025-06-28T17:48:21","modified_gmt":"2025-06-28T15:48:21","slug":"csobot-marton","status":"publish","type":"product","link":"https:\/\/uj.adatbank.ro\/lexikon\/termek\/csobot-marton\/","title":{"rendered":"CSOBOT M\u00e1rton"},"content":{"rendered":"<p>K\u00e1szon\u00fajfalu, ? \u2020\u00a01789. j\u00fan. 30.: r. k pap. \u2013 Kv.-on (1750\u201354) \u00e9s Gyulafeh\u00e9rv\u00e1ron (1755\u201359) tanult. Papp\u00e1 szentelt\u00e9k (1758. m\u00e1rc. 25.). K\u00e1pl\u00e1n volt Abosfalv\u00e1n (1758), pl\u00e9b\u00e1nos (1762\u201369), Fut\u00e1sfalv\u00e1n (1773), K\u00e1szonjakabfalv\u00e1n (1786). <br \/><strong>Irod.:<\/strong> Ferenczi S\u00e1ndor 2009<\/br><\/p>\n","protected":false},"excerpt":{"rendered":"<p>K\u00e1szon\u00fajfalu, ? \u2020\u00a01789. j\u00fan. 30.: r. k pap. \u2013 Kv.-on (1750\u201354) \u00e9s Gyulafeh\u00e9rv\u00e1ron (1755\u201359) tanult. Papp\u00e1 szentelt\u00e9k (1758. m\u00e1rc. 25.). K\u00e1pl\u00e1n volt Abosfalv\u00e1n (1758), pl\u00e9b\u00e1nos (1762\u201369), Fut\u00e1sfalv\u00e1n (1773), K\u00e1szonjakabfalv\u00e1n (1786). Irod.: Ferenczi S\u00e1ndor 2009<\/p>\n","protected":false},"featured_media":0,"comment_status":"open","ping_status":"closed","template":"","meta":[],"product_brand":[],"product_cat":[137],"product_tag":[],"class_list":{"0":"post-6328","1":"product","2":"type-product","3":"status-publish","5":"product_cat-maros-megyei-eletrajzi-lexikon","7":"first","8":"instock","9":"shipping-taxable","10":"product-type-simple"},"_links":{"self":[{"href":"https:\/\/uj.adatbank.ro\/lexikon\/wp-json\/wp\/v2\/product\/6328","targetHints":{"allow":["GET"]}}],"collection":[{"href":"https:\/\/uj.adatbank.ro\/lexikon\/wp-json\/wp\/v2\/product"}],"about":[{"href":"https:\/\/uj.adatbank.ro\/lexikon\/wp-json\/wp\/v2\/types\/product"}],"replies":[{"embeddable":true,"href":"https:\/\/uj.adatbank.ro\/lexikon\/wp-json\/wp\/v2\/comments?post=6328"}],"wp:attachment":[{"href":"https:\/\/uj.adatbank.ro\/lexikon\/wp-json\/wp\/v2\/media?parent=6328"}],"wp:term":[{"taxonomy":"product_brand","embeddable":true,"href":"https:\/\/uj.adatbank.ro\/lexikon\/wp-json\/wp\/v2\/product_brand?post=6328"},{"taxonomy":"product_cat","embeddable":true,"href":"https:\/\/uj.adatbank.ro\/lexikon\/wp-json\/wp\/v2\/product_cat?post=6328"},{"taxonomy":"product_tag","embeddable":true,"href":"https:\/\/uj.adatbank.ro\/lexikon\/wp-json\/wp\/v2\/product_tag?post=6328"}],"curies":[{"name":"wp","href":"https:\/\/api.w.org\/{rel}","templated":true}]}}