{"id":6329,"date":"2025-06-28T17:48:24","date_gmt":"2025-06-28T15:48:24","guid":{"rendered":"https:\/\/uj.adatbank.ro\/lexikon\/termek\/csogor-erzsebet-falk-erzsebet-csogor-lajosne\/"},"modified":"2025-06-28T17:48:24","modified_gmt":"2025-06-28T15:48:24","slug":"csogor-erzsebet-falk-erzsebet-csogor-lajosne","status":"publish","type":"product","link":"https:\/\/uj.adatbank.ro\/lexikon\/termek\/csogor-erzsebet-falk-erzsebet-csogor-lajosne\/","title":{"rendered":"CS\u0150G\u00d6R Erzs\u00e9bet; Falk Erzs\u00e9bet; Cs\u00f6g\u00f6r Lajosn\u00e9"},"content":{"rendered":"<p>Kv., 1911. nov. 4., \u2020 Bp., 1996. m\u00e1rc. 19.: pszichol\u00f3gus, professzor, l\u00e9lektani szak\u00edr\u00f3. \u2013 Tanult Kv.-on, a rom\u00e1n egy. l\u00e9lektan\u00ad-pedag\u00f3gia-szociol\u00f3gia szak\u00e1n v\u00e9gzett (1935). P\u00e1rizsban pszichol\u00f3gi\u00e1t tanult. Kv.-on az \u00e1ltala szervezett Napk\u00f6zi Otthon vezet\u0151k\u00e9pz\u0151 isk. igazgat\u00f3ja. K\u00e9s\u0151bb Mv.-en beind\u00edtotta \u00e9s t\u00f6bb \u00e9vig vezette az Any\u00e1k Isk. -j\u00e1t, a Tudom\u00e1ny- \u00e9s Kult\u00faraterjeszt\u0151 T\u00e1rs. el\u0151ad\u00f3ja. Kv.-on a Pszichol\u00f3giai in\u00e9zet l\u00e9lektani tansz\u00e9k\u00e9n tan\u00e1r\u00adseg\u00e9d (1945. aug. 24. \u201348), adjunktus (1948\u201349). A kv.-i m. egy.-en b\u00f6lcs\u00e9szdoktori okleve\u00adlet szerzett (1948). A MOGYI-n az eg\u00e9sz\u00ads\u00e9ges \u00e9s a beteg gyermek l\u00e9lektana tansz\u00e9ken el\u0151ad\u00f3 tan\u00e1r (1949\u201352), a mv.-i Tartom\u00e1nyi Gyermek-poliklinika gy\u00f3gypeda\u00adg\u00f3giai rendel\u0151j\u00e9nek vezet\u0151je (1952\u201355), Pedag\u00f3giai F\u0151iskola l\u00e9lektani tansz\u00e9k\u00e9n el\u0151ad\u00f3 tan\u00e1r (1955\u201361), tansz\u00e9kvezet\u0151 f\u0151isk. tan\u00e1r (1961\u201373). Az OGYI-n szerzett doktori fokozatot. (1967). \u00c1ttelep\u00fclt Mo.-ra (1985). A pszichol\u00f3giai tudom\u00e1ny kandid\u00e1tusa (honos\u00edtva 1987). A Revista de Pedagogie, Orvosi Szemle, Revista Medical\u0103 s m\u00e1s szaklapokban a gyermekl\u00e9lektan k\u00e9rd\u00e9seit t\u00e1rgyalta, a Dolgoz\u00f3 N\u0151 c. foly\u00f3iratban k\u00f6z\u00f6lt A gy\u00f3gypedagogus Napl\u00f3j\u00e1b\u00f3l c. sorozatban a visszamaradott szellemi k\u00e9pess\u00e9g\u0171 gyerekekr\u0151l (1959\u201360), a Nevelj\u00fcnk egy\u00fctt c. sorozatban az \u00fajsz\u00fcl\u00f6tt nevel\u00e9s\u00e9r\u0151l (1960\u201361) \u00e9rtekezett. Fejl\u0151d\u00e9s\u00adl\u00e9lektannal, gyermekl\u00e9lektannal, rehabilit\u00e1ci\u00f3s pszichol\u00f3gi\u00e1val foglalkozott, els\u0151sorban epilep\u00adszi\u00e1s gyermekek rehabilit\u00e1ci\u00f3j\u00e1val. \u2013 <strong>F. m.:<\/strong> A differenci\u00e1lis k\u00f6rnyezeti hat\u00e1sok vizsg\u00e1la\u00adt\u00e1nak jelent\u0151s\u00e9ge a csecsem\u0151- \u00e9s a kisgyer\u00admek-l\u00e9lektanban (Kv., 1946); Gyermek\u00adl\u00e9lektan (egy. jegyzet; Kv., 1946); Gyermekl\u00e9lektan (Kv., 1948); \u00c1lta\u00adl\u00e1nos l\u00e9lektani alapfogalmak. Ideg- \u00e9s elme\u00adk\u00f3rtan (Mv., 1958); Gyermek- \u00e9s nevel\u00e9sl\u00e9lektani jegyzetek (Mv., 1961); Az egyenl\u0151tlens\u00e9gi egy\u00fctthat\u00f3 mate\u00admatikai kifejez\u00e9se. Az egyenl\u0151tlens\u00e9g mate\u00admatikai modellje (Mv.-i Ped. F\u0151isk. \u00c9vk., 1970). <br \/><strong>Irod.:<\/strong> Genersich; KKACs; [Nekrol\u00f3g] (N\u00fa., 1996. m\u00e1rc. 22.); RMIL; R\u00daL; Todea\u2013F\u00fcl\u00f6p\u2013Avram; T\u00f3th\u2013G\u00e1bor; \u00daM\u00c9L; Viharban<\/br><\/p>\n","protected":false},"excerpt":{"rendered":"<p>Kv., 1911. nov. 4., \u2020 Bp., 1996. m\u00e1rc. 19.: pszichol\u00f3gus, professzor, l\u00e9lektani szak\u00edr\u00f3. \u2013 Tanult Kv.-on, a rom\u00e1n egy. l\u00e9lektan\u00ad-pedag\u00f3gia-szociol\u00f3gia szak\u00e1n v\u00e9gzett (1935). P\u00e1rizsban pszichol\u00f3gi\u00e1t tanult. Kv.-on az \u00e1ltala szervezett Napk\u00f6zi Otthon vezet\u0151k\u00e9pz\u0151 isk. igazgat\u00f3ja. K\u00e9s\u0151bb Mv.-en beind\u00edtotta \u00e9s t\u00f6bb \u00e9vig vezette az Any\u00e1k Isk. -j\u00e1t, a Tudom\u00e1ny- \u00e9s Kult\u00faraterjeszt\u0151 T\u00e1rs. el\u0151ad\u00f3ja. Kv.-on a Pszichol\u00f3giai [&hellip;]<\/p>\n","protected":false},"featured_media":0,"comment_status":"open","ping_status":"closed","template":"","meta":[],"product_brand":[],"product_cat":[137],"product_tag":[],"class_list":{"0":"post-6329","1":"product","2":"type-product","3":"status-publish","5":"product_cat-maros-megyei-eletrajzi-lexikon","7":"first","8":"instock","9":"shipping-taxable","10":"product-type-simple"},"_links":{"self":[{"href":"https:\/\/uj.adatbank.ro\/lexikon\/wp-json\/wp\/v2\/product\/6329","targetHints":{"allow":["GET"]}}],"collection":[{"href":"https:\/\/uj.adatbank.ro\/lexikon\/wp-json\/wp\/v2\/product"}],"about":[{"href":"https:\/\/uj.adatbank.ro\/lexikon\/wp-json\/wp\/v2\/types\/product"}],"replies":[{"embeddable":true,"href":"https:\/\/uj.adatbank.ro\/lexikon\/wp-json\/wp\/v2\/comments?post=6329"}],"wp:attachment":[{"href":"https:\/\/uj.adatbank.ro\/lexikon\/wp-json\/wp\/v2\/media?parent=6329"}],"wp:term":[{"taxonomy":"product_brand","embeddable":true,"href":"https:\/\/uj.adatbank.ro\/lexikon\/wp-json\/wp\/v2\/product_brand?post=6329"},{"taxonomy":"product_cat","embeddable":true,"href":"https:\/\/uj.adatbank.ro\/lexikon\/wp-json\/wp\/v2\/product_cat?post=6329"},{"taxonomy":"product_tag","embeddable":true,"href":"https:\/\/uj.adatbank.ro\/lexikon\/wp-json\/wp\/v2\/product_tag?post=6329"}],"curies":[{"name":"wp","href":"https:\/\/api.w.org\/{rel}","templated":true}]}}