{"id":6332,"date":"2025-06-28T17:48:33","date_gmt":"2025-06-28T15:48:33","guid":{"rendered":"https:\/\/uj.adatbank.ro\/lexikon\/termek\/csok-janos-csikfalvi-csok-janos-tsikfalvi-tsok-janos\/"},"modified":"2025-06-28T17:48:33","modified_gmt":"2025-06-28T15:48:33","slug":"csok-janos-csikfalvi-csok-janos-tsikfalvi-tsok-janos","status":"publish","type":"product","link":"https:\/\/uj.adatbank.ro\/lexikon\/termek\/csok-janos-csikfalvi-csok-janos-tsikfalvi-tsok-janos\/","title":{"rendered":"CS\u00d3K J\u00e1nos, cs\u00edkfalvi, Csok J\u00e1nos, Tsikfalvi Tsok J\u00e1nos"},"content":{"rendered":"<p>Cs\u00edkfalva, 18. sz. v\u00e9ge, ? \u2020\u00a0? : b\u00fatorfest\u0151, asztalos, \u00e1csmester. \u2013 Neves kiz\u00e1r\u00f3lag protest\u00e1ns templom- \u00e9s torony\u00e9p\u00edt\u0151 mester. Maros \u2013 \u00e9s Udvarhelysz\u00e9ken maradtak fenn munk\u00e1i: Ny\u00e1r\u00e1dszentm\u00e1rtonban az unit templom fapadl\u00f3zat\u00e1t k\u00e9sz\u00edtette (1774), a sikl\u00f3di fatornyot \u00e9p\u00edtette a ref. templom mell\u00e9 (1784). A nagyernyei ref. templom \u00e9p\u00edt\u00e9s\u00e9n\u00e9l dolgozott (1780\u201384), a festett mennyezete megsemmis\u00fclt (1946). Kis- \u00e9s Nagykenden dolgozott (1788\u201391), a templom tet\u0151zet\u00e9t, kazett\u00e1s mennyezet\u00e9t, a karzatot, a padokat s a templomajt\u00f3kat k\u00e9sz\u00edtette, a sz\u00f3sz\u00e9k-koron\u00e1t meg\u00faj\u00edtotta, az \u00e1ltala k\u00e9sz\u00edtett templomi s\u00e1rk\u00e1nyp\u00e1rok v\u00e1ltak a falu kapuinak jellegzetes mint\u00e1iv\u00e1 is. Nagy S\u00e1ndor cs\u00edkfalvi f\u00f6ldes\u00far k\u00e9r\u00e9s\u00e9re, a helyi unit. -ok r\u00e9sz\u00e9re harangl\u00e1bat \u00e9p\u00edtett (1795), jav\u00edt\u00e1sokkal mindm\u00e1ig l\u00e9tezik. A kecsedkisfaludi ref. templom mell\u00e9 fatornyot kezdett \u00e9p\u00edteni, de balesete miatt nem tudta befjezni (1795), ma a torony m\u0171eml\u00e9k \u00e9p\u00fcletk\u00e9nt szerepel. \u00e9s a ny\u00e1r\u00e1dszeredai fa harangl\u00e1b. <br \/><strong>Irod.:<\/strong> Cs\u00edkfalva; Nemes Gyula: Cs\u00edkfalvi Cs\u00f3k J\u00e1nos asztalos- \u00e9s \u00e1csmester munk\u00e1ss\u00e1ga (\u00d6r\u00f6ks\u00e9g\u00fcnk, 1. sz., 2010); P\u00e9terfy 2005<\/br><\/p>\n","protected":false},"excerpt":{"rendered":"<p>Cs\u00edkfalva, 18. sz. v\u00e9ge, ? \u2020\u00a0? : b\u00fatorfest\u0151, asztalos, \u00e1csmester. \u2013 Neves kiz\u00e1r\u00f3lag protest\u00e1ns templom- \u00e9s torony\u00e9p\u00edt\u0151 mester. Maros \u2013 \u00e9s Udvarhelysz\u00e9ken maradtak fenn munk\u00e1i: Ny\u00e1r\u00e1dszentm\u00e1rtonban az unit templom fapadl\u00f3zat\u00e1t k\u00e9sz\u00edtette (1774), a sikl\u00f3di fatornyot \u00e9p\u00edtette a ref. templom mell\u00e9 (1784). A nagyernyei ref. templom \u00e9p\u00edt\u00e9s\u00e9n\u00e9l dolgozott (1780\u201384), a festett mennyezete megsemmis\u00fclt (1946). Kis- \u00e9s [&hellip;]<\/p>\n","protected":false},"featured_media":0,"comment_status":"open","ping_status":"closed","template":"","meta":[],"product_brand":[],"product_cat":[137],"product_tag":[],"class_list":{"0":"post-6332","1":"product","2":"type-product","3":"status-publish","5":"product_cat-maros-megyei-eletrajzi-lexikon","7":"first","8":"instock","9":"shipping-taxable","10":"product-type-simple"},"_links":{"self":[{"href":"https:\/\/uj.adatbank.ro\/lexikon\/wp-json\/wp\/v2\/product\/6332","targetHints":{"allow":["GET"]}}],"collection":[{"href":"https:\/\/uj.adatbank.ro\/lexikon\/wp-json\/wp\/v2\/product"}],"about":[{"href":"https:\/\/uj.adatbank.ro\/lexikon\/wp-json\/wp\/v2\/types\/product"}],"replies":[{"embeddable":true,"href":"https:\/\/uj.adatbank.ro\/lexikon\/wp-json\/wp\/v2\/comments?post=6332"}],"wp:attachment":[{"href":"https:\/\/uj.adatbank.ro\/lexikon\/wp-json\/wp\/v2\/media?parent=6332"}],"wp:term":[{"taxonomy":"product_brand","embeddable":true,"href":"https:\/\/uj.adatbank.ro\/lexikon\/wp-json\/wp\/v2\/product_brand?post=6332"},{"taxonomy":"product_cat","embeddable":true,"href":"https:\/\/uj.adatbank.ro\/lexikon\/wp-json\/wp\/v2\/product_cat?post=6332"},{"taxonomy":"product_tag","embeddable":true,"href":"https:\/\/uj.adatbank.ro\/lexikon\/wp-json\/wp\/v2\/product_tag?post=6332"}],"curies":[{"name":"wp","href":"https:\/\/api.w.org\/{rel}","templated":true}]}}