{"id":6334,"date":"2025-06-28T17:48:37","date_gmt":"2025-06-28T15:48:37","guid":{"rendered":"https:\/\/uj.adatbank.ro\/lexikon\/termek\/csokfalvi-daniel\/"},"modified":"2025-06-28T17:48:37","modified_gmt":"2025-06-28T15:48:37","slug":"csokfalvi-daniel","status":"publish","type":"product","link":"https:\/\/uj.adatbank.ro\/lexikon\/termek\/csokfalvi-daniel\/","title":{"rendered":"CS\u00d3KFALVI D\u00e1niel"},"content":{"rendered":"<p>? \u2020\u00a017. sz. : unit. lelk\u00e9sz, esperes. \u2013 Sz\u00e9kelykereszt\u00far\u00f3n szolg\u00e1lt. Csokfalv\u00e1n unit. iskolamester (1700-as \u00e9vek) <br \/><strong>Irod.:<\/strong> K. L. M\u0171v. t\u00f6rt. tan. 2.; Kelemen<\/br><\/p>\n","protected":false},"excerpt":{"rendered":"<p>? \u2020\u00a017. sz. : unit. lelk\u00e9sz, esperes. \u2013 Sz\u00e9kelykereszt\u00far\u00f3n szolg\u00e1lt. Csokfalv\u00e1n unit. iskolamester (1700-as \u00e9vek) Irod.: K. L. M\u0171v. t\u00f6rt. tan. 2.; Kelemen<\/p>\n","protected":false},"featured_media":0,"comment_status":"open","ping_status":"closed","template":"","meta":[],"product_brand":[],"product_cat":[137],"product_tag":[],"class_list":{"0":"post-6334","1":"product","2":"type-product","3":"status-publish","5":"product_cat-maros-megyei-eletrajzi-lexikon","7":"first","8":"instock","9":"shipping-taxable","10":"product-type-simple"},"_links":{"self":[{"href":"https:\/\/uj.adatbank.ro\/lexikon\/wp-json\/wp\/v2\/product\/6334","targetHints":{"allow":["GET"]}}],"collection":[{"href":"https:\/\/uj.adatbank.ro\/lexikon\/wp-json\/wp\/v2\/product"}],"about":[{"href":"https:\/\/uj.adatbank.ro\/lexikon\/wp-json\/wp\/v2\/types\/product"}],"replies":[{"embeddable":true,"href":"https:\/\/uj.adatbank.ro\/lexikon\/wp-json\/wp\/v2\/comments?post=6334"}],"wp:attachment":[{"href":"https:\/\/uj.adatbank.ro\/lexikon\/wp-json\/wp\/v2\/media?parent=6334"}],"wp:term":[{"taxonomy":"product_brand","embeddable":true,"href":"https:\/\/uj.adatbank.ro\/lexikon\/wp-json\/wp\/v2\/product_brand?post=6334"},{"taxonomy":"product_cat","embeddable":true,"href":"https:\/\/uj.adatbank.ro\/lexikon\/wp-json\/wp\/v2\/product_cat?post=6334"},{"taxonomy":"product_tag","embeddable":true,"href":"https:\/\/uj.adatbank.ro\/lexikon\/wp-json\/wp\/v2\/product_tag?post=6334"}],"curies":[{"name":"wp","href":"https:\/\/api.w.org\/{rel}","templated":true}]}}