{"id":6335,"date":"2025-06-28T17:48:39","date_gmt":"2025-06-28T15:48:39","guid":{"rendered":"https:\/\/uj.adatbank.ro\/lexikon\/termek\/csokonai-vitez-mihaly\/"},"modified":"2025-06-28T17:48:39","modified_gmt":"2025-06-28T15:48:39","slug":"csokonai-vitez-mihaly","status":"publish","type":"product","link":"https:\/\/uj.adatbank.ro\/lexikon\/termek\/csokonai-vitez-mihaly\/","title":{"rendered":"CSOKONAI Vit\u00e9z Mih\u00e1ly"},"content":{"rendered":"<p>Debrecen, 1773. nov. 10., \u2020 Debrecen, 1805. jan. 28.: k\u00f6lt\u0151. \u2013 Kapcsolatba ker\u00fcl Aranka Gy\u00f6rgygyel, leveleztek, \u00edgy \u00edrja meg a Marosv\u00e1s\u00e1rhelyi gondolatok c. vers\u00e9t (1798). Eml\u00e9k\u00e9t Mv.-en utca \u00f6rzi (1909\u20131920, 1941\u20131995). <br \/><strong>Irod.:<\/strong> RMIL, 3. k\u00f6t. (Mv. irod. \u00e9lete); Szentgy\u00f6rgyi; Vigh<\/br><\/p>\n","protected":false},"excerpt":{"rendered":"<p>Debrecen, 1773. nov. 10., \u2020 Debrecen, 1805. jan. 28.: k\u00f6lt\u0151. \u2013 Kapcsolatba ker\u00fcl Aranka Gy\u00f6rgygyel, leveleztek, \u00edgy \u00edrja meg a Marosv\u00e1s\u00e1rhelyi gondolatok c. vers\u00e9t (1798). Eml\u00e9k\u00e9t Mv.-en utca \u00f6rzi (1909\u20131920, 1941\u20131995). Irod.: RMIL, 3. k\u00f6t. (Mv. irod. \u00e9lete); Szentgy\u00f6rgyi; Vigh<\/p>\n","protected":false},"featured_media":0,"comment_status":"open","ping_status":"closed","template":"","meta":[],"product_brand":[],"product_cat":[137],"product_tag":[],"class_list":{"0":"post-6335","1":"product","2":"type-product","3":"status-publish","5":"product_cat-maros-megyei-eletrajzi-lexikon","7":"first","8":"instock","9":"shipping-taxable","10":"product-type-simple"},"_links":{"self":[{"href":"https:\/\/uj.adatbank.ro\/lexikon\/wp-json\/wp\/v2\/product\/6335","targetHints":{"allow":["GET"]}}],"collection":[{"href":"https:\/\/uj.adatbank.ro\/lexikon\/wp-json\/wp\/v2\/product"}],"about":[{"href":"https:\/\/uj.adatbank.ro\/lexikon\/wp-json\/wp\/v2\/types\/product"}],"replies":[{"embeddable":true,"href":"https:\/\/uj.adatbank.ro\/lexikon\/wp-json\/wp\/v2\/comments?post=6335"}],"wp:attachment":[{"href":"https:\/\/uj.adatbank.ro\/lexikon\/wp-json\/wp\/v2\/media?parent=6335"}],"wp:term":[{"taxonomy":"product_brand","embeddable":true,"href":"https:\/\/uj.adatbank.ro\/lexikon\/wp-json\/wp\/v2\/product_brand?post=6335"},{"taxonomy":"product_cat","embeddable":true,"href":"https:\/\/uj.adatbank.ro\/lexikon\/wp-json\/wp\/v2\/product_cat?post=6335"},{"taxonomy":"product_tag","embeddable":true,"href":"https:\/\/uj.adatbank.ro\/lexikon\/wp-json\/wp\/v2\/product_tag?post=6335"}],"curies":[{"name":"wp","href":"https:\/\/api.w.org\/{rel}","templated":true}]}}