{"id":6336,"date":"2025-06-28T17:48:41","date_gmt":"2025-06-28T15:48:41","guid":{"rendered":"https:\/\/uj.adatbank.ro\/lexikon\/termek\/csoma-gyula-korosi\/"},"modified":"2025-06-28T17:48:41","modified_gmt":"2025-06-28T15:48:41","slug":"csoma-gyula-korosi","status":"publish","type":"product","link":"https:\/\/uj.adatbank.ro\/lexikon\/termek\/csoma-gyula-korosi\/","title":{"rendered":"CSOMA Gyula, k\u00f6r\u00f6si"},"content":{"rendered":"<p>Sz\u00e9kelyudvarhely, 1902. m\u00e1rc. 28., \u2020 Bp., 1985. j\u00fal. 31.: tan\u00e1r. \u2013 Polg\u00e1ri isk. tan\u00e1ri oklevelet szerzett (1924). B\u00e9k\u00e9scsab\u00e1n polg\u00e1ri isk. \u00e9s fels\u0151 mez\u0151g. isk. tan\u00e1r (1924\u201338) \u00e9s Mez\u0151ber\u00e9nyben (1938\u201341). Mv.-en polg\u00e1ri iskolai igazgat\u00f3 (1941\u201344), az \u00e1ltala alap\u00edtott polg\u00e1ri isk. vezet\u0151je (1941\u201344), a t\u00f6meges iskolarendszer\u0171 feln\u0151ttoktat\u00e1s egyik \u00fatt\u00f6r\u0151je Mo.-on. B\u00e9k\u00e9s vm.-ben a parasztdolgoz\u00f3k isk.-inak szerve\u00adz\u0151je (1945\u201346), Szegeden az \u00e1ltal\u00e1nos isk. feln\u0151ttoktat\u00e1s kezdem\u00e9nyez\u0151je \u00e9s egyik ir\u00e1ny\u00edt\u00f3ja (1946\u201353), Bp.-en a dolgoz\u00f3k \u00e1ltal\u00e1\u00adnos isk. tanfolyam\u00e1nak szervez\u0151je, egy\u00fattal koll\u00e9giumi igazgat\u00f3 (1953\u201370). \u2013 <strong>F. m.:<\/strong> A feln\u0151ttoktat\u00e1s differenci\u00e1lt form\u00e1ir\u00f3l (Szeged, 1951); A Kulich Gyula K\u00f6z\u00e9piskol\u00e1s Fi\u00fakoll\u00e9gium t\u00f6rt\u00e9net\u00e9b\u0151l (Bp., 1976). <br \/><strong>Irod.:<\/strong> \u00daM\u00c9L<\/br><\/p>\n","protected":false},"excerpt":{"rendered":"<p>Sz\u00e9kelyudvarhely, 1902. m\u00e1rc. 28., \u2020 Bp., 1985. j\u00fal. 31.: tan\u00e1r. \u2013 Polg\u00e1ri isk. tan\u00e1ri oklevelet szerzett (1924). B\u00e9k\u00e9scsab\u00e1n polg\u00e1ri isk. \u00e9s fels\u0151 mez\u0151g. isk. tan\u00e1r (1924\u201338) \u00e9s Mez\u0151ber\u00e9nyben (1938\u201341). Mv.-en polg\u00e1ri iskolai igazgat\u00f3 (1941\u201344), az \u00e1ltala alap\u00edtott polg\u00e1ri isk. vezet\u0151je (1941\u201344), a t\u00f6meges iskolarendszer\u0171 feln\u0151ttoktat\u00e1s egyik \u00fatt\u00f6r\u0151je Mo.-on. B\u00e9k\u00e9s vm.-ben a parasztdolgoz\u00f3k isk.-inak szerve\u00adz\u0151je (1945\u201346), [&hellip;]<\/p>\n","protected":false},"featured_media":0,"comment_status":"open","ping_status":"closed","template":"","meta":[],"product_brand":[],"product_cat":[137],"product_tag":[],"class_list":{"0":"post-6336","1":"product","2":"type-product","3":"status-publish","5":"product_cat-maros-megyei-eletrajzi-lexikon","7":"first","8":"instock","9":"shipping-taxable","10":"product-type-simple"},"_links":{"self":[{"href":"https:\/\/uj.adatbank.ro\/lexikon\/wp-json\/wp\/v2\/product\/6336","targetHints":{"allow":["GET"]}}],"collection":[{"href":"https:\/\/uj.adatbank.ro\/lexikon\/wp-json\/wp\/v2\/product"}],"about":[{"href":"https:\/\/uj.adatbank.ro\/lexikon\/wp-json\/wp\/v2\/types\/product"}],"replies":[{"embeddable":true,"href":"https:\/\/uj.adatbank.ro\/lexikon\/wp-json\/wp\/v2\/comments?post=6336"}],"wp:attachment":[{"href":"https:\/\/uj.adatbank.ro\/lexikon\/wp-json\/wp\/v2\/media?parent=6336"}],"wp:term":[{"taxonomy":"product_brand","embeddable":true,"href":"https:\/\/uj.adatbank.ro\/lexikon\/wp-json\/wp\/v2\/product_brand?post=6336"},{"taxonomy":"product_cat","embeddable":true,"href":"https:\/\/uj.adatbank.ro\/lexikon\/wp-json\/wp\/v2\/product_cat?post=6336"},{"taxonomy":"product_tag","embeddable":true,"href":"https:\/\/uj.adatbank.ro\/lexikon\/wp-json\/wp\/v2\/product_tag?post=6336"}],"curies":[{"name":"wp","href":"https:\/\/api.w.org\/{rel}","templated":true}]}}