{"id":6337,"date":"2025-06-28T17:48:43","date_gmt":"2025-06-28T15:48:43","guid":{"rendered":"https:\/\/uj.adatbank.ro\/lexikon\/termek\/csoma-sandor\/"},"modified":"2025-06-28T17:48:43","modified_gmt":"2025-06-28T15:48:43","slug":"csoma-sandor","status":"publish","type":"product","link":"https:\/\/uj.adatbank.ro\/lexikon\/termek\/csoma-sandor\/","title":{"rendered":"CSOMA S\u00e1ndor"},"content":{"rendered":"<p>1915. m\u00e1rc. 17. \u2020 Ratosnya, 1944. szept. 25. : honv\u00e9d. \u2013 Anyja: Somer\u00e1nov Anna. \u2013 27. felder\u00edt\u0151oszt\u00e1ly, ker\u00e9kp\u00e1ros sz\u00e1zadban esett el, az 1237-es magass\u00e1gi ponton, uo. Temett\u00e9k el. <br \/><strong>Irod.:<\/strong> Berekm\u00e9ri 2015<\/br><\/p>\n","protected":false},"excerpt":{"rendered":"<p>1915. m\u00e1rc. 17. \u2020 Ratosnya, 1944. szept. 25. : honv\u00e9d. \u2013 Anyja: Somer\u00e1nov Anna. \u2013 27. felder\u00edt\u0151oszt\u00e1ly, ker\u00e9kp\u00e1ros sz\u00e1zadban esett el, az 1237-es magass\u00e1gi ponton, uo. Temett\u00e9k el. Irod.: Berekm\u00e9ri 2015<\/p>\n","protected":false},"featured_media":0,"comment_status":"open","ping_status":"closed","template":"","meta":[],"product_brand":[],"product_cat":[137],"product_tag":[],"class_list":{"0":"post-6337","1":"product","2":"type-product","3":"status-publish","5":"product_cat-maros-megyei-eletrajzi-lexikon","7":"first","8":"instock","9":"shipping-taxable","10":"product-type-simple"},"_links":{"self":[{"href":"https:\/\/uj.adatbank.ro\/lexikon\/wp-json\/wp\/v2\/product\/6337","targetHints":{"allow":["GET"]}}],"collection":[{"href":"https:\/\/uj.adatbank.ro\/lexikon\/wp-json\/wp\/v2\/product"}],"about":[{"href":"https:\/\/uj.adatbank.ro\/lexikon\/wp-json\/wp\/v2\/types\/product"}],"replies":[{"embeddable":true,"href":"https:\/\/uj.adatbank.ro\/lexikon\/wp-json\/wp\/v2\/comments?post=6337"}],"wp:attachment":[{"href":"https:\/\/uj.adatbank.ro\/lexikon\/wp-json\/wp\/v2\/media?parent=6337"}],"wp:term":[{"taxonomy":"product_brand","embeddable":true,"href":"https:\/\/uj.adatbank.ro\/lexikon\/wp-json\/wp\/v2\/product_brand?post=6337"},{"taxonomy":"product_cat","embeddable":true,"href":"https:\/\/uj.adatbank.ro\/lexikon\/wp-json\/wp\/v2\/product_cat?post=6337"},{"taxonomy":"product_tag","embeddable":true,"href":"https:\/\/uj.adatbank.ro\/lexikon\/wp-json\/wp\/v2\/product_tag?post=6337"}],"curies":[{"name":"wp","href":"https:\/\/api.w.org\/{rel}","templated":true}]}}