{"id":6343,"date":"2025-06-28T17:49:00","date_gmt":"2025-06-28T15:49:00","guid":{"rendered":"https:\/\/uj.adatbank.ro\/lexikon\/termek\/csomos-laszlo\/"},"modified":"2025-06-28T17:49:00","modified_gmt":"2025-06-28T15:49:00","slug":"csomos-laszlo","status":"publish","type":"product","link":"https:\/\/uj.adatbank.ro\/lexikon\/termek\/csomos-laszlo\/","title":{"rendered":"CSOM\u00d3S L\u00e1szl\u00f3"},"content":{"rendered":"<p>D\u00e9s, 1946. \u2020 Mv., 2019: fogorvos. \u2013 Mv.-en az 5-\u00f6s L\u00edc.-ban \u00e9retts\u00e9gizett (1964). A MOGYI fogorvosi Kar\u00e1n szerzett orvosi diplom\u00e1t (1970). Sim\u00e9nfalv\u00e1n, fogorvos, Sz\u00e9kelykereszt\u00faron dolgozott (1972\u2013), itt mag\u00e1nrendel\u0151t nyitott (1993\u20132010). K\u00e9t h\u00e1zass\u00e1g\u00e1b\u00f3l k\u00e9t fia \u00e9s k\u00e9t l\u00e1nya sz\u00fcletett. <br \/><strong>Irod.:<\/strong> Kiss Cs. M 4.<\/br><\/p>\n","protected":false},"excerpt":{"rendered":"<p>D\u00e9s, 1946. \u2020 Mv., 2019: fogorvos. \u2013 Mv.-en az 5-\u00f6s L\u00edc.-ban \u00e9retts\u00e9gizett (1964). A MOGYI fogorvosi Kar\u00e1n szerzett orvosi diplom\u00e1t (1970). Sim\u00e9nfalv\u00e1n, fogorvos, Sz\u00e9kelykereszt\u00faron dolgozott (1972\u2013), itt mag\u00e1nrendel\u0151t nyitott (1993\u20132010). K\u00e9t h\u00e1zass\u00e1g\u00e1b\u00f3l k\u00e9t fia \u00e9s k\u00e9t l\u00e1nya sz\u00fcletett. Irod.: Kiss Cs. M 4.<\/p>\n","protected":false},"featured_media":0,"comment_status":"open","ping_status":"closed","template":"","meta":[],"product_brand":[],"product_cat":[137],"product_tag":[],"class_list":{"0":"post-6343","1":"product","2":"type-product","3":"status-publish","5":"product_cat-maros-megyei-eletrajzi-lexikon","7":"first","8":"instock","9":"shipping-taxable","10":"product-type-simple"},"_links":{"self":[{"href":"https:\/\/uj.adatbank.ro\/lexikon\/wp-json\/wp\/v2\/product\/6343","targetHints":{"allow":["GET"]}}],"collection":[{"href":"https:\/\/uj.adatbank.ro\/lexikon\/wp-json\/wp\/v2\/product"}],"about":[{"href":"https:\/\/uj.adatbank.ro\/lexikon\/wp-json\/wp\/v2\/types\/product"}],"replies":[{"embeddable":true,"href":"https:\/\/uj.adatbank.ro\/lexikon\/wp-json\/wp\/v2\/comments?post=6343"}],"wp:attachment":[{"href":"https:\/\/uj.adatbank.ro\/lexikon\/wp-json\/wp\/v2\/media?parent=6343"}],"wp:term":[{"taxonomy":"product_brand","embeddable":true,"href":"https:\/\/uj.adatbank.ro\/lexikon\/wp-json\/wp\/v2\/product_brand?post=6343"},{"taxonomy":"product_cat","embeddable":true,"href":"https:\/\/uj.adatbank.ro\/lexikon\/wp-json\/wp\/v2\/product_cat?post=6343"},{"taxonomy":"product_tag","embeddable":true,"href":"https:\/\/uj.adatbank.ro\/lexikon\/wp-json\/wp\/v2\/product_tag?post=6343"}],"curies":[{"name":"wp","href":"https:\/\/api.w.org\/{rel}","templated":true}]}}