{"id":6344,"date":"2025-06-28T17:49:02","date_gmt":"2025-06-28T15:49:02","guid":{"rendered":"https:\/\/uj.adatbank.ro\/lexikon\/termek\/csomos-samuel-albisi\/"},"modified":"2025-06-28T17:49:02","modified_gmt":"2025-06-28T15:49:02","slug":"csomos-samuel-albisi","status":"publish","type":"product","link":"https:\/\/uj.adatbank.ro\/lexikon\/termek\/csomos-samuel-albisi\/","title":{"rendered":"CSOM\u00d3S S\u00e1muel, albisi"},"content":{"rendered":"<p>1744 k\u00f6r\u00fcl \u2020 Toldalalag, 1818. febr. 15): tan\u00edt\u00f3. \u2013 Subscrib\u00e1lt Kv.-on (1765 k.). Toldalagon volt mester hal\u00e1l\u00e1ig (1778\u20131818.). <br \/><strong>Irod.:<\/strong> \u0150sz<\/br><\/p>\n","protected":false},"excerpt":{"rendered":"<p>1744 k\u00f6r\u00fcl \u2020 Toldalalag, 1818. febr. 15): tan\u00edt\u00f3. \u2013 Subscrib\u00e1lt Kv.-on (1765 k.). Toldalagon volt mester hal\u00e1l\u00e1ig (1778\u20131818.). Irod.: \u0150sz<\/p>\n","protected":false},"featured_media":0,"comment_status":"open","ping_status":"closed","template":"","meta":[],"product_brand":[],"product_cat":[137],"product_tag":[],"class_list":{"0":"post-6344","1":"product","2":"type-product","3":"status-publish","5":"product_cat-maros-megyei-eletrajzi-lexikon","7":"first","8":"instock","9":"shipping-taxable","10":"product-type-simple"},"_links":{"self":[{"href":"https:\/\/uj.adatbank.ro\/lexikon\/wp-json\/wp\/v2\/product\/6344","targetHints":{"allow":["GET"]}}],"collection":[{"href":"https:\/\/uj.adatbank.ro\/lexikon\/wp-json\/wp\/v2\/product"}],"about":[{"href":"https:\/\/uj.adatbank.ro\/lexikon\/wp-json\/wp\/v2\/types\/product"}],"replies":[{"embeddable":true,"href":"https:\/\/uj.adatbank.ro\/lexikon\/wp-json\/wp\/v2\/comments?post=6344"}],"wp:attachment":[{"href":"https:\/\/uj.adatbank.ro\/lexikon\/wp-json\/wp\/v2\/media?parent=6344"}],"wp:term":[{"taxonomy":"product_brand","embeddable":true,"href":"https:\/\/uj.adatbank.ro\/lexikon\/wp-json\/wp\/v2\/product_brand?post=6344"},{"taxonomy":"product_cat","embeddable":true,"href":"https:\/\/uj.adatbank.ro\/lexikon\/wp-json\/wp\/v2\/product_cat?post=6344"},{"taxonomy":"product_tag","embeddable":true,"href":"https:\/\/uj.adatbank.ro\/lexikon\/wp-json\/wp\/v2\/product_tag?post=6344"}],"curies":[{"name":"wp","href":"https:\/\/api.w.org\/{rel}","templated":true}]}}