{"id":6347,"date":"2025-06-28T17:49:08","date_gmt":"2025-06-28T15:49:08","guid":{"rendered":"https:\/\/uj.adatbank.ro\/lexikon\/termek\/csomoss-gabor-albisi\/"},"modified":"2025-06-28T17:49:08","modified_gmt":"2025-06-28T15:49:08","slug":"csomoss-gabor-albisi","status":"publish","type":"product","link":"https:\/\/uj.adatbank.ro\/lexikon\/termek\/csomoss-gabor-albisi\/","title":{"rendered":"CSOMOSS G\u00e1bor, albisi"},"content":{"rendered":"<p>Albis, 1787.?, \u2020\u00a0\u00c1d\u00e1mos, 1854. dec. 1. Dec. 15. a temet\u00e9se napja: haszonb\u00e9rl\u0151, birtokos. \u2013 Apja: tal\u00e1n Csomoss Ferenc. \u2013 Feles\u00e9ge: Kib\u00e9di P\u00e9terffy Kata., Kib\u00e9di P\u00e9terffy Istv\u00e1n \u00e9s L\u00e9czfalvi Mih\u00e1ly Kl\u00e1ra le\u00e1nya (\u20201835. m\u00e1rc. 17., 75 \u00e9ves kor\u00e1ban. \u2013 Fi\u00fak: Mikl\u00f3s keresztel\u00e9se a s\u00f6v\u00e9nyfalvi ref. anyak\u00f6nyvben l\u00e1that\u00f3: 1830. okt. 18. \u2013 Cs. G. a k\u00e9zdisz\u00e9ki Albisb\u00f3l ker\u00fclt \u00c1d\u00e1mosra. <br \/><strong>Irod.:<\/strong> Kelemen Lajos 2006<\/br><\/p>\n","protected":false},"excerpt":{"rendered":"<p>Albis, 1787.?, \u2020\u00a0\u00c1d\u00e1mos, 1854. dec. 1. Dec. 15. a temet\u00e9se napja: haszonb\u00e9rl\u0151, birtokos. \u2013 Apja: tal\u00e1n Csomoss Ferenc. \u2013 Feles\u00e9ge: Kib\u00e9di P\u00e9terffy Kata., Kib\u00e9di P\u00e9terffy Istv\u00e1n \u00e9s L\u00e9czfalvi Mih\u00e1ly Kl\u00e1ra le\u00e1nya (\u20201835. m\u00e1rc. 17., 75 \u00e9ves kor\u00e1ban. \u2013 Fi\u00fak: Mikl\u00f3s keresztel\u00e9se a s\u00f6v\u00e9nyfalvi ref. anyak\u00f6nyvben l\u00e1that\u00f3: 1830. okt. 18. \u2013 Cs. G. a k\u00e9zdisz\u00e9ki Albisb\u00f3l [&hellip;]<\/p>\n","protected":false},"featured_media":0,"comment_status":"open","ping_status":"closed","template":"","meta":[],"product_brand":[],"product_cat":[137],"product_tag":[],"class_list":{"0":"post-6347","1":"product","2":"type-product","3":"status-publish","5":"product_cat-maros-megyei-eletrajzi-lexikon","7":"first","8":"instock","9":"shipping-taxable","10":"product-type-simple"},"_links":{"self":[{"href":"https:\/\/uj.adatbank.ro\/lexikon\/wp-json\/wp\/v2\/product\/6347","targetHints":{"allow":["GET"]}}],"collection":[{"href":"https:\/\/uj.adatbank.ro\/lexikon\/wp-json\/wp\/v2\/product"}],"about":[{"href":"https:\/\/uj.adatbank.ro\/lexikon\/wp-json\/wp\/v2\/types\/product"}],"replies":[{"embeddable":true,"href":"https:\/\/uj.adatbank.ro\/lexikon\/wp-json\/wp\/v2\/comments?post=6347"}],"wp:attachment":[{"href":"https:\/\/uj.adatbank.ro\/lexikon\/wp-json\/wp\/v2\/media?parent=6347"}],"wp:term":[{"taxonomy":"product_brand","embeddable":true,"href":"https:\/\/uj.adatbank.ro\/lexikon\/wp-json\/wp\/v2\/product_brand?post=6347"},{"taxonomy":"product_cat","embeddable":true,"href":"https:\/\/uj.adatbank.ro\/lexikon\/wp-json\/wp\/v2\/product_cat?post=6347"},{"taxonomy":"product_tag","embeddable":true,"href":"https:\/\/uj.adatbank.ro\/lexikon\/wp-json\/wp\/v2\/product_tag?post=6347"}],"curies":[{"name":"wp","href":"https:\/\/api.w.org\/{rel}","templated":true}]}}