{"id":6348,"date":"2025-06-28T17:49:09","date_gmt":"2025-06-28T15:49:09","guid":{"rendered":"https:\/\/uj.adatbank.ro\/lexikon\/termek\/csomoss-gyorgy-%c2%a7-albisi\/"},"modified":"2025-06-28T17:49:09","modified_gmt":"2025-06-28T15:49:09","slug":"csomoss-gyorgy-%c2%a7-albisi","status":"publish","type":"product","link":"https:\/\/uj.adatbank.ro\/lexikon\/termek\/csomoss-gyorgy-%c2%a7-albisi\/","title":{"rendered":"CSOMOSS Gy\u00f6rgy, \u00a7 albisi"},"content":{"rendered":"<p>\u00c1d\u00e1mos, 1894., \u2020\u00a0Mv., 1966: \u00e1llatorvos. \u2013 Apja gazdatiszt volt. Feles\u00e9ge: Illy\u00e9s Zsuzs\u00e1nna (1898\u20131959). \u2013 Az \u00e1llatorvosi f\u0151iskol\u00e1t Bp.-en v\u00e9gezte. R\u00e9szt vett az I. vh.-ban (1914\u201318), a mozg\u00f3s\u00edt\u00e1skor vonult be a katonai \u00e1llatorvosi akad.-ra. Majd a 20. hegyi \u00e9s a 19. t\u00e1b. t\u00fcz\u00e9rezreddel az alb\u00e1n harct\u00e9ren k\u00fczd\u00f6tt- a Fieri \u00e9s Berat k\u00f6r\u00fcli harcokban vett r\u00e9szt., mal\u00e1ri\u00e1val ker\u00fclt haza. A Sz\u00e9kely-hadoszt\u00e1lyban, majd a nemzeti hadseregben teljes\u00edtett szolg\u00e1latot (1918\u201322). F\u0151hadnagyi rangban szerelt le. V\u00e1g\u00f3h\u00edd igazgat\u00f3 Mv.-en. T\u00e9nyleges katonai \u00e1llatorvos lett majd a leszerel\u00e9s ut\u00e1n Sz\u00e1szr\u00e9genben dolgozott. Sportkedvel\u0151, akt\u00edv labdar\u00fag\u00f3, szenved\u00e9lyes vad\u00e1sz, a Mure\u015f vad\u00e1szt\u00e1rsas\u00e1g aleln\u00f6ke; a ref. egyh\u00e1z presbitere, valamennyi helybeli t\u00e1rsadalmi \u00e9s kultur\u00e1lis egyes\u00fclet tagja. <br \/><strong>Irod.:<\/strong> Er\u00add\u00e9lyi ezredek; Ki kicsoda\u00a0?; Kiss\u2013P\u00e9terffy\u2013P\u00e9terffy; <\/br><\/p>\n","protected":false},"excerpt":{"rendered":"<p>\u00c1d\u00e1mos, 1894., \u2020\u00a0Mv., 1966: \u00e1llatorvos. \u2013 Apja gazdatiszt volt. Feles\u00e9ge: Illy\u00e9s Zsuzs\u00e1nna (1898\u20131959). \u2013 Az \u00e1llatorvosi f\u0151iskol\u00e1t Bp.-en v\u00e9gezte. R\u00e9szt vett az I. vh.-ban (1914\u201318), a mozg\u00f3s\u00edt\u00e1skor vonult be a katonai \u00e1llatorvosi akad.-ra. Majd a 20. hegyi \u00e9s a 19. t\u00e1b. t\u00fcz\u00e9rezreddel az alb\u00e1n harct\u00e9ren k\u00fczd\u00f6tt- a Fieri \u00e9s Berat k\u00f6r\u00fcli harcokban vett r\u00e9szt., mal\u00e1ri\u00e1val [&hellip;]<\/p>\n","protected":false},"featured_media":0,"comment_status":"open","ping_status":"closed","template":"","meta":[],"product_brand":[],"product_cat":[137],"product_tag":[],"class_list":{"0":"post-6348","1":"product","2":"type-product","3":"status-publish","5":"product_cat-maros-megyei-eletrajzi-lexikon","7":"first","8":"instock","9":"shipping-taxable","10":"product-type-simple"},"_links":{"self":[{"href":"https:\/\/uj.adatbank.ro\/lexikon\/wp-json\/wp\/v2\/product\/6348","targetHints":{"allow":["GET"]}}],"collection":[{"href":"https:\/\/uj.adatbank.ro\/lexikon\/wp-json\/wp\/v2\/product"}],"about":[{"href":"https:\/\/uj.adatbank.ro\/lexikon\/wp-json\/wp\/v2\/types\/product"}],"replies":[{"embeddable":true,"href":"https:\/\/uj.adatbank.ro\/lexikon\/wp-json\/wp\/v2\/comments?post=6348"}],"wp:attachment":[{"href":"https:\/\/uj.adatbank.ro\/lexikon\/wp-json\/wp\/v2\/media?parent=6348"}],"wp:term":[{"taxonomy":"product_brand","embeddable":true,"href":"https:\/\/uj.adatbank.ro\/lexikon\/wp-json\/wp\/v2\/product_brand?post=6348"},{"taxonomy":"product_cat","embeddable":true,"href":"https:\/\/uj.adatbank.ro\/lexikon\/wp-json\/wp\/v2\/product_cat?post=6348"},{"taxonomy":"product_tag","embeddable":true,"href":"https:\/\/uj.adatbank.ro\/lexikon\/wp-json\/wp\/v2\/product_tag?post=6348"}],"curies":[{"name":"wp","href":"https:\/\/api.w.org\/{rel}","templated":true}]}}