{"id":6349,"date":"2025-06-28T17:49:10","date_gmt":"2025-06-28T15:49:10","guid":{"rendered":"https:\/\/uj.adatbank.ro\/lexikon\/termek\/csomoss-istvan-albisi\/"},"modified":"2025-06-28T17:49:10","modified_gmt":"2025-06-28T15:49:10","slug":"csomoss-istvan-albisi","status":"publish","type":"product","link":"https:\/\/uj.adatbank.ro\/lexikon\/termek\/csomoss-istvan-albisi\/","title":{"rendered":"CSOMOSS Istv\u00e1n, albisi"},"content":{"rendered":"<p>Uzdiszentp\u00e9ter, 1892., \u2020\u00a0?: mez\u0151gazd\u00e1sz, f\u0151hadnagy. \u2013 Okl. gazda, tisztvisel\u0151 Mv.-en. Az els\u0151 vh.-ban az I. tiroli cs\u00e1sz\u00e1r vad\u00e1sz ezredhez vonult be (1914), majd az 51. k\u00f6z\u00f6s gy. e. -el az orosz \u00e9s a francia fronton harcolt. Petrikow, Radom, Iwangorod, Lukow, Bresztlitovszk, Baranovice, Brestovica, Hermada, Verdun mellett, f\u0151hadnagy. Kit\u00fcntet\u00e9seket kapott. <br \/><strong>Irod.:<\/strong> Erd\u00e9lyi ezredek<\/br><\/p>\n","protected":false},"excerpt":{"rendered":"<p>Uzdiszentp\u00e9ter, 1892., \u2020\u00a0?: mez\u0151gazd\u00e1sz, f\u0151hadnagy. \u2013 Okl. gazda, tisztvisel\u0151 Mv.-en. Az els\u0151 vh.-ban az I. tiroli cs\u00e1sz\u00e1r vad\u00e1sz ezredhez vonult be (1914), majd az 51. k\u00f6z\u00f6s gy. e. -el az orosz \u00e9s a francia fronton harcolt. Petrikow, Radom, Iwangorod, Lukow, Bresztlitovszk, Baranovice, Brestovica, Hermada, Verdun mellett, f\u0151hadnagy. Kit\u00fcntet\u00e9seket kapott. Irod.: Erd\u00e9lyi ezredek<\/p>\n","protected":false},"featured_media":0,"comment_status":"open","ping_status":"closed","template":"","meta":[],"product_brand":[],"product_cat":[137],"product_tag":[],"class_list":{"0":"post-6349","1":"product","2":"type-product","3":"status-publish","5":"product_cat-maros-megyei-eletrajzi-lexikon","7":"first","8":"instock","9":"shipping-taxable","10":"product-type-simple"},"_links":{"self":[{"href":"https:\/\/uj.adatbank.ro\/lexikon\/wp-json\/wp\/v2\/product\/6349","targetHints":{"allow":["GET"]}}],"collection":[{"href":"https:\/\/uj.adatbank.ro\/lexikon\/wp-json\/wp\/v2\/product"}],"about":[{"href":"https:\/\/uj.adatbank.ro\/lexikon\/wp-json\/wp\/v2\/types\/product"}],"replies":[{"embeddable":true,"href":"https:\/\/uj.adatbank.ro\/lexikon\/wp-json\/wp\/v2\/comments?post=6349"}],"wp:attachment":[{"href":"https:\/\/uj.adatbank.ro\/lexikon\/wp-json\/wp\/v2\/media?parent=6349"}],"wp:term":[{"taxonomy":"product_brand","embeddable":true,"href":"https:\/\/uj.adatbank.ro\/lexikon\/wp-json\/wp\/v2\/product_brand?post=6349"},{"taxonomy":"product_cat","embeddable":true,"href":"https:\/\/uj.adatbank.ro\/lexikon\/wp-json\/wp\/v2\/product_cat?post=6349"},{"taxonomy":"product_tag","embeddable":true,"href":"https:\/\/uj.adatbank.ro\/lexikon\/wp-json\/wp\/v2\/product_tag?post=6349"}],"curies":[{"name":"wp","href":"https:\/\/api.w.org\/{rel}","templated":true}]}}