{"id":6350,"date":"2025-06-28T17:49:12","date_gmt":"2025-06-28T15:49:12","guid":{"rendered":"https:\/\/uj.adatbank.ro\/lexikon\/termek\/csomoss-jeno-albisi\/"},"modified":"2025-06-28T17:49:12","modified_gmt":"2025-06-28T15:49:12","slug":"csomoss-jeno-albisi","status":"publish","type":"product","link":"https:\/\/uj.adatbank.ro\/lexikon\/termek\/csomoss-jeno-albisi\/","title":{"rendered":"CSOMOSS Jen\u0151, albisi"},"content":{"rendered":"<p>Mez\u0151kapus, 1903. \u2020 Mv., 1968. m\u00e1rc. 31.: EMGE tiszts\u00e9gvisel\u0151. \u2013 A II. vh.-ban tart. z\u00e1szl\u00f3s rangban vett r\u00e9szt. Az EMGE mv.-i vezet\u0151je Bethlen G\u00e1bor \u00e9s \u0151 a helyettese volt (1944. szept. 28-ig). <br \/><strong>Irod.:<\/strong> Berekm\u00e9ri; Id\u0151t\u00e1r 4\u00a0; Kiss\u2013P\u00e9terffy\u2013P\u00e9terffy<\/br><\/p>\n","protected":false},"excerpt":{"rendered":"<p>Mez\u0151kapus, 1903. \u2020 Mv., 1968. m\u00e1rc. 31.: EMGE tiszts\u00e9gvisel\u0151. \u2013 A II. vh.-ban tart. z\u00e1szl\u00f3s rangban vett r\u00e9szt. Az EMGE mv.-i vezet\u0151je Bethlen G\u00e1bor \u00e9s \u0151 a helyettese volt (1944. szept. 28-ig). Irod.: Berekm\u00e9ri; Id\u0151t\u00e1r 4\u00a0; Kiss\u2013P\u00e9terffy\u2013P\u00e9terffy<\/p>\n","protected":false},"featured_media":0,"comment_status":"open","ping_status":"closed","template":"","meta":[],"product_brand":[],"product_cat":[137],"product_tag":[],"class_list":{"0":"post-6350","1":"product","2":"type-product","3":"status-publish","5":"product_cat-maros-megyei-eletrajzi-lexikon","7":"first","8":"instock","9":"shipping-taxable","10":"product-type-simple"},"_links":{"self":[{"href":"https:\/\/uj.adatbank.ro\/lexikon\/wp-json\/wp\/v2\/product\/6350","targetHints":{"allow":["GET"]}}],"collection":[{"href":"https:\/\/uj.adatbank.ro\/lexikon\/wp-json\/wp\/v2\/product"}],"about":[{"href":"https:\/\/uj.adatbank.ro\/lexikon\/wp-json\/wp\/v2\/types\/product"}],"replies":[{"embeddable":true,"href":"https:\/\/uj.adatbank.ro\/lexikon\/wp-json\/wp\/v2\/comments?post=6350"}],"wp:attachment":[{"href":"https:\/\/uj.adatbank.ro\/lexikon\/wp-json\/wp\/v2\/media?parent=6350"}],"wp:term":[{"taxonomy":"product_brand","embeddable":true,"href":"https:\/\/uj.adatbank.ro\/lexikon\/wp-json\/wp\/v2\/product_brand?post=6350"},{"taxonomy":"product_cat","embeddable":true,"href":"https:\/\/uj.adatbank.ro\/lexikon\/wp-json\/wp\/v2\/product_cat?post=6350"},{"taxonomy":"product_tag","embeddable":true,"href":"https:\/\/uj.adatbank.ro\/lexikon\/wp-json\/wp\/v2\/product_tag?post=6350"}],"curies":[{"name":"wp","href":"https:\/\/api.w.org\/{rel}","templated":true}]}}