{"id":6351,"date":"2025-06-28T17:49:14","date_gmt":"2025-06-28T15:49:14","guid":{"rendered":"https:\/\/uj.adatbank.ro\/lexikon\/termek\/csomoss-miklos-albisi\/"},"modified":"2025-06-28T17:49:14","modified_gmt":"2025-06-28T15:49:14","slug":"csomoss-miklos-albisi","status":"publish","type":"product","link":"https:\/\/uj.adatbank.ro\/lexikon\/termek\/csomoss-miklos-albisi\/","title":{"rendered":"CSOMOSS Mikl\u00f3s, albisi"},"content":{"rendered":"<p>\u00c1d\u00e1mos, 1830. okt. 18. keresztel\u00e9s napja, \u2020 \u00c1d\u00e1mos, 1905. jan. 7.: kisbirtokos. \u2013 \u0150t Kelemen Lajos t\u00f6rt\u00e9n\u00e9sz mint nagyapj\u00e1t eml\u00edti. Esk\u00fcv\u0151j\u00fckkor (1855. okt. 25). Cs. Mikl\u00f3s 25 \u00e9ves, feles\u00e9ge: Karathnai Bod\u00f3 R\u00f3za, 19 \u00e9ves, \u00c1d\u00e1moson halt meg, 87. \u00e9v\u00e9ben (1836\u20131923). Gyermekeik: Janka Nagyenyernei Kelemen Mikl\u00f3sn\u00e9, a fi\u00fak Lajos \u00e9s m\u00e9g \u00f6t gyermek; R\u00f3za Kolosv\u00e1ri Kolov\u00e1ry Domokosn\u00e9, Lilla Mez\u0151bodoni Kov\u00e1ts Mikl\u00f3sn\u00e9, Jen\u0151 Feles\u00e9ge Pap Anna, Anna Homor\u00f3dszentm\u00e1rtoni Veress S\u00e1ndorn\u00e9, G\u00e1bor feles\u00e9ge Kolosv\u00e1ri Erzs\u00e9bet. Esk\u00fcv\u0151j\u00fck egyszerre volt a mennyaszony testv\u00e9r\u00e9nek, a Bod\u00f3 Kl\u00e1ra \u00e9s Moln\u00e1r K\u00e1roly\u00e9val, aki haszonb\u00e9rl\u0151 volt Mez\u0151bodonban. &#8211; A mv.-i Ref. Koll. n\u00f6vend\u00e9kek\u00e9nt \u00e9rte az 1848-as forradalom kit\u00f6r\u00e9se. R\u00e9szt vett 1848\u201349-ben a magyar szabads\u00e1gharcban, mint a marossz\u00e9ki 87-ik sz\u00e9kely z\u00e1szl\u00f3alj egyik tizedese, eg\u00e9szen a d\u00e9vai fegyverlet\u00e9telig. Ott volt az agyagfalvi sz\u00e9kely nemzetgy\u0171l\u00e9sen is. Napl\u00f3t vezetett, de az 1849-es t\u00e1bori napl\u00f3ja elveszett, 1897.-ben \u00fajra le\u00edrta t\u00e1bori eml\u00e9keit, mely k\u00e9zirat Kelemen Lajos birtok\u00e1ban volt. Gazdatiszt (1851\u2013), egy ideig Kisk\u00fck\u00fcll\u0151 v\u00e1rmegye \u00fatbiztosa, ad\u00f3szed\u0151i hivatalnok is. Kisnemesi birtok\u00e1n gazd\u00e1lkodott. <br \/><strong>Irod.:<\/strong> Guly\u00e1s; Kelemen Lajos 2006<\/br><\/p>\n","protected":false},"excerpt":{"rendered":"<p>\u00c1d\u00e1mos, 1830. okt. 18. keresztel\u00e9s napja, \u2020 \u00c1d\u00e1mos, 1905. jan. 7.: kisbirtokos. \u2013 \u0150t Kelemen Lajos t\u00f6rt\u00e9n\u00e9sz mint nagyapj\u00e1t eml\u00edti. Esk\u00fcv\u0151j\u00fckkor (1855. okt. 25). Cs. Mikl\u00f3s 25 \u00e9ves, feles\u00e9ge: Karathnai Bod\u00f3 R\u00f3za, 19 \u00e9ves, \u00c1d\u00e1moson halt meg, 87. \u00e9v\u00e9ben (1836\u20131923). Gyermekeik: Janka Nagyenyernei Kelemen Mikl\u00f3sn\u00e9, a fi\u00fak Lajos \u00e9s m\u00e9g \u00f6t gyermek; R\u00f3za Kolosv\u00e1ri Kolov\u00e1ry [&hellip;]<\/p>\n","protected":false},"featured_media":0,"comment_status":"open","ping_status":"closed","template":"","meta":[],"product_brand":[],"product_cat":[137],"product_tag":[],"class_list":{"0":"post-6351","1":"product","2":"type-product","3":"status-publish","5":"product_cat-maros-megyei-eletrajzi-lexikon","7":"first","8":"instock","9":"shipping-taxable","10":"product-type-simple"},"_links":{"self":[{"href":"https:\/\/uj.adatbank.ro\/lexikon\/wp-json\/wp\/v2\/product\/6351","targetHints":{"allow":["GET"]}}],"collection":[{"href":"https:\/\/uj.adatbank.ro\/lexikon\/wp-json\/wp\/v2\/product"}],"about":[{"href":"https:\/\/uj.adatbank.ro\/lexikon\/wp-json\/wp\/v2\/types\/product"}],"replies":[{"embeddable":true,"href":"https:\/\/uj.adatbank.ro\/lexikon\/wp-json\/wp\/v2\/comments?post=6351"}],"wp:attachment":[{"href":"https:\/\/uj.adatbank.ro\/lexikon\/wp-json\/wp\/v2\/media?parent=6351"}],"wp:term":[{"taxonomy":"product_brand","embeddable":true,"href":"https:\/\/uj.adatbank.ro\/lexikon\/wp-json\/wp\/v2\/product_brand?post=6351"},{"taxonomy":"product_cat","embeddable":true,"href":"https:\/\/uj.adatbank.ro\/lexikon\/wp-json\/wp\/v2\/product_cat?post=6351"},{"taxonomy":"product_tag","embeddable":true,"href":"https:\/\/uj.adatbank.ro\/lexikon\/wp-json\/wp\/v2\/product_tag?post=6351"}],"curies":[{"name":"wp","href":"https:\/\/api.w.org\/{rel}","templated":true}]}}