{"id":6352,"date":"2025-06-28T17:49:24","date_gmt":"2025-06-28T15:49:24","guid":{"rendered":"https:\/\/uj.adatbank.ro\/lexikon\/termek\/csomoss-miklos-dr-albisi\/"},"modified":"2025-06-28T17:49:24","modified_gmt":"2025-06-28T15:49:24","slug":"csomoss-miklos-dr-albisi","status":"publish","type":"product","link":"https:\/\/uj.adatbank.ro\/lexikon\/termek\/csomoss-miklos-dr-albisi\/","title":{"rendered":"CSOMOSS Mikl\u00f3s, dr., albisi"},"content":{"rendered":"<p>Mez\u0151kapus, 1898. \u2020\u00a0Sv\u00e1jc, 1973 : orvos. \u2013 Feles\u00e9ge\u00a0: M\u00e1ty\u00e1s Anna (1915\u20132006). T\u00f6bbf\u00e9le magyar politikai szervezetben m\u0171k\u00f6d\u00f6tt. Bajcsy-Zsilinszky Endr\u00e9t prob\u00e1lta v\u00e9deni a hamis v\u00e1dakkal szemben, \u0151t rejtegette a Gestapo ellen. 20 \u00e9v b\u00f6rt\u00f6nre \u00edt\u00e9lt\u00e9k, 1955 v\u00e9g\u00e9n szabadult. Sv\u00e1jcban telepedett le, a hamvait hazahozt\u00e1k Mv.-re. Mv.-en temett\u00e9k a ref. temet\u0151be. <br \/><strong>Irod.:<\/strong> Kiss\u2013P\u00e9terffy\u2013P\u00e9terffy; Kiss Cs. M 4.<\/br><\/p>\n","protected":false},"excerpt":{"rendered":"<p>Mez\u0151kapus, 1898. \u2020\u00a0Sv\u00e1jc, 1973 : orvos. \u2013 Feles\u00e9ge\u00a0: M\u00e1ty\u00e1s Anna (1915\u20132006). T\u00f6bbf\u00e9le magyar politikai szervezetben m\u0171k\u00f6d\u00f6tt. Bajcsy-Zsilinszky Endr\u00e9t prob\u00e1lta v\u00e9deni a hamis v\u00e1dakkal szemben, \u0151t rejtegette a Gestapo ellen. 20 \u00e9v b\u00f6rt\u00f6nre \u00edt\u00e9lt\u00e9k, 1955 v\u00e9g\u00e9n szabadult. Sv\u00e1jcban telepedett le, a hamvait hazahozt\u00e1k Mv.-re. Mv.-en temett\u00e9k a ref. temet\u0151be. Irod.: Kiss\u2013P\u00e9terffy\u2013P\u00e9terffy; Kiss Cs. M 4.<\/p>\n","protected":false},"featured_media":0,"comment_status":"open","ping_status":"closed","template":"","meta":[],"product_brand":[],"product_cat":[137],"product_tag":[],"class_list":{"0":"post-6352","1":"product","2":"type-product","3":"status-publish","5":"product_cat-maros-megyei-eletrajzi-lexikon","7":"first","8":"instock","9":"shipping-taxable","10":"product-type-simple"},"_links":{"self":[{"href":"https:\/\/uj.adatbank.ro\/lexikon\/wp-json\/wp\/v2\/product\/6352","targetHints":{"allow":["GET"]}}],"collection":[{"href":"https:\/\/uj.adatbank.ro\/lexikon\/wp-json\/wp\/v2\/product"}],"about":[{"href":"https:\/\/uj.adatbank.ro\/lexikon\/wp-json\/wp\/v2\/types\/product"}],"replies":[{"embeddable":true,"href":"https:\/\/uj.adatbank.ro\/lexikon\/wp-json\/wp\/v2\/comments?post=6352"}],"wp:attachment":[{"href":"https:\/\/uj.adatbank.ro\/lexikon\/wp-json\/wp\/v2\/media?parent=6352"}],"wp:term":[{"taxonomy":"product_brand","embeddable":true,"href":"https:\/\/uj.adatbank.ro\/lexikon\/wp-json\/wp\/v2\/product_brand?post=6352"},{"taxonomy":"product_cat","embeddable":true,"href":"https:\/\/uj.adatbank.ro\/lexikon\/wp-json\/wp\/v2\/product_cat?post=6352"},{"taxonomy":"product_tag","embeddable":true,"href":"https:\/\/uj.adatbank.ro\/lexikon\/wp-json\/wp\/v2\/product_tag?post=6352"}],"curies":[{"name":"wp","href":"https:\/\/api.w.org\/{rel}","templated":true}]}}