{"id":6354,"date":"2025-06-28T17:49:27","date_gmt":"2025-06-28T15:49:27","guid":{"rendered":"https:\/\/uj.adatbank.ro\/lexikon\/termek\/csongvay-attila\/"},"modified":"2025-06-28T17:49:27","modified_gmt":"2025-06-28T15:49:27","slug":"csongvay-attila","status":"publish","type":"product","link":"https:\/\/uj.adatbank.ro\/lexikon\/termek\/csongvay-attila\/","title":{"rendered":"CSONGVAY Attila"},"content":{"rendered":"<p>Ny\u00e1r\u00e1dszentl\u00e1szl\u00f3, 1940. nov. 29., \u2020\u00a0Szentgerice, 1993. nov. 19.: unit. lelk\u00e9sz. \u2013 Teol\u00f3giai tanulm\u00e1nyait (1962) v\u00e9gezte. Gagyban (1962\u201371), Szentgeric\u00e9n unit. lelk\u00e9sz (1971. febr. 15. \u2013 1993. nov. 12.). Egyh\u00e1zk\u00f6ri jegyz\u0151. <br \/><strong>Irod.:<\/strong> Kelemen; Szentgerice; [Nekrol\u00f3g] (N\u00fa., 1993. nov. 20.); <\/br><\/p>\n","protected":false},"excerpt":{"rendered":"<p>Ny\u00e1r\u00e1dszentl\u00e1szl\u00f3, 1940. nov. 29., \u2020\u00a0Szentgerice, 1993. nov. 19.: unit. lelk\u00e9sz. \u2013 Teol\u00f3giai tanulm\u00e1nyait (1962) v\u00e9gezte. Gagyban (1962\u201371), Szentgeric\u00e9n unit. lelk\u00e9sz (1971. febr. 15. \u2013 1993. nov. 12.). Egyh\u00e1zk\u00f6ri jegyz\u0151. Irod.: Kelemen; Szentgerice; [Nekrol\u00f3g] (N\u00fa., 1993. nov. 20.);<\/p>\n","protected":false},"featured_media":0,"comment_status":"open","ping_status":"closed","template":"","meta":[],"product_brand":[],"product_cat":[137],"product_tag":[],"class_list":{"0":"post-6354","1":"product","2":"type-product","3":"status-publish","5":"product_cat-maros-megyei-eletrajzi-lexikon","7":"first","8":"instock","9":"shipping-taxable","10":"product-type-simple"},"_links":{"self":[{"href":"https:\/\/uj.adatbank.ro\/lexikon\/wp-json\/wp\/v2\/product\/6354","targetHints":{"allow":["GET"]}}],"collection":[{"href":"https:\/\/uj.adatbank.ro\/lexikon\/wp-json\/wp\/v2\/product"}],"about":[{"href":"https:\/\/uj.adatbank.ro\/lexikon\/wp-json\/wp\/v2\/types\/product"}],"replies":[{"embeddable":true,"href":"https:\/\/uj.adatbank.ro\/lexikon\/wp-json\/wp\/v2\/comments?post=6354"}],"wp:attachment":[{"href":"https:\/\/uj.adatbank.ro\/lexikon\/wp-json\/wp\/v2\/media?parent=6354"}],"wp:term":[{"taxonomy":"product_brand","embeddable":true,"href":"https:\/\/uj.adatbank.ro\/lexikon\/wp-json\/wp\/v2\/product_brand?post=6354"},{"taxonomy":"product_cat","embeddable":true,"href":"https:\/\/uj.adatbank.ro\/lexikon\/wp-json\/wp\/v2\/product_cat?post=6354"},{"taxonomy":"product_tag","embeddable":true,"href":"https:\/\/uj.adatbank.ro\/lexikon\/wp-json\/wp\/v2\/product_tag?post=6354"}],"curies":[{"name":"wp","href":"https:\/\/api.w.org\/{rel}","templated":true}]}}