{"id":6355,"date":"2025-06-28T17:49:28","date_gmt":"2025-06-28T15:49:28","guid":{"rendered":"https:\/\/uj.adatbank.ro\/lexikon\/termek\/csongvay-domokos\/"},"modified":"2025-06-28T17:49:28","modified_gmt":"2025-06-28T15:49:28","slug":"csongvay-domokos","status":"publish","type":"product","link":"https:\/\/uj.adatbank.ro\/lexikon\/termek\/csongvay-domokos\/","title":{"rendered":"CSONGVAY Domokos"},"content":{"rendered":"<p>1906.? \u2020\u00a0Mv., 1994. jan. 25.: adventista lelk\u00e9sz. <br \/><strong>Irod.:<\/strong> [Nekrol\u00f3g] (N\u00fa., 1994. jan. 26.)<\/br><\/p>\n","protected":false},"excerpt":{"rendered":"<p>1906.? \u2020\u00a0Mv., 1994. jan. 25.: adventista lelk\u00e9sz. Irod.: [Nekrol\u00f3g] (N\u00fa., 1994. jan. 26.)<\/p>\n","protected":false},"featured_media":0,"comment_status":"open","ping_status":"closed","template":"","meta":[],"product_brand":[],"product_cat":[137],"product_tag":[],"class_list":{"0":"post-6355","1":"product","2":"type-product","3":"status-publish","5":"product_cat-maros-megyei-eletrajzi-lexikon","7":"first","8":"instock","9":"shipping-taxable","10":"product-type-simple"},"_links":{"self":[{"href":"https:\/\/uj.adatbank.ro\/lexikon\/wp-json\/wp\/v2\/product\/6355","targetHints":{"allow":["GET"]}}],"collection":[{"href":"https:\/\/uj.adatbank.ro\/lexikon\/wp-json\/wp\/v2\/product"}],"about":[{"href":"https:\/\/uj.adatbank.ro\/lexikon\/wp-json\/wp\/v2\/types\/product"}],"replies":[{"embeddable":true,"href":"https:\/\/uj.adatbank.ro\/lexikon\/wp-json\/wp\/v2\/comments?post=6355"}],"wp:attachment":[{"href":"https:\/\/uj.adatbank.ro\/lexikon\/wp-json\/wp\/v2\/media?parent=6355"}],"wp:term":[{"taxonomy":"product_brand","embeddable":true,"href":"https:\/\/uj.adatbank.ro\/lexikon\/wp-json\/wp\/v2\/product_brand?post=6355"},{"taxonomy":"product_cat","embeddable":true,"href":"https:\/\/uj.adatbank.ro\/lexikon\/wp-json\/wp\/v2\/product_cat?post=6355"},{"taxonomy":"product_tag","embeddable":true,"href":"https:\/\/uj.adatbank.ro\/lexikon\/wp-json\/wp\/v2\/product_tag?post=6355"}],"curies":[{"name":"wp","href":"https:\/\/api.w.org\/{rel}","templated":true}]}}