{"id":6357,"date":"2025-06-28T17:49:32","date_gmt":"2025-06-28T15:49:32","guid":{"rendered":"https:\/\/uj.adatbank.ro\/lexikon\/termek\/csongvay-janos\/"},"modified":"2025-06-28T17:49:32","modified_gmt":"2025-06-28T15:49:32","slug":"csongvay-janos","status":"publish","type":"product","link":"https:\/\/uj.adatbank.ro\/lexikon\/termek\/csongvay-janos\/","title":{"rendered":"CSONGVAY J\u00e1nos"},"content":{"rendered":"<p>? \u2020\u00a0? : tisztvisel\u0151. \u2013 Cs. Lajos fia. \u2013 Vir\u00e1gkedvel\u0151 ember volt. A v\u00e1rmegy\u00e9n\u00e9l tisztvisel\u0151 (1918 ig), azut\u00e1n Andr\u00e1sfalv\u00e1n gazd\u00e1lkodott. Ford aut\u00f3 tulajdonos (1930. k.). Ny\u00e1r\u00e1dszered\u00e1ban f\u0151szolgab\u00edr\u00f3 (1940\u2013). A h\u00e1bor\u00fa ut\u00e1n elvett\u00e9k h\u00e1z\u00e1t, f\u00f6ldj\u00e9t, a Szabadi \u00fat v\u00e9g\u00e9be telepedett. <br \/><strong>Irod.:<\/strong> Kelemen; Sipos.<\/br><\/p>\n","protected":false},"excerpt":{"rendered":"<p>? \u2020\u00a0? : tisztvisel\u0151. \u2013 Cs. Lajos fia. \u2013 Vir\u00e1gkedvel\u0151 ember volt. A v\u00e1rmegy\u00e9n\u00e9l tisztvisel\u0151 (1918 ig), azut\u00e1n Andr\u00e1sfalv\u00e1n gazd\u00e1lkodott. Ford aut\u00f3 tulajdonos (1930. k.). Ny\u00e1r\u00e1dszered\u00e1ban f\u0151szolgab\u00edr\u00f3 (1940\u2013). A h\u00e1bor\u00fa ut\u00e1n elvett\u00e9k h\u00e1z\u00e1t, f\u00f6ldj\u00e9t, a Szabadi \u00fat v\u00e9g\u00e9be telepedett. Irod.: Kelemen; Sipos.<\/p>\n","protected":false},"featured_media":0,"comment_status":"open","ping_status":"closed","template":"","meta":[],"product_brand":[],"product_cat":[137],"product_tag":[],"class_list":{"0":"post-6357","1":"product","2":"type-product","3":"status-publish","5":"product_cat-maros-megyei-eletrajzi-lexikon","7":"first","8":"instock","9":"shipping-taxable","10":"product-type-simple"},"_links":{"self":[{"href":"https:\/\/uj.adatbank.ro\/lexikon\/wp-json\/wp\/v2\/product\/6357","targetHints":{"allow":["GET"]}}],"collection":[{"href":"https:\/\/uj.adatbank.ro\/lexikon\/wp-json\/wp\/v2\/product"}],"about":[{"href":"https:\/\/uj.adatbank.ro\/lexikon\/wp-json\/wp\/v2\/types\/product"}],"replies":[{"embeddable":true,"href":"https:\/\/uj.adatbank.ro\/lexikon\/wp-json\/wp\/v2\/comments?post=6357"}],"wp:attachment":[{"href":"https:\/\/uj.adatbank.ro\/lexikon\/wp-json\/wp\/v2\/media?parent=6357"}],"wp:term":[{"taxonomy":"product_brand","embeddable":true,"href":"https:\/\/uj.adatbank.ro\/lexikon\/wp-json\/wp\/v2\/product_brand?post=6357"},{"taxonomy":"product_cat","embeddable":true,"href":"https:\/\/uj.adatbank.ro\/lexikon\/wp-json\/wp\/v2\/product_cat?post=6357"},{"taxonomy":"product_tag","embeddable":true,"href":"https:\/\/uj.adatbank.ro\/lexikon\/wp-json\/wp\/v2\/product_tag?post=6357"}],"curies":[{"name":"wp","href":"https:\/\/api.w.org\/{rel}","templated":true}]}}