{"id":6358,"date":"2025-06-28T17:49:34","date_gmt":"2025-06-28T15:49:34","guid":{"rendered":"https:\/\/uj.adatbank.ro\/lexikon\/termek\/csongvay-karoly-csongvai-karoly-magyarcsesztvei-es-csegezi\/"},"modified":"2025-06-28T17:49:34","modified_gmt":"2025-06-28T15:49:34","slug":"csongvay-karoly-csongvai-karoly-magyarcsesztvei-es-csegezi","status":"publish","type":"product","link":"https:\/\/uj.adatbank.ro\/lexikon\/termek\/csongvay-karoly-csongvai-karoly-magyarcsesztvei-es-csegezi\/","title":{"rendered":"CSONGVAY K\u00e1roly, Csongvai K\u00e1roly; magyarcsesztvei \u00e9s csegezi"},"content":{"rendered":"<p>Torda, 1815., \u2020 Mv., 1900. m\u00e1j. 16.: \u00fcgyv\u00e9d, t\u00f6rv\u00e9nysz\u00e9ki eln\u00f6k, b\u00edr\u00f3, honv\u00e9d sz\u00e1zados. \u2013 Apja S\u00e1muel, rektor. Feles\u00e9ge: magyarcsesztvei Miske Kl\u00e1ra, ny\u00e1r\u00e1dandr\u00e1sfalvi birtokos l\u00e1nya, akinek anyja Keres\u0151 Borb\u00e1la, Erd\u00e9ly egyik legnagyobb \u00e1llatkeresked\u0151j\u00e9nek a le\u00e1nya volt. Fiaik: Cs. Lajos \u00e9s K\u00e1roly. \u2013 Jogot tanult Kv.-on. 1848\/49-ben nemzet\u0151rsz\u00e1zados, Mv.-en kir. t\u00f6rv\u00e9nysz\u00e9ki b\u00edr\u00f3, hites \u00fcgyv\u00e9d, Marossz\u00e9k utols\u00f3 v\u00e1lasztott t\u00f6rv\u00e9nysz\u00e9k\u00e9nek f\u0151\u00fcgy\u00e9sze volt, a t\u00f6rv\u00e9nyhat\u00f3s\u00e1gi bizotts\u00e1g tagja. K\u00f6z\u00f6lt a Jogtudom\u00e1nyi K\u00f6zl\u00f6ny-ben, sz\u00ednikritik\u00e1kat a kv.-i Honm\u0171v\u00e9szben, t\u00edz verse jelent meg a Rem\u00e9ny c. zsebk\u00f6nyvben (1839). \u2013 <strong>F. m.:<\/strong> <strong>antol\u00f3g.:<\/strong> Rem\u00e9ny: Zsebk\u00f6nyv (Kv., 1839). <br \/><strong>Irod.:<\/strong> Guly\u00e1s; Gy\u00e1szjelent\u0151; Kelemen; P\u00e1lmay; Sipos; Szinnyei; [Nekrol\u00f3g] (Sz\u00e9kely Lapok, 1900. m\u00e1j. 17.); <\/br><\/p>\n","protected":false},"excerpt":{"rendered":"<p>Torda, 1815., \u2020 Mv., 1900. m\u00e1j. 16.: \u00fcgyv\u00e9d, t\u00f6rv\u00e9nysz\u00e9ki eln\u00f6k, b\u00edr\u00f3, honv\u00e9d sz\u00e1zados. \u2013 Apja S\u00e1muel, rektor. Feles\u00e9ge: magyarcsesztvei Miske Kl\u00e1ra, ny\u00e1r\u00e1dandr\u00e1sfalvi birtokos l\u00e1nya, akinek anyja Keres\u0151 Borb\u00e1la, Erd\u00e9ly egyik legnagyobb \u00e1llatkeresked\u0151j\u00e9nek a le\u00e1nya volt. Fiaik: Cs. Lajos \u00e9s K\u00e1roly. \u2013 Jogot tanult Kv.-on. 1848\/49-ben nemzet\u0151rsz\u00e1zados, Mv.-en kir. t\u00f6rv\u00e9nysz\u00e9ki b\u00edr\u00f3, hites \u00fcgyv\u00e9d, Marossz\u00e9k utols\u00f3 v\u00e1lasztott [&hellip;]<\/p>\n","protected":false},"featured_media":0,"comment_status":"open","ping_status":"closed","template":"","meta":[],"product_brand":[],"product_cat":[137],"product_tag":[],"class_list":{"0":"post-6358","1":"product","2":"type-product","3":"status-publish","5":"product_cat-maros-megyei-eletrajzi-lexikon","7":"first","8":"instock","9":"shipping-taxable","10":"product-type-simple"},"_links":{"self":[{"href":"https:\/\/uj.adatbank.ro\/lexikon\/wp-json\/wp\/v2\/product\/6358","targetHints":{"allow":["GET"]}}],"collection":[{"href":"https:\/\/uj.adatbank.ro\/lexikon\/wp-json\/wp\/v2\/product"}],"about":[{"href":"https:\/\/uj.adatbank.ro\/lexikon\/wp-json\/wp\/v2\/types\/product"}],"replies":[{"embeddable":true,"href":"https:\/\/uj.adatbank.ro\/lexikon\/wp-json\/wp\/v2\/comments?post=6358"}],"wp:attachment":[{"href":"https:\/\/uj.adatbank.ro\/lexikon\/wp-json\/wp\/v2\/media?parent=6358"}],"wp:term":[{"taxonomy":"product_brand","embeddable":true,"href":"https:\/\/uj.adatbank.ro\/lexikon\/wp-json\/wp\/v2\/product_brand?post=6358"},{"taxonomy":"product_cat","embeddable":true,"href":"https:\/\/uj.adatbank.ro\/lexikon\/wp-json\/wp\/v2\/product_cat?post=6358"},{"taxonomy":"product_tag","embeddable":true,"href":"https:\/\/uj.adatbank.ro\/lexikon\/wp-json\/wp\/v2\/product_tag?post=6358"}],"curies":[{"name":"wp","href":"https:\/\/api.w.org\/{rel}","templated":true}]}}