{"id":6360,"date":"2025-06-28T17:49:36","date_gmt":"2025-06-28T15:49:36","guid":{"rendered":"https:\/\/uj.adatbank.ro\/lexikon\/termek\/csongvay-lajos\/"},"modified":"2025-06-28T17:49:36","modified_gmt":"2025-06-28T15:49:36","slug":"csongvay-lajos","status":"publish","type":"product","link":"https:\/\/uj.adatbank.ro\/lexikon\/termek\/csongvay-lajos\/","title":{"rendered":"CSONGVAY Lajos"},"content":{"rendered":"<p>B\u00e1gyon, 1906., \u2020\u00a0Mv., 1977.: unit. lelk\u00e9sz, vall\u00e1stan\u00e1r. \u2013 Tanulm\u00e1nyait Kv.-on teol\u00f3gi\u00e1n v\u00e9gezte, papp\u00e1 szentelt\u00e9k (1934). Nagyajt\u00e1n, Fogarason, Sz\u00e9kelykereszt\u00faron \u00e9s Brass\u00f3ban seg\u00e9dlelk\u00e9sz. Mint lelkip\u00e1sztor \u00e9s vall\u00e1stan\u00e1r Ny\u00e1r\u00e1dszentl\u00e1szl\u00f3n tev\u00e9kenykedett (1932. j\u00fan. 10. \u2013 1973. j\u00fal. 29.), tan\u00edtott (1944\u201346). Nagy J\u00e1nos lelk\u00e9sz munk\u00e1j\u00e1t folytatta, \u00fajj\u00e1alak\u00edtotta a Hangya Sz\u00f6vetkezetet, ennek \u00fcgyvezet\u0151je. Minden hazafias \u00e9s kultur\u00e1lis egyes\u00fclet vezet\u00e9s\u00e9ben r\u00e9szt vett. Mv.-re k\u00f6lt\u00f6z\u00f6tt (1976). <br \/><strong>Irod.:<\/strong> Csekme; Ny\u00e1r\u00e1dszentl\u00e1szl\u00f3; Sz\u00e9kelyf\u00f6ld \u00ed. k<\/br><\/p>\n","protected":false},"excerpt":{"rendered":"<p>B\u00e1gyon, 1906., \u2020\u00a0Mv., 1977.: unit. lelk\u00e9sz, vall\u00e1stan\u00e1r. \u2013 Tanulm\u00e1nyait Kv.-on teol\u00f3gi\u00e1n v\u00e9gezte, papp\u00e1 szentelt\u00e9k (1934). Nagyajt\u00e1n, Fogarason, Sz\u00e9kelykereszt\u00faron \u00e9s Brass\u00f3ban seg\u00e9dlelk\u00e9sz. Mint lelkip\u00e1sztor \u00e9s vall\u00e1stan\u00e1r Ny\u00e1r\u00e1dszentl\u00e1szl\u00f3n tev\u00e9kenykedett (1932. j\u00fan. 10. \u2013 1973. j\u00fal. 29.), tan\u00edtott (1944\u201346). Nagy J\u00e1nos lelk\u00e9sz munk\u00e1j\u00e1t folytatta, \u00fajj\u00e1alak\u00edtotta a Hangya Sz\u00f6vetkezetet, ennek \u00fcgyvezet\u0151je. Minden hazafias \u00e9s kultur\u00e1lis egyes\u00fclet vezet\u00e9s\u00e9ben r\u00e9szt vett. [&hellip;]<\/p>\n","protected":false},"featured_media":0,"comment_status":"open","ping_status":"closed","template":"","meta":[],"product_brand":[],"product_cat":[137],"product_tag":[],"class_list":{"0":"post-6360","1":"product","2":"type-product","3":"status-publish","5":"product_cat-maros-megyei-eletrajzi-lexikon","7":"first","8":"instock","9":"shipping-taxable","10":"product-type-simple"},"_links":{"self":[{"href":"https:\/\/uj.adatbank.ro\/lexikon\/wp-json\/wp\/v2\/product\/6360","targetHints":{"allow":["GET"]}}],"collection":[{"href":"https:\/\/uj.adatbank.ro\/lexikon\/wp-json\/wp\/v2\/product"}],"about":[{"href":"https:\/\/uj.adatbank.ro\/lexikon\/wp-json\/wp\/v2\/types\/product"}],"replies":[{"embeddable":true,"href":"https:\/\/uj.adatbank.ro\/lexikon\/wp-json\/wp\/v2\/comments?post=6360"}],"wp:attachment":[{"href":"https:\/\/uj.adatbank.ro\/lexikon\/wp-json\/wp\/v2\/media?parent=6360"}],"wp:term":[{"taxonomy":"product_brand","embeddable":true,"href":"https:\/\/uj.adatbank.ro\/lexikon\/wp-json\/wp\/v2\/product_brand?post=6360"},{"taxonomy":"product_cat","embeddable":true,"href":"https:\/\/uj.adatbank.ro\/lexikon\/wp-json\/wp\/v2\/product_cat?post=6360"},{"taxonomy":"product_tag","embeddable":true,"href":"https:\/\/uj.adatbank.ro\/lexikon\/wp-json\/wp\/v2\/product_tag?post=6360"}],"curies":[{"name":"wp","href":"https:\/\/api.w.org\/{rel}","templated":true}]}}