{"id":6361,"date":"2025-06-28T17:49:38","date_gmt":"2025-06-28T15:49:38","guid":{"rendered":"https:\/\/uj.adatbank.ro\/lexikon\/termek\/csongvay-lajos-%c2%a7magyarcsesztvei-es-csegezi\/"},"modified":"2025-06-28T17:49:38","modified_gmt":"2025-06-28T15:49:38","slug":"csongvay-lajos-%c2%a7magyarcsesztvei-es-csegezi","status":"publish","type":"product","link":"https:\/\/uj.adatbank.ro\/lexikon\/termek\/csongvay-lajos-%c2%a7magyarcsesztvei-es-csegezi\/","title":{"rendered":"CSONGVAY Lajos, \u00a7magyarcsesztvei \u00e9s csegezi"},"content":{"rendered":"<p>1840. m\u00e1rc. 11., \u2020\u00a0Mv., 1922. okt. 7. Ny\u00e1r\u00e1dandr\u00e1sfalv\u00e1n temett\u00e9k a csal\u00e1di s\u00edrboltba: \u00fcgyv\u00e9d, kamarai eln\u00f6k. \u2013 Cs. K\u00e1roly t\u00f6rv\u00e9nysz\u00e9ki tan\u00e1csos \u00e9s Miske Kl\u00e1ra fia. Feles\u00e9ge: 1. magyarcsesztvei Miske Kl\u00e1ra (\u2020\u00a0Ny\u00e1r\u00e1dandr\u00e1sfalva, 1898. dec. 2.), 2. Haj\u00f3s R\u00f3za, Haj\u00f3s Alfr\u00e9d olimpiai bajnok h\u00faga, a Mv.-i J\u00f3t\u00e9kony N\u0151egylet egyik vezet\u0151je volt (1912). Gyermekeik: dr. G\u00e9za, Kl\u00e1ra \u00e9s J\u00e1nos, v\u00e1rmegyei tisztvisel\u0151 (1918 ig). \u2013 Tanult a mv.-i Ref. Koll.-ban \u00e9s a kv.-i unit gimn.-ban, majd jogot v\u00e9gzett a kv.-i Jogakad. -\u00e1n (1876), tanult a B\u00e9csi Egy. Jogtud. Kar\u00e1n is (1872), Mv.-en \u00fcgyv\u00e9d, 28 \u00e9vig az \u00fcgyv\u00e9di kamara eln\u00f6ke, d\u00edszelen\u00f6ke (1916), megyei f\u0151\u00fcgy\u00e9sz, a megye tiszti f\u0151jegyz\u0151je (1877\u2013). Az EMKE Maros-Torda vm. \u00e9s Mv. sz. kir. v\u00e1rosi v\u00e1lasztm\u00e1ny\u00e1nak tagja (1885). A Kossuth-szobor Bizotts\u00e1g tb. eln\u00f6ke (1894\u201399). Maros-Torda megye tiszti f\u0151\u00fcgy\u00e9sze (1909). Az EMKE mv.-i v\u00e1rosi v\u00e1lasztm\u00e1ny\u00e1nak alap\u00edt\u00f3tagja (1885). Tev\u00e9kenykedett a Kaszin\u00f3 vezet\u0151s\u00e9g\u00e9ben, jogtan\u00e1csosa (1894) eln\u00f6ke is volt (1904\u201315), d\u00edszeln\u00f6kk\u00e9 v\u00e1lasztott\u00e1k (1919). Virilista (1913). Az Erd\u00e9lyi Kereskedelmi \u00e9s Hitelbank igazgat\u00f3s\u00e1gi tagja. A D\u00e1vid Ferenc egylet eln\u00f6ke. A marosk\u00f6ri unit. egyh\u00e1z fel\u00fcgyel\u0151 gondnoka. Lev\u00e9lben kapcsolatot tartott Ferencz J\u00f3zsef unit. p\u00fcsp\u00f6kkel. Teol\u00f3gusk\u00e9nt tagja volt az Unit. K\u00f6zl\u00f6ny, K\u00e9vek\u00f6t\u00e9s unit. lapok szerkeszt\u0151bizotts\u00e1g\u00e1nak. Megkapta a 3. o. Vaskorona rendet (1910). Besz\u00e9dei \u00e9s cikkei a mv.-i lapokban jelentek meg. <br \/><strong>Irod.:<\/strong> A IV Orsz\u00e1gos Patronage Kongresszus iratai (Kv., 1914); Bi\u00e1s Istv\u00e1n; EMKE120; Eml\u00e9kk\u00f6nyv a K. M. Term\u00e9szettudom\u00e1nyi T\u00e1rsulat f\u00e9lsz\u00e1zados jubileum\u00e1n (Bp., 1892); Ga\u00e1l 2001; Guly\u00e1s; Gy\u00e1szjelent\u0151; Id\u0151t\u00e1r 2; Id\u0151t\u00e1r 3; Kelemen; Maros megyei m. -s\u00e1g. 4.; P\u00e1lmay; Sipos; Szab\u00f3\u2013Simon\u2013Sz\u00f6gi; Szentgy\u00f6rgyi<\/br><\/p>\n","protected":false},"excerpt":{"rendered":"<p>1840. m\u00e1rc. 11., \u2020\u00a0Mv., 1922. okt. 7. Ny\u00e1r\u00e1dandr\u00e1sfalv\u00e1n temett\u00e9k a csal\u00e1di s\u00edrboltba: \u00fcgyv\u00e9d, kamarai eln\u00f6k. \u2013 Cs. K\u00e1roly t\u00f6rv\u00e9nysz\u00e9ki tan\u00e1csos \u00e9s Miske Kl\u00e1ra fia. Feles\u00e9ge: 1. magyarcsesztvei Miske Kl\u00e1ra (\u2020\u00a0Ny\u00e1r\u00e1dandr\u00e1sfalva, 1898. dec. 2.), 2. Haj\u00f3s R\u00f3za, Haj\u00f3s Alfr\u00e9d olimpiai bajnok h\u00faga, a Mv.-i J\u00f3t\u00e9kony N\u0151egylet egyik vezet\u0151je volt (1912). Gyermekeik: dr. G\u00e9za, Kl\u00e1ra \u00e9s J\u00e1nos, [&hellip;]<\/p>\n","protected":false},"featured_media":0,"comment_status":"open","ping_status":"closed","template":"","meta":[],"product_brand":[],"product_cat":[137],"product_tag":[],"class_list":{"0":"post-6361","1":"product","2":"type-product","3":"status-publish","5":"product_cat-maros-megyei-eletrajzi-lexikon","7":"first","8":"instock","9":"shipping-taxable","10":"product-type-simple"},"_links":{"self":[{"href":"https:\/\/uj.adatbank.ro\/lexikon\/wp-json\/wp\/v2\/product\/6361","targetHints":{"allow":["GET"]}}],"collection":[{"href":"https:\/\/uj.adatbank.ro\/lexikon\/wp-json\/wp\/v2\/product"}],"about":[{"href":"https:\/\/uj.adatbank.ro\/lexikon\/wp-json\/wp\/v2\/types\/product"}],"replies":[{"embeddable":true,"href":"https:\/\/uj.adatbank.ro\/lexikon\/wp-json\/wp\/v2\/comments?post=6361"}],"wp:attachment":[{"href":"https:\/\/uj.adatbank.ro\/lexikon\/wp-json\/wp\/v2\/media?parent=6361"}],"wp:term":[{"taxonomy":"product_brand","embeddable":true,"href":"https:\/\/uj.adatbank.ro\/lexikon\/wp-json\/wp\/v2\/product_brand?post=6361"},{"taxonomy":"product_cat","embeddable":true,"href":"https:\/\/uj.adatbank.ro\/lexikon\/wp-json\/wp\/v2\/product_cat?post=6361"},{"taxonomy":"product_tag","embeddable":true,"href":"https:\/\/uj.adatbank.ro\/lexikon\/wp-json\/wp\/v2\/product_tag?post=6361"}],"curies":[{"name":"wp","href":"https:\/\/api.w.org\/{rel}","templated":true}]}}