{"id":6362,"date":"2025-06-28T17:49:41","date_gmt":"2025-06-28T15:49:41","guid":{"rendered":"https:\/\/uj.adatbank.ro\/lexikon\/termek\/csonka-bela-ifj\/"},"modified":"2025-06-28T17:49:41","modified_gmt":"2025-06-28T15:49:41","slug":"csonka-bela-ifj","status":"publish","type":"product","link":"https:\/\/uj.adatbank.ro\/lexikon\/termek\/csonka-bela-ifj\/","title":{"rendered":"CSONKA B\u00e9la; ifj."},"content":{"rendered":"<p>? \u2020\u00a0? : f\u00e9nyk\u00e9p\u00e9sz. \u2013 M\u0171terme volt Mv.-en. (1890. k.), majd a F\u0151t\u00e9r 9. sz. alatt (1905. \u2013). <br \/><strong>Irod.:<\/strong> Mikl\u00f3si-Sikes; T\u00f6r\u00f6k G\u00e1sp\u00e1r: Visszapillant\u00e1s a fot\u00f3m\u0171v\u00e9szet v\u00e1s\u00e1rhelyi el\u0151zm\u00e9nyeire (N\u00fa., M\u00fazsa, 302. sz., 1997. j\u00fal. 11.)<\/br><\/p>\n","protected":false},"excerpt":{"rendered":"<p>? \u2020\u00a0? : f\u00e9nyk\u00e9p\u00e9sz. \u2013 M\u0171terme volt Mv.-en. (1890. k.), majd a F\u0151t\u00e9r 9. sz. alatt (1905. \u2013). Irod.: Mikl\u00f3si-Sikes; T\u00f6r\u00f6k G\u00e1sp\u00e1r: Visszapillant\u00e1s a fot\u00f3m\u0171v\u00e9szet v\u00e1s\u00e1rhelyi el\u0151zm\u00e9nyeire (N\u00fa., M\u00fazsa, 302. sz., 1997. j\u00fal. 11.)<\/p>\n","protected":false},"featured_media":0,"comment_status":"open","ping_status":"closed","template":"","meta":[],"product_brand":[],"product_cat":[137],"product_tag":[],"class_list":{"0":"post-6362","1":"product","2":"type-product","3":"status-publish","5":"product_cat-maros-megyei-eletrajzi-lexikon","7":"first","8":"instock","9":"shipping-taxable","10":"product-type-simple"},"_links":{"self":[{"href":"https:\/\/uj.adatbank.ro\/lexikon\/wp-json\/wp\/v2\/product\/6362","targetHints":{"allow":["GET"]}}],"collection":[{"href":"https:\/\/uj.adatbank.ro\/lexikon\/wp-json\/wp\/v2\/product"}],"about":[{"href":"https:\/\/uj.adatbank.ro\/lexikon\/wp-json\/wp\/v2\/types\/product"}],"replies":[{"embeddable":true,"href":"https:\/\/uj.adatbank.ro\/lexikon\/wp-json\/wp\/v2\/comments?post=6362"}],"wp:attachment":[{"href":"https:\/\/uj.adatbank.ro\/lexikon\/wp-json\/wp\/v2\/media?parent=6362"}],"wp:term":[{"taxonomy":"product_brand","embeddable":true,"href":"https:\/\/uj.adatbank.ro\/lexikon\/wp-json\/wp\/v2\/product_brand?post=6362"},{"taxonomy":"product_cat","embeddable":true,"href":"https:\/\/uj.adatbank.ro\/lexikon\/wp-json\/wp\/v2\/product_cat?post=6362"},{"taxonomy":"product_tag","embeddable":true,"href":"https:\/\/uj.adatbank.ro\/lexikon\/wp-json\/wp\/v2\/product_tag?post=6362"}],"curies":[{"name":"wp","href":"https:\/\/api.w.org\/{rel}","templated":true}]}}