{"id":6365,"date":"2025-06-28T17:49:53","date_gmt":"2025-06-28T15:49:53","guid":{"rendered":"https:\/\/uj.adatbank.ro\/lexikon\/termek\/csonka-jozsef\/"},"modified":"2025-06-28T17:49:53","modified_gmt":"2025-06-28T15:49:53","slug":"csonka-jozsef","status":"publish","type":"product","link":"https:\/\/uj.adatbank.ro\/lexikon\/termek\/csonka-jozsef\/","title":{"rendered":"CSONKA J\u00f3zsef"},"content":{"rendered":"<p>? \u2020 ? : gy\u00f3gyszer\u00e9sz. \u2013 Dics\u0151szentm\u00e1rtonban volt gy\u00f3gyszert\u00e1ra a k\u00e9t vh. k\u00f6z\u00f6tt. <br \/><strong>Irod.:<\/strong> Dics\u0151szentm\u00e1rton r\u00e9gi arca<\/br><\/p>\n","protected":false},"excerpt":{"rendered":"<p>? \u2020 ? : gy\u00f3gyszer\u00e9sz. \u2013 Dics\u0151szentm\u00e1rtonban volt gy\u00f3gyszert\u00e1ra a k\u00e9t vh. k\u00f6z\u00f6tt. Irod.: Dics\u0151szentm\u00e1rton r\u00e9gi arca<\/p>\n","protected":false},"featured_media":0,"comment_status":"open","ping_status":"closed","template":"","meta":[],"product_brand":[],"product_cat":[137],"product_tag":[],"class_list":{"0":"post-6365","1":"product","2":"type-product","3":"status-publish","5":"product_cat-maros-megyei-eletrajzi-lexikon","7":"first","8":"instock","9":"shipping-taxable","10":"product-type-simple"},"_links":{"self":[{"href":"https:\/\/uj.adatbank.ro\/lexikon\/wp-json\/wp\/v2\/product\/6365","targetHints":{"allow":["GET"]}}],"collection":[{"href":"https:\/\/uj.adatbank.ro\/lexikon\/wp-json\/wp\/v2\/product"}],"about":[{"href":"https:\/\/uj.adatbank.ro\/lexikon\/wp-json\/wp\/v2\/types\/product"}],"replies":[{"embeddable":true,"href":"https:\/\/uj.adatbank.ro\/lexikon\/wp-json\/wp\/v2\/comments?post=6365"}],"wp:attachment":[{"href":"https:\/\/uj.adatbank.ro\/lexikon\/wp-json\/wp\/v2\/media?parent=6365"}],"wp:term":[{"taxonomy":"product_brand","embeddable":true,"href":"https:\/\/uj.adatbank.ro\/lexikon\/wp-json\/wp\/v2\/product_brand?post=6365"},{"taxonomy":"product_cat","embeddable":true,"href":"https:\/\/uj.adatbank.ro\/lexikon\/wp-json\/wp\/v2\/product_cat?post=6365"},{"taxonomy":"product_tag","embeddable":true,"href":"https:\/\/uj.adatbank.ro\/lexikon\/wp-json\/wp\/v2\/product_tag?post=6365"}],"curies":[{"name":"wp","href":"https:\/\/api.w.org\/{rel}","templated":true}]}}