{"id":6367,"date":"2025-06-28T17:49:57","date_gmt":"2025-06-28T15:49:57","guid":{"rendered":"https:\/\/uj.adatbank.ro\/lexikon\/termek\/csont-benjamin\/"},"modified":"2025-06-28T17:49:57","modified_gmt":"2025-06-28T15:49:57","slug":"csont-benjamin","status":"publish","type":"product","link":"https:\/\/uj.adatbank.ro\/lexikon\/termek\/csont-benjamin\/","title":{"rendered":"CSONT Benjamin"},"content":{"rendered":"<p>B\u00fazah\u00e1za, 1912. \u00e1pr. 29., \u2020\u00a0?: gazd\u00e1lkod\u00f3. \u2013 Letart\u00f3ztatt\u00e1k (1959. m\u00e1j. 8.) \u00e9s a kollektiviz\u00e1l\u00e1s elleni izgat\u00e1s v\u00e1dj\u00e1val \u00e1ll\u00edtott\u00e1k b\u00edr\u00f3s\u00e1g el\u00e9. <br \/><strong>Irod.:<\/strong> 1956 Erd\u00e9lyben<\/br><\/p>\n","protected":false},"excerpt":{"rendered":"<p>B\u00fazah\u00e1za, 1912. \u00e1pr. 29., \u2020\u00a0?: gazd\u00e1lkod\u00f3. \u2013 Letart\u00f3ztatt\u00e1k (1959. m\u00e1j. 8.) \u00e9s a kollektiviz\u00e1l\u00e1s elleni izgat\u00e1s v\u00e1dj\u00e1val \u00e1ll\u00edtott\u00e1k b\u00edr\u00f3s\u00e1g el\u00e9. Irod.: 1956 Erd\u00e9lyben<\/p>\n","protected":false},"featured_media":0,"comment_status":"open","ping_status":"closed","template":"","meta":[],"product_brand":[],"product_cat":[137],"product_tag":[],"class_list":{"0":"post-6367","1":"product","2":"type-product","3":"status-publish","5":"product_cat-maros-megyei-eletrajzi-lexikon","7":"first","8":"instock","9":"shipping-taxable","10":"product-type-simple"},"_links":{"self":[{"href":"https:\/\/uj.adatbank.ro\/lexikon\/wp-json\/wp\/v2\/product\/6367","targetHints":{"allow":["GET"]}}],"collection":[{"href":"https:\/\/uj.adatbank.ro\/lexikon\/wp-json\/wp\/v2\/product"}],"about":[{"href":"https:\/\/uj.adatbank.ro\/lexikon\/wp-json\/wp\/v2\/types\/product"}],"replies":[{"embeddable":true,"href":"https:\/\/uj.adatbank.ro\/lexikon\/wp-json\/wp\/v2\/comments?post=6367"}],"wp:attachment":[{"href":"https:\/\/uj.adatbank.ro\/lexikon\/wp-json\/wp\/v2\/media?parent=6367"}],"wp:term":[{"taxonomy":"product_brand","embeddable":true,"href":"https:\/\/uj.adatbank.ro\/lexikon\/wp-json\/wp\/v2\/product_brand?post=6367"},{"taxonomy":"product_cat","embeddable":true,"href":"https:\/\/uj.adatbank.ro\/lexikon\/wp-json\/wp\/v2\/product_cat?post=6367"},{"taxonomy":"product_tag","embeddable":true,"href":"https:\/\/uj.adatbank.ro\/lexikon\/wp-json\/wp\/v2\/product_tag?post=6367"}],"curies":[{"name":"wp","href":"https:\/\/api.w.org\/{rel}","templated":true}]}}