{"id":6371,"date":"2025-06-28T17:50:03","date_gmt":"2025-06-28T15:50:03","guid":{"rendered":"https:\/\/uj.adatbank.ro\/lexikon\/termek\/csontos-arpad\/"},"modified":"2025-06-28T17:50:03","modified_gmt":"2025-06-28T15:50:03","slug":"csontos-arpad","status":"publish","type":"product","link":"https:\/\/uj.adatbank.ro\/lexikon\/termek\/csontos-arpad\/","title":{"rendered":"CSONTOS \u00c1rp\u00e1d"},"content":{"rendered":"<p>Mv., 1925. \u00e1pr. 23., \u2020\u00a0Mv., 2008. m\u00e1j. 6.: orvos. \u2013 Feles\u00e9ge: Bir\u00f3 M\u00e1rta (1935-\u00a0?). &#8211; A mv.-i Ref. Koll.-ban \u00e9retts\u00e9gizett (1944); orvosi oklevel\u00e9t a MOGYI \u00c1lt. Orvosi Kar\u00e1n szerzte (1951), az orvostudom\u00e1nyok doktora (1971). J\u00f3don k\u00f6rorvos (1951\u201354); Nagyb\u00e1ny\u00e1n k\u00f3rh\u00e1zi orvos (1954\u201355); Mv.-en laborat\u00f3riumi szakorvos (1955\u2013), f\u0151orvos. Az orvostudom\u00e1nyok doktor\u00e1v\u00e1 avatt\u00e1k (1971). Kutat\u00e1si ter\u00fclete: a gyomorb\u00e9ltraktus megbeteged\u00e9sei, a v\u00e9r katal\u00e1s aktivit\u00e1s\u00e1nak v\u00e1ltoz\u00e1sai. <strong>Cikkei:<\/strong> Orvosi Szemle, Orvosi Hetilap, Medicina Intern\u0103, Via\u0163a Medical\u0103, Romanian Journal of Gerontology and Geriatrics-ban. <br \/><strong>Irod.:<\/strong> Kiss\u2013P\u00e9terffy\u2013P\u00e9terffy; KKAC; [Nekrol\u00f3g] (N\u00fa., 2008. szept. 20.)<\/br><\/p>\n","protected":false},"excerpt":{"rendered":"<p>Mv., 1925. \u00e1pr. 23., \u2020\u00a0Mv., 2008. m\u00e1j. 6.: orvos. \u2013 Feles\u00e9ge: Bir\u00f3 M\u00e1rta (1935-\u00a0?). &#8211; A mv.-i Ref. Koll.-ban \u00e9retts\u00e9gizett (1944); orvosi oklevel\u00e9t a MOGYI \u00c1lt. Orvosi Kar\u00e1n szerzte (1951), az orvostudom\u00e1nyok doktora (1971). J\u00f3don k\u00f6rorvos (1951\u201354); Nagyb\u00e1ny\u00e1n k\u00f3rh\u00e1zi orvos (1954\u201355); Mv.-en laborat\u00f3riumi szakorvos (1955\u2013), f\u0151orvos. Az orvostudom\u00e1nyok doktor\u00e1v\u00e1 avatt\u00e1k (1971). Kutat\u00e1si ter\u00fclete: a gyomorb\u00e9ltraktus [&hellip;]<\/p>\n","protected":false},"featured_media":0,"comment_status":"open","ping_status":"closed","template":"","meta":[],"product_brand":[],"product_cat":[137],"product_tag":[],"class_list":{"0":"post-6371","1":"product","2":"type-product","3":"status-publish","5":"product_cat-maros-megyei-eletrajzi-lexikon","7":"first","8":"instock","9":"shipping-taxable","10":"product-type-simple"},"_links":{"self":[{"href":"https:\/\/uj.adatbank.ro\/lexikon\/wp-json\/wp\/v2\/product\/6371","targetHints":{"allow":["GET"]}}],"collection":[{"href":"https:\/\/uj.adatbank.ro\/lexikon\/wp-json\/wp\/v2\/product"}],"about":[{"href":"https:\/\/uj.adatbank.ro\/lexikon\/wp-json\/wp\/v2\/types\/product"}],"replies":[{"embeddable":true,"href":"https:\/\/uj.adatbank.ro\/lexikon\/wp-json\/wp\/v2\/comments?post=6371"}],"wp:attachment":[{"href":"https:\/\/uj.adatbank.ro\/lexikon\/wp-json\/wp\/v2\/media?parent=6371"}],"wp:term":[{"taxonomy":"product_brand","embeddable":true,"href":"https:\/\/uj.adatbank.ro\/lexikon\/wp-json\/wp\/v2\/product_brand?post=6371"},{"taxonomy":"product_cat","embeddable":true,"href":"https:\/\/uj.adatbank.ro\/lexikon\/wp-json\/wp\/v2\/product_cat?post=6371"},{"taxonomy":"product_tag","embeddable":true,"href":"https:\/\/uj.adatbank.ro\/lexikon\/wp-json\/wp\/v2\/product_tag?post=6371"}],"curies":[{"name":"wp","href":"https:\/\/api.w.org\/{rel}","templated":true}]}}