{"id":6372,"date":"2025-06-28T17:50:05","date_gmt":"2025-06-28T15:50:05","guid":{"rendered":"https:\/\/uj.adatbank.ro\/lexikon\/termek\/csontos-elek-%c2%a7-galfalvi-balazstelki-galfalvi-csontos-elek-balazstelki\/"},"modified":"2025-06-28T17:50:05","modified_gmt":"2025-06-28T15:50:05","slug":"csontos-elek-%c2%a7-galfalvi-balazstelki-galfalvi-csontos-elek-balazstelki","status":"publish","type":"product","link":"https:\/\/uj.adatbank.ro\/lexikon\/termek\/csontos-elek-%c2%a7-galfalvi-balazstelki-galfalvi-csontos-elek-balazstelki\/","title":{"rendered":"CSONTOS Elek, \u00a7, g\u00e1lfalvi, bal\u00e1zstelki; G\u00e1lfalvi Csontos Elek, bal\u00e1zstelki"},"content":{"rendered":"<p>Mez\u0151kok, 1893., \u2020\u00a0? : f\u00f6ldbirtokos. \u2013 Mv.-en voltak birtokai. R\u00e9szt vett az els\u0151 vh.-ban (1914\u2013), a 9. h. husz\u00e1rezreddel az orosz fronton harcolt, megsebes\u00fclt, kit\u00fcntet\u00e9sekkel szerelt le mint f\u0151hadnagy. <br \/><strong>Irod.:<\/strong> Erd\u00e9lyi ezredek<\/br><\/p>\n","protected":false},"excerpt":{"rendered":"<p>Mez\u0151kok, 1893., \u2020\u00a0? : f\u00f6ldbirtokos. \u2013 Mv.-en voltak birtokai. R\u00e9szt vett az els\u0151 vh.-ban (1914\u2013), a 9. h. husz\u00e1rezreddel az orosz fronton harcolt, megsebes\u00fclt, kit\u00fcntet\u00e9sekkel szerelt le mint f\u0151hadnagy. Irod.: Erd\u00e9lyi ezredek<\/p>\n","protected":false},"featured_media":0,"comment_status":"open","ping_status":"closed","template":"","meta":[],"product_brand":[],"product_cat":[137],"product_tag":[],"class_list":{"0":"post-6372","1":"product","2":"type-product","3":"status-publish","5":"product_cat-maros-megyei-eletrajzi-lexikon","7":"first","8":"instock","9":"shipping-taxable","10":"product-type-simple"},"_links":{"self":[{"href":"https:\/\/uj.adatbank.ro\/lexikon\/wp-json\/wp\/v2\/product\/6372","targetHints":{"allow":["GET"]}}],"collection":[{"href":"https:\/\/uj.adatbank.ro\/lexikon\/wp-json\/wp\/v2\/product"}],"about":[{"href":"https:\/\/uj.adatbank.ro\/lexikon\/wp-json\/wp\/v2\/types\/product"}],"replies":[{"embeddable":true,"href":"https:\/\/uj.adatbank.ro\/lexikon\/wp-json\/wp\/v2\/comments?post=6372"}],"wp:attachment":[{"href":"https:\/\/uj.adatbank.ro\/lexikon\/wp-json\/wp\/v2\/media?parent=6372"}],"wp:term":[{"taxonomy":"product_brand","embeddable":true,"href":"https:\/\/uj.adatbank.ro\/lexikon\/wp-json\/wp\/v2\/product_brand?post=6372"},{"taxonomy":"product_cat","embeddable":true,"href":"https:\/\/uj.adatbank.ro\/lexikon\/wp-json\/wp\/v2\/product_cat?post=6372"},{"taxonomy":"product_tag","embeddable":true,"href":"https:\/\/uj.adatbank.ro\/lexikon\/wp-json\/wp\/v2\/product_tag?post=6372"}],"curies":[{"name":"wp","href":"https:\/\/api.w.org\/{rel}","templated":true}]}}