{"id":6373,"date":"2025-06-28T17:50:08","date_gmt":"2025-06-28T15:50:08","guid":{"rendered":"https:\/\/uj.adatbank.ro\/lexikon\/termek\/csontos-elemer\/"},"modified":"2025-06-28T17:50:08","modified_gmt":"2025-06-28T15:50:08","slug":"csontos-elemer","status":"publish","type":"product","link":"https:\/\/uj.adatbank.ro\/lexikon\/termek\/csontos-elemer\/","title":{"rendered":"CSONTOS Elem\u00e9r"},"content":{"rendered":"<p>? \u2020\u00a0? : f\u0151\u00fcgy\u00e9sz. \u2013 F\u0151\u00fcgy\u00e9sz Mv.-en. A MT\u00e1rstud. Egyes\u00fclet tagja alakul\u00e1s\u00e1t\u00f3l (1907). <br \/><strong>Irod.:<\/strong> MT\u00e1rstud. Egyes\u00fclet<\/br><\/p>\n","protected":false},"excerpt":{"rendered":"<p>? \u2020\u00a0? : f\u0151\u00fcgy\u00e9sz. \u2013 F\u0151\u00fcgy\u00e9sz Mv.-en. A MT\u00e1rstud. Egyes\u00fclet tagja alakul\u00e1s\u00e1t\u00f3l (1907). Irod.: MT\u00e1rstud. Egyes\u00fclet<\/p>\n","protected":false},"featured_media":0,"comment_status":"open","ping_status":"closed","template":"","meta":[],"product_brand":[],"product_cat":[137],"product_tag":[],"class_list":{"0":"post-6373","1":"product","2":"type-product","3":"status-publish","5":"product_cat-maros-megyei-eletrajzi-lexikon","7":"first","8":"instock","9":"shipping-taxable","10":"product-type-simple"},"_links":{"self":[{"href":"https:\/\/uj.adatbank.ro\/lexikon\/wp-json\/wp\/v2\/product\/6373","targetHints":{"allow":["GET"]}}],"collection":[{"href":"https:\/\/uj.adatbank.ro\/lexikon\/wp-json\/wp\/v2\/product"}],"about":[{"href":"https:\/\/uj.adatbank.ro\/lexikon\/wp-json\/wp\/v2\/types\/product"}],"replies":[{"embeddable":true,"href":"https:\/\/uj.adatbank.ro\/lexikon\/wp-json\/wp\/v2\/comments?post=6373"}],"wp:attachment":[{"href":"https:\/\/uj.adatbank.ro\/lexikon\/wp-json\/wp\/v2\/media?parent=6373"}],"wp:term":[{"taxonomy":"product_brand","embeddable":true,"href":"https:\/\/uj.adatbank.ro\/lexikon\/wp-json\/wp\/v2\/product_brand?post=6373"},{"taxonomy":"product_cat","embeddable":true,"href":"https:\/\/uj.adatbank.ro\/lexikon\/wp-json\/wp\/v2\/product_cat?post=6373"},{"taxonomy":"product_tag","embeddable":true,"href":"https:\/\/uj.adatbank.ro\/lexikon\/wp-json\/wp\/v2\/product_tag?post=6373"}],"curies":[{"name":"wp","href":"https:\/\/api.w.org\/{rel}","templated":true}]}}